{"id":7302,"date":"2024-02-09T11:16:27","date_gmt":"2024-02-09T14:16:27","guid":{"rendered":"https:\/\/www.serpromin.cl\/store\/?post_type=product&#038;p=7302"},"modified":"2024-02-09T11:16:29","modified_gmt":"2024-02-09T14:16:29","slug":"baliza-xenon-ambar-2","status":"publish","type":"product","link":"https:\/\/www.serpromin.cl\/store\/producto\/baliza-xenon-ambar-2\/","title":{"rendered":"Baliza Xen\u00f3n \u00e1mbar"},"content":{"rendered":"<p>Baliza Xen\u00f3n \u00e1mbar<\/p>\n<ul>\n<li>150mm IP44<\/li>\n<li>220VAC<\/li>\n<li>L\u00e1mpara Estrobosc\u00f3pica<\/li>\n<li>QLIGHT<\/li>\n<\/ul>\n","protected":false},"excerpt":{"rendered":"<p>Baliza Xen\u00f3n \u00e1mbar 150mm IP44 220VAC L\u00e1mpara Estrobosc\u00f3pica QLIGHT<\/p>\n","protected":false},"featured_media":7303,"comment_status":"open","ping_status":"closed","template":"","meta":{"om_disable_all_campaigns":false,"_monsterinsights_skip_tracking":false,"_monsterinsights_sitenote_active":false,"_monsterinsights_sitenote_note":"","_monsterinsights_sitenote_category":0,"_uf_show_specific_survey":0,"_uf_disable_surveys":false},"product_brand":[],"product_cat":[146],"product_tag":[],"class_list":{"0":"post-7302","1":"product","2":"type-product","3":"status-publish","4":"has-post-thumbnail","6":"product_cat-proteccion-electrica","8":"first","9":"instock","10":"taxable","11":"shipping-taxable","12":"product-type-simple"},"_links":{"self":[{"href":"https:\/\/www.serpromin.cl\/store\/wp-json\/wp\/v2\/product\/7302","targetHints":{"allow":["GET"]}}],"collection":[{"href":"https:\/\/www.serpromin.cl\/store\/wp-json\/wp\/v2\/product"}],"about":[{"href":"https:\/\/www.serpromin.cl\/store\/wp-json\/wp\/v2\/types\/product"}],"replies":[{"embeddable":true,"href":"https:\/\/www.serpromin.cl\/store\/wp-json\/wp\/v2\/comments?post=7302"}],"wp:featuredmedia":[{"embeddable":true,"href":"https:\/\/www.serpromin.cl\/store\/wp-json\/wp\/v2\/media\/7303"}],"wp:attachment":[{"href":"https:\/\/www.serpromin.cl\/store\/wp-json\/wp\/v2\/media?parent=7302"}],"wp:term":[{"taxonomy":"product_brand","embeddable":true,"href":"https:\/\/www.serpromin.cl\/store\/wp-json\/wp\/v2\/product_brand?post=7302"},{"taxonomy":"product_cat","embeddable":true,"href":"https:\/\/www.serpromin.cl\/store\/wp-json\/wp\/v2\/product_cat?post=7302"},{"taxonomy":"product_tag","embeddable":true,"href":"https:\/\/www.serpromin.cl\/store\/wp-json\/wp\/v2\/product_tag?post=7302"}],"curies":[{"name":"wp","href":"https:\/\/api.w.org\/{rel}","templated":true}]}}