{"id":7283,"date":"2024-02-08T22:41:38","date_gmt":"2024-02-09T01:41:38","guid":{"rendered":"https:\/\/www.serpromin.cl\/store\/?post_type=product&#038;p=7283"},"modified":"2024-02-08T22:41:39","modified_gmt":"2024-02-09T01:41:39","slug":"equipo-puesta-tierra-bt","status":"publish","type":"product","link":"https:\/\/www.serpromin.cl\/store\/producto\/equipo-puesta-tierra-bt\/","title":{"rendered":"Equipo puesta tierra BT"},"content":{"rendered":"<p>Equipo puesta tierra BT<\/p>\n<ul>\n<li>Baja tensi\u00f3n<\/li>\n<li>L\u00ednea A\u00e9rea<\/li>\n<li>3,8kA<\/li>\n<li>SOFAMEL<\/li>\n<\/ul>\n","protected":false},"excerpt":{"rendered":"<p>Equipo puesta tierra BT Baja tensi\u00f3n L\u00ednea A\u00e9rea 3,8kA SOFAMEL<\/p>\n","protected":false},"featured_media":7284,"comment_status":"open","ping_status":"closed","template":"","meta":{"om_disable_all_campaigns":false,"_monsterinsights_skip_tracking":false,"_monsterinsights_sitenote_active":false,"_monsterinsights_sitenote_note":"","_monsterinsights_sitenote_category":0,"_uf_show_specific_survey":0,"_uf_disable_surveys":false},"product_brand":[],"product_cat":[146],"product_tag":[],"class_list":{"0":"post-7283","1":"product","2":"type-product","3":"status-publish","4":"has-post-thumbnail","6":"product_cat-proteccion-electrica","8":"first","9":"instock","10":"taxable","11":"shipping-taxable","12":"product-type-simple"},"_links":{"self":[{"href":"https:\/\/www.serpromin.cl\/store\/wp-json\/wp\/v2\/product\/7283","targetHints":{"allow":["GET"]}}],"collection":[{"href":"https:\/\/www.serpromin.cl\/store\/wp-json\/wp\/v2\/product"}],"about":[{"href":"https:\/\/www.serpromin.cl\/store\/wp-json\/wp\/v2\/types\/product"}],"replies":[{"embeddable":true,"href":"https:\/\/www.serpromin.cl\/store\/wp-json\/wp\/v2\/comments?post=7283"}],"wp:featuredmedia":[{"embeddable":true,"href":"https:\/\/www.serpromin.cl\/store\/wp-json\/wp\/v2\/media\/7284"}],"wp:attachment":[{"href":"https:\/\/www.serpromin.cl\/store\/wp-json\/wp\/v2\/media?parent=7283"}],"wp:term":[{"taxonomy":"product_brand","embeddable":true,"href":"https:\/\/www.serpromin.cl\/store\/wp-json\/wp\/v2\/product_brand?post=7283"},{"taxonomy":"product_cat","embeddable":true,"href":"https:\/\/www.serpromin.cl\/store\/wp-json\/wp\/v2\/product_cat?post=7283"},{"taxonomy":"product_tag","embeddable":true,"href":"https:\/\/www.serpromin.cl\/store\/wp-json\/wp\/v2\/product_tag?post=7283"}],"curies":[{"name":"wp","href":"https:\/\/api.w.org\/{rel}","templated":true}]}}