{"id":7249,"date":"2024-02-05T15:19:43","date_gmt":"2024-02-05T18:19:43","guid":{"rendered":"https:\/\/www.serpromin.cl\/store\/?post_type=product&#038;p=7249"},"modified":"2024-02-05T15:19:45","modified_gmt":"2024-02-05T18:19:45","slug":"guante-de-cuero","status":"publish","type":"product","link":"https:\/\/www.serpromin.cl\/store\/producto\/guante-de-cuero\/","title":{"rendered":"Guante de cuero"},"content":{"rendered":"<p><strong>Guantes de cuero para protecci\u00f3n mec\u00e1nica<\/strong><\/p>\n<p>Guantes de trabajo para proteger las manos de riesgos mec\u00e1nicos. Adecuado para cualquier tipo de trabajo donde las manos deban ser protegidas. Guantes confeccionados con piel-flor de vacuno gris o amarillo.<\/p>\n<ul>\n<li>Norma: EN388-2122 y EN420<\/li>\n<li>Material: Piel-flor de vacuno<\/li>\n<li>Color: Blanco<\/li>\n<\/ul>\n","protected":false},"excerpt":{"rendered":"<p>Guantes de cuero para protecci\u00f3n mec\u00e1nica Guantes de trabajo para proteger las manos de riesgos mec\u00e1nicos. Adecuado para cualquier tipo de trabajo donde las manos deban ser protegidas. Guantes confeccionados con piel-flor de vacuno gris o amarillo. Norma: EN388-2122 y EN420 Material: Piel-flor de vacuno Color: Blanco<\/p>\n","protected":false},"featured_media":7250,"comment_status":"open","ping_status":"closed","template":"","meta":{"om_disable_all_campaigns":false,"_monsterinsights_skip_tracking":false,"_monsterinsights_sitenote_active":false,"_monsterinsights_sitenote_note":"","_monsterinsights_sitenote_category":0,"_uf_show_specific_survey":0,"_uf_disable_surveys":false},"product_brand":[],"product_cat":[146],"product_tag":[],"class_list":{"0":"post-7249","1":"product","2":"type-product","3":"status-publish","4":"has-post-thumbnail","6":"product_cat-proteccion-electrica","8":"first","9":"instock","10":"taxable","11":"shipping-taxable","12":"product-type-simple"},"_links":{"self":[{"href":"https:\/\/www.serpromin.cl\/store\/wp-json\/wp\/v2\/product\/7249","targetHints":{"allow":["GET"]}}],"collection":[{"href":"https:\/\/www.serpromin.cl\/store\/wp-json\/wp\/v2\/product"}],"about":[{"href":"https:\/\/www.serpromin.cl\/store\/wp-json\/wp\/v2\/types\/product"}],"replies":[{"embeddable":true,"href":"https:\/\/www.serpromin.cl\/store\/wp-json\/wp\/v2\/comments?post=7249"}],"wp:featuredmedia":[{"embeddable":true,"href":"https:\/\/www.serpromin.cl\/store\/wp-json\/wp\/v2\/media\/7250"}],"wp:attachment":[{"href":"https:\/\/www.serpromin.cl\/store\/wp-json\/wp\/v2\/media?parent=7249"}],"wp:term":[{"taxonomy":"product_brand","embeddable":true,"href":"https:\/\/www.serpromin.cl\/store\/wp-json\/wp\/v2\/product_brand?post=7249"},{"taxonomy":"product_cat","embeddable":true,"href":"https:\/\/www.serpromin.cl\/store\/wp-json\/wp\/v2\/product_cat?post=7249"},{"taxonomy":"product_tag","embeddable":true,"href":"https:\/\/www.serpromin.cl\/store\/wp-json\/wp\/v2\/product_tag?post=7249"}],"curies":[{"name":"wp","href":"https:\/\/api.w.org\/{rel}","templated":true}]}}