{"id":7247,"date":"2024-02-05T12:52:47","date_gmt":"2024-02-05T15:52:47","guid":{"rendered":"https:\/\/www.serpromin.cl\/store\/?post_type=product&#038;p=7247"},"modified":"2024-02-05T12:52:47","modified_gmt":"2024-02-05T15:52:47","slug":"guantes-de-proteccion-t10","status":"publish","type":"product","link":"https:\/\/www.serpromin.cl\/store\/producto\/guantes-de-proteccion-t10\/","title":{"rendered":"Guantes de protecci\u00f3n T10"},"content":{"rendered":"<p>Guantes de protecci\u00f3n mec\u00e1nica<\/p>\n<p>Protecci\u00f3n contra cortes, especial sensibilidad y tacto<\/p>\n<ul>\n<li>Norma: EN388-4241 y EN420<\/li>\n<li>Material: tejido en polietileno de alto rendimiento ba\u00f1ados en nitrilo<\/li>\n<li>Color: Gris<\/li>\n<li>Ref: SH-350R T10<\/li>\n<\/ul>\n","protected":false},"excerpt":{"rendered":"<p>Guantes de protecci\u00f3n mec\u00e1nica Protecci\u00f3n contra cortes, especial sensibilidad y tacto Norma: EN388-4241 y EN420 Material: tejido en polietileno de alto rendimiento ba\u00f1ados en nitrilo Color: Gris Ref: SH-350R T10<\/p>\n","protected":false},"featured_media":7248,"comment_status":"open","ping_status":"closed","template":"","meta":{"om_disable_all_campaigns":false,"_monsterinsights_skip_tracking":false,"_monsterinsights_sitenote_active":false,"_monsterinsights_sitenote_note":"","_monsterinsights_sitenote_category":0,"_uf_show_specific_survey":0,"_uf_disable_surveys":false},"product_brand":[],"product_cat":[146],"product_tag":[],"class_list":{"0":"post-7247","1":"product","2":"type-product","3":"status-publish","4":"has-post-thumbnail","6":"product_cat-proteccion-electrica","8":"first","9":"instock","10":"taxable","11":"shipping-taxable","12":"product-type-simple"},"_links":{"self":[{"href":"https:\/\/www.serpromin.cl\/store\/wp-json\/wp\/v2\/product\/7247","targetHints":{"allow":["GET"]}}],"collection":[{"href":"https:\/\/www.serpromin.cl\/store\/wp-json\/wp\/v2\/product"}],"about":[{"href":"https:\/\/www.serpromin.cl\/store\/wp-json\/wp\/v2\/types\/product"}],"replies":[{"embeddable":true,"href":"https:\/\/www.serpromin.cl\/store\/wp-json\/wp\/v2\/comments?post=7247"}],"wp:featuredmedia":[{"embeddable":true,"href":"https:\/\/www.serpromin.cl\/store\/wp-json\/wp\/v2\/media\/7248"}],"wp:attachment":[{"href":"https:\/\/www.serpromin.cl\/store\/wp-json\/wp\/v2\/media?parent=7247"}],"wp:term":[{"taxonomy":"product_brand","embeddable":true,"href":"https:\/\/www.serpromin.cl\/store\/wp-json\/wp\/v2\/product_brand?post=7247"},{"taxonomy":"product_cat","embeddable":true,"href":"https:\/\/www.serpromin.cl\/store\/wp-json\/wp\/v2\/product_cat?post=7247"},{"taxonomy":"product_tag","embeddable":true,"href":"https:\/\/www.serpromin.cl\/store\/wp-json\/wp\/v2\/product_tag?post=7247"}],"curies":[{"name":"wp","href":"https:\/\/api.w.org\/{rel}","templated":true}]}}