{"id":7245,"date":"2024-02-05T12:44:30","date_gmt":"2024-02-05T15:44:30","guid":{"rendered":"https:\/\/www.serpromin.cl\/store\/?post_type=product&#038;p=7245"},"modified":"2024-02-05T12:44:33","modified_gmt":"2024-02-05T15:44:33","slug":"cinturon-de-sujecion","status":"publish","type":"product","link":"https:\/\/www.serpromin.cl\/store\/producto\/cinturon-de-sujecion\/","title":{"rendered":"Cintur\u00f3n de Sujeci\u00f3n"},"content":{"rendered":"<p>Cintur\u00f3n de sujeci\u00f3n con cuerda<\/p>\n<ul>\n<li>Cintur\u00f3n de sujeci\u00f3n seg\u00fan norma EN358 con faja acolchada.<\/li>\n<li>Dispone de una anilla en cada extremo para acoplar un elemento de amarre.<\/li>\n<li>Se suministra con la cuerda regulable SO-07 y un mosquet\u00f3n SO-74<\/li>\n<\/ul>\n","protected":false},"excerpt":{"rendered":"<p>Cintur\u00f3n de sujeci\u00f3n con cuerda Cintur\u00f3n de sujeci\u00f3n seg\u00fan norma EN358 con faja acolchada. Dispone de una anilla en cada extremo para acoplar un elemento de amarre. Se suministra con la cuerda regulable SO-07 y un mosquet\u00f3n SO-74<\/p>\n","protected":false},"featured_media":7246,"comment_status":"open","ping_status":"closed","template":"","meta":{"om_disable_all_campaigns":false,"_monsterinsights_skip_tracking":false,"_monsterinsights_sitenote_active":false,"_monsterinsights_sitenote_note":"","_monsterinsights_sitenote_category":0,"_uf_show_specific_survey":0,"_uf_disable_surveys":false},"product_brand":[],"product_cat":[146],"product_tag":[],"class_list":{"0":"post-7245","1":"product","2":"type-product","3":"status-publish","4":"has-post-thumbnail","6":"product_cat-proteccion-electrica","8":"first","9":"instock","10":"taxable","11":"shipping-taxable","12":"product-type-simple"},"_links":{"self":[{"href":"https:\/\/www.serpromin.cl\/store\/wp-json\/wp\/v2\/product\/7245","targetHints":{"allow":["GET"]}}],"collection":[{"href":"https:\/\/www.serpromin.cl\/store\/wp-json\/wp\/v2\/product"}],"about":[{"href":"https:\/\/www.serpromin.cl\/store\/wp-json\/wp\/v2\/types\/product"}],"replies":[{"embeddable":true,"href":"https:\/\/www.serpromin.cl\/store\/wp-json\/wp\/v2\/comments?post=7245"}],"wp:featuredmedia":[{"embeddable":true,"href":"https:\/\/www.serpromin.cl\/store\/wp-json\/wp\/v2\/media\/7246"}],"wp:attachment":[{"href":"https:\/\/www.serpromin.cl\/store\/wp-json\/wp\/v2\/media?parent=7245"}],"wp:term":[{"taxonomy":"product_brand","embeddable":true,"href":"https:\/\/www.serpromin.cl\/store\/wp-json\/wp\/v2\/product_brand?post=7245"},{"taxonomy":"product_cat","embeddable":true,"href":"https:\/\/www.serpromin.cl\/store\/wp-json\/wp\/v2\/product_cat?post=7245"},{"taxonomy":"product_tag","embeddable":true,"href":"https:\/\/www.serpromin.cl\/store\/wp-json\/wp\/v2\/product_tag?post=7245"}],"curies":[{"name":"wp","href":"https:\/\/api.w.org\/{rel}","templated":true}]}}