{"id":7243,"date":"2024-02-05T12:23:20","date_gmt":"2024-02-05T15:23:20","guid":{"rendered":"https:\/\/www.serpromin.cl\/store\/?post_type=product&#038;p=7243"},"modified":"2024-02-05T12:23:22","modified_gmt":"2024-02-05T15:23:22","slug":"cuerda-ajustable","status":"publish","type":"product","link":"https:\/\/www.serpromin.cl\/store\/producto\/cuerda-ajustable\/","title":{"rendered":"Cuerda Ajustable"},"content":{"rendered":"<p><strong>Cuerda Ajustable Sofamel<\/strong><\/p>\n<ul>\n<li>Elemento de amarre regulable de 0,85 m a 1,35 m de longitud<\/li>\n<li>Fabricado con cuerda semiest\u00e1tica de 11 mm de di\u00e1metro.<\/li>\n<li>Se suministra con un mosquet\u00f3n integrado.<\/li>\n<li>Seg\u00fan norma UNE-EN 354.<\/li>\n<\/ul>\n","protected":false},"excerpt":{"rendered":"<p>Cuerda Ajustable Sofamel Elemento de amarre regulable de 0,85 m a 1,35 m de longitud Fabricado con cuerda semiest\u00e1tica de 11 mm de di\u00e1metro. Se suministra con un mosquet\u00f3n integrado. Seg\u00fan norma UNE-EN 354.<\/p>\n","protected":false},"featured_media":7244,"comment_status":"open","ping_status":"closed","template":"","meta":{"om_disable_all_campaigns":false,"_monsterinsights_skip_tracking":false,"_monsterinsights_sitenote_active":false,"_monsterinsights_sitenote_note":"","_monsterinsights_sitenote_category":0,"_uf_show_specific_survey":0,"_uf_disable_surveys":false},"product_brand":[],"product_cat":[146],"product_tag":[],"class_list":{"0":"post-7243","1":"product","2":"type-product","3":"status-publish","4":"has-post-thumbnail","6":"product_cat-proteccion-electrica","8":"first","9":"instock","10":"taxable","11":"shipping-taxable","12":"product-type-simple"},"_links":{"self":[{"href":"https:\/\/www.serpromin.cl\/store\/wp-json\/wp\/v2\/product\/7243","targetHints":{"allow":["GET"]}}],"collection":[{"href":"https:\/\/www.serpromin.cl\/store\/wp-json\/wp\/v2\/product"}],"about":[{"href":"https:\/\/www.serpromin.cl\/store\/wp-json\/wp\/v2\/types\/product"}],"replies":[{"embeddable":true,"href":"https:\/\/www.serpromin.cl\/store\/wp-json\/wp\/v2\/comments?post=7243"}],"wp:featuredmedia":[{"embeddable":true,"href":"https:\/\/www.serpromin.cl\/store\/wp-json\/wp\/v2\/media\/7244"}],"wp:attachment":[{"href":"https:\/\/www.serpromin.cl\/store\/wp-json\/wp\/v2\/media?parent=7243"}],"wp:term":[{"taxonomy":"product_brand","embeddable":true,"href":"https:\/\/www.serpromin.cl\/store\/wp-json\/wp\/v2\/product_brand?post=7243"},{"taxonomy":"product_cat","embeddable":true,"href":"https:\/\/www.serpromin.cl\/store\/wp-json\/wp\/v2\/product_cat?post=7243"},{"taxonomy":"product_tag","embeddable":true,"href":"https:\/\/www.serpromin.cl\/store\/wp-json\/wp\/v2\/product_tag?post=7243"}],"curies":[{"name":"wp","href":"https:\/\/api.w.org\/{rel}","templated":true}]}}