{"id":7219,"date":"2024-01-17T23:36:54","date_gmt":"2024-01-18T02:36:54","guid":{"rendered":"https:\/\/www.serpromin.cl\/store\/?post_type=product&#038;p=7219"},"modified":"2024-01-17T23:36:55","modified_gmt":"2024-01-18T02:36:55","slug":"detector-de-voltaje-led","status":"publish","type":"product","link":"https:\/\/www.serpromin.cl\/store\/producto\/detector-de-voltaje-led\/","title":{"rendered":"Detector de Voltaje LED"},"content":{"rendered":"<h3>Especificaciones del Producto<\/h3>\n<p>Verificador de tensi\u00f3n con discriminador de fase dotado de dos p\u00e9rtigas. La presencia de tensi\u00f3n y la prueba de continuidad se indican mediante se\u00f1al \u00f3ptica con LEDs<\/p>\n<ul>\n<li>Monitor \u00f3ptico: 12 LEDs<\/li>\n<li>Panel de control con la punta del dedo \/ bot\u00f3n RCD<\/li>\n<li>Rango de medida rango autom\u00e1tico<\/li>\n<li>Rango de tensi\u00f3n 6 &#8211; 1000V AC\/DC, 0 &#8211; 400Hz<\/li>\n<li>Prueba de continuidad 0 &#8211; 50k con se\u00f1al ac\u00fastica<\/li>\n<li>Indicaci\u00f3n de fase &gt; 100V AC<\/li>\n<li>Carga conmutable Is ~ 30mA ED(DT) = 30 seg.<\/li>\n<li>Fuente de alimentaci\u00f3n 2x 1,5V<\/li>\n<li>Categor\u00eda de sobrecarga CAT IV 1000V<\/li>\n<li>Dimensiones 238x70x30mm<\/li>\n<li>Protecci\u00f3n IP65<\/li>\n<li>Peso 200 g<\/li>\n<li>Color rojo<\/li>\n<li>Incluye 2 bater\u00edas modelo AAA LR03<\/li>\n<li>Longitud total del cable 110 cm<\/li>\n<\/ul>\n","protected":false},"excerpt":{"rendered":"<p>Especificaciones del Producto Verificador de tensi\u00f3n con discriminador de fase dotado de dos p\u00e9rtigas. La presencia de tensi\u00f3n y la prueba de continuidad se indican mediante se\u00f1al \u00f3ptica con LEDs Monitor \u00f3ptico: 12 LEDs Panel de control con la punta del dedo \/ bot\u00f3n RCD Rango de medida rango autom\u00e1tico Rango de tensi\u00f3n 6 &#8211; [&#8230;]\n","protected":false},"featured_media":7220,"comment_status":"open","ping_status":"closed","template":"","meta":{"om_disable_all_campaigns":false,"_monsterinsights_skip_tracking":false,"_monsterinsights_sitenote_active":false,"_monsterinsights_sitenote_note":"","_monsterinsights_sitenote_category":0,"_uf_show_specific_survey":0,"_uf_disable_surveys":false},"product_brand":[],"product_cat":[146],"product_tag":[],"class_list":{"0":"post-7219","1":"product","2":"type-product","3":"status-publish","4":"has-post-thumbnail","6":"product_cat-proteccion-electrica","8":"first","9":"instock","10":"taxable","11":"shipping-taxable","12":"product-type-simple"},"_links":{"self":[{"href":"https:\/\/www.serpromin.cl\/store\/wp-json\/wp\/v2\/product\/7219","targetHints":{"allow":["GET"]}}],"collection":[{"href":"https:\/\/www.serpromin.cl\/store\/wp-json\/wp\/v2\/product"}],"about":[{"href":"https:\/\/www.serpromin.cl\/store\/wp-json\/wp\/v2\/types\/product"}],"replies":[{"embeddable":true,"href":"https:\/\/www.serpromin.cl\/store\/wp-json\/wp\/v2\/comments?post=7219"}],"wp:featuredmedia":[{"embeddable":true,"href":"https:\/\/www.serpromin.cl\/store\/wp-json\/wp\/v2\/media\/7220"}],"wp:attachment":[{"href":"https:\/\/www.serpromin.cl\/store\/wp-json\/wp\/v2\/media?parent=7219"}],"wp:term":[{"taxonomy":"product_brand","embeddable":true,"href":"https:\/\/www.serpromin.cl\/store\/wp-json\/wp\/v2\/product_brand?post=7219"},{"taxonomy":"product_cat","embeddable":true,"href":"https:\/\/www.serpromin.cl\/store\/wp-json\/wp\/v2\/product_cat?post=7219"},{"taxonomy":"product_tag","embeddable":true,"href":"https:\/\/www.serpromin.cl\/store\/wp-json\/wp\/v2\/product_tag?post=7219"}],"curies":[{"name":"wp","href":"https:\/\/api.w.org\/{rel}","templated":true}]}}