{"id":7205,"date":"2024-01-17T19:25:33","date_gmt":"2024-01-17T22:25:33","guid":{"rendered":"https:\/\/www.serpromin.cl\/store\/?post_type=product&#038;p=7205"},"modified":"2024-01-17T19:25:35","modified_gmt":"2024-01-17T22:25:35","slug":"pertiga-telescopica-132kv","status":"publish","type":"product","link":"https:\/\/www.serpromin.cl\/store\/producto\/pertiga-telescopica-132kv\/","title":{"rendered":"P\u00e9rtiga telescopica 132kV"},"content":{"rendered":"<p>P\u00e9rtiga telesc\u00f3pica de dos tramos fabricada en tubo de poli\u00e9ster y fibra de vidrio de \u00d840 y 32 mm. Dotado de obturaciones antihumedad en ambos extremos, guardamanos, empu\u00f1adura, contera y cabezal, M (M\u00e9trico-10), U (Uninversal), B (Bayoneta) o P (Hexagonal + M\u00e9trico-10). La longitud de cada tramo se puede ajustar seg\u00fan sea necesario mediante un sistema de ajuste con asas de bloqueo.<\/p>\n<p>Caracter\u00edsticas T\u00e9cnicas:<\/p>\n<ul>\n<li>Longitud replegada: 1,65 m<\/li>\n<li>Longitud extendida: 3 m<\/li>\n<li>Tensi\u00f3n de trabajo: 132 kV (totalmente extendida)<\/li>\n<li>Uso: interior y exterior en ambiente seco<\/li>\n<li>Peso: 1,35 kg<\/li>\n<\/ul>\n","protected":false},"excerpt":{"rendered":"<p>P\u00e9rtiga telesc\u00f3pica de dos tramos fabricada en tubo de poli\u00e9ster y fibra de vidrio de \u00d840 y 32 mm. Dotado de obturaciones antihumedad en ambos extremos, guardamanos, empu\u00f1adura, contera y cabezal, M (M\u00e9trico-10), U (Uninversal), B (Bayoneta) o P (Hexagonal + M\u00e9trico-10). La longitud de cada tramo se puede ajustar seg\u00fan sea necesario mediante un [&#8230;]\n","protected":false},"featured_media":7206,"comment_status":"open","ping_status":"closed","template":"","meta":{"om_disable_all_campaigns":false,"_monsterinsights_skip_tracking":false,"_monsterinsights_sitenote_active":false,"_monsterinsights_sitenote_note":"","_monsterinsights_sitenote_category":0,"_uf_show_specific_survey":0,"_uf_disable_surveys":false},"product_brand":[],"product_cat":[146],"product_tag":[],"class_list":{"0":"post-7205","1":"product","2":"type-product","3":"status-publish","4":"has-post-thumbnail","6":"product_cat-proteccion-electrica","8":"first","9":"instock","10":"taxable","11":"shipping-taxable","12":"product-type-simple"},"_links":{"self":[{"href":"https:\/\/www.serpromin.cl\/store\/wp-json\/wp\/v2\/product\/7205","targetHints":{"allow":["GET"]}}],"collection":[{"href":"https:\/\/www.serpromin.cl\/store\/wp-json\/wp\/v2\/product"}],"about":[{"href":"https:\/\/www.serpromin.cl\/store\/wp-json\/wp\/v2\/types\/product"}],"replies":[{"embeddable":true,"href":"https:\/\/www.serpromin.cl\/store\/wp-json\/wp\/v2\/comments?post=7205"}],"wp:featuredmedia":[{"embeddable":true,"href":"https:\/\/www.serpromin.cl\/store\/wp-json\/wp\/v2\/media\/7206"}],"wp:attachment":[{"href":"https:\/\/www.serpromin.cl\/store\/wp-json\/wp\/v2\/media?parent=7205"}],"wp:term":[{"taxonomy":"product_brand","embeddable":true,"href":"https:\/\/www.serpromin.cl\/store\/wp-json\/wp\/v2\/product_brand?post=7205"},{"taxonomy":"product_cat","embeddable":true,"href":"https:\/\/www.serpromin.cl\/store\/wp-json\/wp\/v2\/product_cat?post=7205"},{"taxonomy":"product_tag","embeddable":true,"href":"https:\/\/www.serpromin.cl\/store\/wp-json\/wp\/v2\/product_tag?post=7205"}],"curies":[{"name":"wp","href":"https:\/\/api.w.org\/{rel}","templated":true}]}}