{"id":7201,"date":"2024-01-17T18:41:45","date_gmt":"2024-01-17T21:41:45","guid":{"rendered":"https:\/\/www.serpromin.cl\/store\/?post_type=product&#038;p=7201"},"modified":"2024-01-17T18:44:06","modified_gmt":"2024-01-17T21:44:06","slug":"baliza-xenon-roja","status":"publish","type":"product","link":"https:\/\/www.serpromin.cl\/store\/producto\/baliza-xenon-roja\/","title":{"rendered":"Baliza Xenon roja"},"content":{"rendered":"<p>Baliza Xen\u00f3n Roja &#8211; MENICS<\/p>\n<p>12-24VAC\/DC &#8211; 86MM \/ IP65<\/p>\n<p><strong>Especificaciones del Producto<\/strong><\/p>\n<ul>\n<li>Se\u00f1alizaci\u00f3n luminosa y tama\u00f1o peque\u00f1o, con reflector giratorio parab\u00f3lico. C\u00fapula acr\u00edlica \u00e1mbar.<\/li>\n<li>Alimentaci\u00f3n 220 VAC.<\/li>\n<li>Sujeci\u00f3n v\u00eda tres pernos sim\u00e9tricos.<\/li>\n<\/ul>\n","protected":false},"excerpt":{"rendered":"<p>Baliza Xen\u00f3n Roja &#8211; MENICS 12-24VAC\/DC &#8211; 86MM \/ IP65 Especificaciones del Producto Se\u00f1alizaci\u00f3n luminosa y tama\u00f1o peque\u00f1o, con reflector giratorio parab\u00f3lico. C\u00fapula acr\u00edlica \u00e1mbar. Alimentaci\u00f3n 220 VAC. Sujeci\u00f3n v\u00eda tres pernos sim\u00e9tricos.<\/p>\n","protected":false},"featured_media":7202,"comment_status":"open","ping_status":"closed","template":"","meta":{"om_disable_all_campaigns":false,"_monsterinsights_skip_tracking":false,"_monsterinsights_sitenote_active":false,"_monsterinsights_sitenote_note":"","_monsterinsights_sitenote_category":0,"_uf_show_specific_survey":0,"_uf_disable_surveys":false},"product_brand":[],"product_cat":[146],"product_tag":[],"class_list":{"0":"post-7201","1":"product","2":"type-product","3":"status-publish","4":"has-post-thumbnail","6":"product_cat-proteccion-electrica","8":"first","9":"instock","10":"taxable","11":"shipping-taxable","12":"product-type-simple"},"_links":{"self":[{"href":"https:\/\/www.serpromin.cl\/store\/wp-json\/wp\/v2\/product\/7201","targetHints":{"allow":["GET"]}}],"collection":[{"href":"https:\/\/www.serpromin.cl\/store\/wp-json\/wp\/v2\/product"}],"about":[{"href":"https:\/\/www.serpromin.cl\/store\/wp-json\/wp\/v2\/types\/product"}],"replies":[{"embeddable":true,"href":"https:\/\/www.serpromin.cl\/store\/wp-json\/wp\/v2\/comments?post=7201"}],"wp:featuredmedia":[{"embeddable":true,"href":"https:\/\/www.serpromin.cl\/store\/wp-json\/wp\/v2\/media\/7202"}],"wp:attachment":[{"href":"https:\/\/www.serpromin.cl\/store\/wp-json\/wp\/v2\/media?parent=7201"}],"wp:term":[{"taxonomy":"product_brand","embeddable":true,"href":"https:\/\/www.serpromin.cl\/store\/wp-json\/wp\/v2\/product_brand?post=7201"},{"taxonomy":"product_cat","embeddable":true,"href":"https:\/\/www.serpromin.cl\/store\/wp-json\/wp\/v2\/product_cat?post=7201"},{"taxonomy":"product_tag","embeddable":true,"href":"https:\/\/www.serpromin.cl\/store\/wp-json\/wp\/v2\/product_tag?post=7201"}],"curies":[{"name":"wp","href":"https:\/\/api.w.org\/{rel}","templated":true}]}}