{"id":7140,"date":"2024-01-03T22:11:36","date_gmt":"2024-01-04T01:11:36","guid":{"rendered":"https:\/\/www.serpromin.cl\/store\/?post_type=product&#038;p=7140"},"modified":"2024-01-03T22:22:28","modified_gmt":"2024-01-04T01:22:28","slug":"pertigas-de-maniobra-bm","status":"publish","type":"product","link":"https:\/\/www.serpromin.cl\/store\/producto\/pertigas-de-maniobra-bm\/","title":{"rendered":"P\u00e9rtigas de Maniobra BM"},"content":{"rendered":"<div class=\"elementor-element elementor-element-38acb10f elementor-widget elementor-widget-text-editor\" data-id=\"38acb10f\" data-element_type=\"widget\" data-widget_type=\"text-editor.default\">\n<div class=\"elementor-widget-container\">\n<div class=\"elementor-text-editor elementor-clearfix\">\n<p>P\u00e9rtigas de un solo tramo, realizadas con tubo de poli\u00e9ster y fibra de vidrio de 32 mm de di\u00e1metro. Con obturaciones antihumedad en ambos extremos del mismo, guardamanos, empu\u00f1adura, contera, cabezal universal y gancho de maniobra.<\/p>\n<\/div>\n<\/div>\n<\/div>\n<div class=\"elementor-element elementor-element-1b4f57c elementor-hidden-tablet elementor-hidden-phone elementor-widget elementor-widget-text-editor\" data-id=\"1b4f57c\" data-element_type=\"widget\" data-widget_type=\"text-editor.default\">\n<div class=\"elementor-widget-container\">\n<div class=\"elementor-text-editor elementor-clearfix\">\n<p><strong>BM-45<\/strong><\/p>\n<ul>\n<li><b>Longitud del elemento aislante:\u00a0<\/b>1.60 metros<\/li>\n<li>Longitud total (sin gancho):\u00a01.50 metros<\/li>\n<li>Tensi\u00f3n de trabajo: 45 kV<\/li>\n<li>Uso INTERIOR y EXTERIOR en\u00a0ambiente seco<\/li>\n<\/ul>\n<\/div>\n<\/div>\n<\/div>\n<div class=\"elementor-element elementor-element-dd0817d elementor-hidden-tablet elementor-hidden-phone elementor-widget elementor-widget-text-editor\" data-id=\"dd0817d\" data-element_type=\"widget\" data-widget_type=\"text-editor.default\">\n<div class=\"elementor-widget-container\">\n<div class=\"elementor-text-editor elementor-clearfix\">\n<p><strong>BM-66<\/strong><\/p>\n<ul>\n<li><b>Longitud del elemento aislante:\u00a0<\/b><b>2.10<\/b>\u00a0metros<\/li>\n<li>Longitud total (sin gancho):\u00a02.00 metros<\/li>\n<li>Tensi\u00f3n de trabajo: 66 kV<\/li>\n<li>Uso INTERIOR y EXTERIOR en\u00a0ambiente seco<\/li>\n<\/ul>\n<\/div>\n<\/div>\n<\/div>\n<div class=\"elementor-element elementor-element-65d3a2c elementor-hidden-tablet elementor-hidden-phone elementor-widget elementor-widget-text-editor\" data-id=\"65d3a2c\" data-element_type=\"widget\" data-widget_type=\"text-editor.default\">\n<div class=\"elementor-widget-container\">\n<div class=\"elementor-text-editor elementor-clearfix\">\n<p><strong>BM-90<\/strong><\/p>\n<ul>\n<li><b>Longitud del elemento aislante:\u00a0<\/b><b>2.60<\/b>\u00a0metros<\/li>\n<li>Longitud total (sin gancho):\u00a02.50 metros<\/li>\n<li>Tensi\u00f3n de trabajo: 90 kV<\/li>\n<li>Uso INTERIOR y EXTERIOR en\u00a0ambiente seco<\/li>\n<\/ul>\n<\/div>\n<\/div>\n<\/div>\n<div class=\"elementor-element elementor-element-a525db3 elementor-hidden-tablet elementor-hidden-phone elementor-widget elementor-widget-text-editor\" data-id=\"a525db3\" data-element_type=\"widget\" data-widget_type=\"text-editor.default\">\n<div class=\"elementor-widget-container\">\n<div class=\"elementor-text-editor elementor-clearfix\">\n<p><strong>BM-132<\/strong><\/p>\n<ul>\n<li><b>Longitud del elemento aislante:\u00a0<\/b><b>3.10<\/b>\u00a0metros<\/li>\n<li>Longitud total (sin gancho):\u00a03.00 metros<\/li>\n<li>Tensi\u00f3n de trabajo: 132 kV<\/li>\n<li>Uso INTERIOR y EXTERIOR en\u00a0ambiente seco<\/li>\n<\/ul>\n<\/div>\n<\/div>\n<\/div>\n","protected":false},"excerpt":{"rendered":"<p>P\u00e9rtigas de un solo tramo, realizadas con tubo de poli\u00e9ster y fibra de vidrio de 32 mm de di\u00e1metro. Con obturaciones antihumedad en ambos extremos del mismo, guardamanos, empu\u00f1adura, contera, cabezal universal y gancho de maniobra. BM-45 Longitud del elemento aislante:\u00a01.60 metros Longitud total (sin gancho):\u00a01.50 metros Tensi\u00f3n de trabajo: 45 kV Uso INTERIOR y [&#8230;]\n","protected":false},"featured_media":7143,"comment_status":"open","ping_status":"closed","template":"","meta":{"om_disable_all_campaigns":false,"_monsterinsights_skip_tracking":false,"_monsterinsights_sitenote_active":false,"_monsterinsights_sitenote_note":"","_monsterinsights_sitenote_category":0,"_uf_show_specific_survey":0,"_uf_disable_surveys":false},"product_brand":[],"product_cat":[146],"product_tag":[],"class_list":{"0":"post-7140","1":"product","2":"type-product","3":"status-publish","4":"has-post-thumbnail","6":"product_cat-proteccion-electrica","8":"first","9":"instock","10":"taxable","11":"shipping-taxable","12":"product-type-simple"},"_links":{"self":[{"href":"https:\/\/www.serpromin.cl\/store\/wp-json\/wp\/v2\/product\/7140","targetHints":{"allow":["GET"]}}],"collection":[{"href":"https:\/\/www.serpromin.cl\/store\/wp-json\/wp\/v2\/product"}],"about":[{"href":"https:\/\/www.serpromin.cl\/store\/wp-json\/wp\/v2\/types\/product"}],"replies":[{"embeddable":true,"href":"https:\/\/www.serpromin.cl\/store\/wp-json\/wp\/v2\/comments?post=7140"}],"wp:featuredmedia":[{"embeddable":true,"href":"https:\/\/www.serpromin.cl\/store\/wp-json\/wp\/v2\/media\/7143"}],"wp:attachment":[{"href":"https:\/\/www.serpromin.cl\/store\/wp-json\/wp\/v2\/media?parent=7140"}],"wp:term":[{"taxonomy":"product_brand","embeddable":true,"href":"https:\/\/www.serpromin.cl\/store\/wp-json\/wp\/v2\/product_brand?post=7140"},{"taxonomy":"product_cat","embeddable":true,"href":"https:\/\/www.serpromin.cl\/store\/wp-json\/wp\/v2\/product_cat?post=7140"},{"taxonomy":"product_tag","embeddable":true,"href":"https:\/\/www.serpromin.cl\/store\/wp-json\/wp\/v2\/product_tag?post=7140"}],"curies":[{"name":"wp","href":"https:\/\/api.w.org\/{rel}","templated":true}]}}