{"id":7134,"date":"2024-01-03T21:51:50","date_gmt":"2024-01-04T00:51:50","guid":{"rendered":"https:\/\/www.serpromin.cl\/store\/?post_type=product&#038;p=7134"},"modified":"2024-01-06T12:37:35","modified_gmt":"2024-01-06T15:37:35","slug":"panel-de-rescate-sz-51s","status":"publish","type":"product","link":"https:\/\/www.serpromin.cl\/store\/producto\/panel-de-rescate-sz-51s\/","title":{"rendered":"Panel de rescate SZ-51s"},"content":{"rendered":"<div class=\"elementor-element elementor-element-5b1150dd elementor-widget elementor-widget-text-editor\" data-id=\"5b1150dd\" data-element_type=\"widget\" data-widget_type=\"text-editor.default\">\n<div class=\"elementor-widget-container\">\n<div class=\"elementor-text-editor elementor-clearfix\">\n<p>En el caso de accidente el\u00e9ctrico, la rapidez de intervenci\u00f3n es fundamental. El panel de rescate, contiene todos los materiales de salvamento en un \u00fanico lugar, accesible a todos los usuarios para una r\u00e1pida intervenci\u00f3n en caso de necesidad.<\/p>\n<\/div>\n<\/div>\n<\/div>\n<div class=\"elementor-element elementor-element-564113c8 elementor-widget elementor-widget-text-editor\" data-id=\"564113c8\" data-element_type=\"widget\" data-widget_type=\"text-editor.default\">\n<div class=\"elementor-widget-container\">\n<div class=\"elementor-text-editor elementor-clearfix\">\n<p>CONTENIDO:<\/p>\n<ul>\n<li>1 p\u00e9rtiga de salvamento BS-45<\/li>\n<li>1 Cofre pl\u00e1stico para guantes<\/li>\n<li>1 par de guantes clase 3<\/li>\n<li>1 cizalla corta cables aislada VC<\/li>\n<li>1 pipeta<\/li>\n<li>1 banqueta diel\u00e9ctrica<\/li>\n<li>1 placa de primeros auxilios<\/li>\n<li>1 placa de instrucciones<\/li>\n<\/ul>\n<\/div>\n<\/div>\n<\/div>\n","protected":false},"excerpt":{"rendered":"<p>En el caso de accidente el\u00e9ctrico, la rapidez de intervenci\u00f3n es fundamental. El panel de rescate, contiene todos los materiales de salvamento en un \u00fanico lugar, accesible a todos los usuarios para una r\u00e1pida intervenci\u00f3n en caso de necesidad. CONTENIDO: 1 p\u00e9rtiga de salvamento BS-45 1 Cofre pl\u00e1stico para guantes 1 par de guantes clase [&#8230;]\n","protected":false},"featured_media":7170,"comment_status":"open","ping_status":"closed","template":"","meta":{"om_disable_all_campaigns":false,"_monsterinsights_skip_tracking":false,"_monsterinsights_sitenote_active":false,"_monsterinsights_sitenote_note":"","_monsterinsights_sitenote_category":0,"_uf_show_specific_survey":0,"_uf_disable_surveys":false},"product_brand":[],"product_cat":[146],"product_tag":[],"class_list":{"0":"post-7134","1":"product","2":"type-product","3":"status-publish","4":"has-post-thumbnail","6":"product_cat-proteccion-electrica","8":"first","9":"instock","10":"taxable","11":"shipping-taxable","12":"product-type-simple"},"_links":{"self":[{"href":"https:\/\/www.serpromin.cl\/store\/wp-json\/wp\/v2\/product\/7134","targetHints":{"allow":["GET"]}}],"collection":[{"href":"https:\/\/www.serpromin.cl\/store\/wp-json\/wp\/v2\/product"}],"about":[{"href":"https:\/\/www.serpromin.cl\/store\/wp-json\/wp\/v2\/types\/product"}],"replies":[{"embeddable":true,"href":"https:\/\/www.serpromin.cl\/store\/wp-json\/wp\/v2\/comments?post=7134"}],"wp:featuredmedia":[{"embeddable":true,"href":"https:\/\/www.serpromin.cl\/store\/wp-json\/wp\/v2\/media\/7170"}],"wp:attachment":[{"href":"https:\/\/www.serpromin.cl\/store\/wp-json\/wp\/v2\/media?parent=7134"}],"wp:term":[{"taxonomy":"product_brand","embeddable":true,"href":"https:\/\/www.serpromin.cl\/store\/wp-json\/wp\/v2\/product_brand?post=7134"},{"taxonomy":"product_cat","embeddable":true,"href":"https:\/\/www.serpromin.cl\/store\/wp-json\/wp\/v2\/product_cat?post=7134"},{"taxonomy":"product_tag","embeddable":true,"href":"https:\/\/www.serpromin.cl\/store\/wp-json\/wp\/v2\/product_tag?post=7134"}],"curies":[{"name":"wp","href":"https:\/\/api.w.org\/{rel}","templated":true}]}}