{"id":7131,"date":"2024-01-03T21:45:59","date_gmt":"2024-01-04T00:45:59","guid":{"rendered":"https:\/\/www.serpromin.cl\/store\/?post_type=product&#038;p=7131"},"modified":"2024-01-06T12:17:41","modified_gmt":"2024-01-06T15:17:41","slug":"kit-de-maniobra-y-rescate","status":"publish","type":"product","link":"https:\/\/www.serpromin.cl\/store\/producto\/kit-de-maniobra-y-rescate\/","title":{"rendered":"Kit de maniobra y rescate"},"content":{"rendered":"<p>CONTENIDO:<\/p>\n<ul>\n<li>1 p\u00e9rtiga de tres secciones replegable de 1.5 m<\/li>\n<li>1 detector \u00f3ptico y ac\u00fastico de 5 a 36 kV en bolsa de nylon<\/li>\n<li>1 gancho de salvamento con cabezal universal<\/li>\n<li>1 par de guantes aislantes<\/li>\n<li>1 alfombra diel\u00e9ctrica de 60 cm x 1 m tensi\u00f3n de trabajo 36 kV<\/li>\n<li>1 pipeta de respiraci\u00f3n<\/li>\n<li>1 inmovilizador de cuello<\/li>\n<li>1 manta ignifuga de 1.2 x 1.8 m<\/li>\n<li>1 camilla<\/li>\n<\/ul>\n<p>(La combinaci\u00f3n de materiales puede cambiar, consulte con su ejecutivo)<\/p>\n","protected":false},"excerpt":{"rendered":"<p>CONTENIDO: 1 p\u00e9rtiga de tres secciones replegable de 1.5 m 1 detector \u00f3ptico y ac\u00fastico de 5 a 36 kV en bolsa de nylon 1 gancho de salvamento con cabezal universal 1 par de guantes aislantes 1 alfombra diel\u00e9ctrica de 60 cm x 1 m tensi\u00f3n de trabajo 36 kV 1 pipeta de respiraci\u00f3n 1 [&#8230;]\n","protected":false},"featured_media":7168,"comment_status":"open","ping_status":"closed","template":"","meta":{"om_disable_all_campaigns":false,"_monsterinsights_skip_tracking":false,"_monsterinsights_sitenote_active":false,"_monsterinsights_sitenote_note":"","_monsterinsights_sitenote_category":0,"_uf_show_specific_survey":0,"_uf_disable_surveys":false},"product_brand":[],"product_cat":[146],"product_tag":[],"class_list":{"0":"post-7131","1":"product","2":"type-product","3":"status-publish","4":"has-post-thumbnail","6":"product_cat-proteccion-electrica","8":"first","9":"instock","10":"taxable","11":"shipping-taxable","12":"product-type-simple"},"_links":{"self":[{"href":"https:\/\/www.serpromin.cl\/store\/wp-json\/wp\/v2\/product\/7131","targetHints":{"allow":["GET"]}}],"collection":[{"href":"https:\/\/www.serpromin.cl\/store\/wp-json\/wp\/v2\/product"}],"about":[{"href":"https:\/\/www.serpromin.cl\/store\/wp-json\/wp\/v2\/types\/product"}],"replies":[{"embeddable":true,"href":"https:\/\/www.serpromin.cl\/store\/wp-json\/wp\/v2\/comments?post=7131"}],"wp:featuredmedia":[{"embeddable":true,"href":"https:\/\/www.serpromin.cl\/store\/wp-json\/wp\/v2\/media\/7168"}],"wp:attachment":[{"href":"https:\/\/www.serpromin.cl\/store\/wp-json\/wp\/v2\/media?parent=7131"}],"wp:term":[{"taxonomy":"product_brand","embeddable":true,"href":"https:\/\/www.serpromin.cl\/store\/wp-json\/wp\/v2\/product_brand?post=7131"},{"taxonomy":"product_cat","embeddable":true,"href":"https:\/\/www.serpromin.cl\/store\/wp-json\/wp\/v2\/product_cat?post=7131"},{"taxonomy":"product_tag","embeddable":true,"href":"https:\/\/www.serpromin.cl\/store\/wp-json\/wp\/v2\/product_tag?post=7131"}],"curies":[{"name":"wp","href":"https:\/\/api.w.org\/{rel}","templated":true}]}}