{"id":7127,"date":"2024-01-03T20:22:52","date_gmt":"2024-01-03T23:22:52","guid":{"rendered":"https:\/\/www.serpromin.cl\/store\/?post_type=product&#038;p=7127"},"modified":"2024-01-03T20:22:54","modified_gmt":"2024-01-03T23:22:54","slug":"pertiga-de-salvamento","status":"publish","type":"product","link":"https:\/\/www.serpromin.cl\/store\/producto\/pertiga-de-salvamento\/","title":{"rendered":"P\u00e9rtiga de salvamento"},"content":{"rendered":"<div class=\"elementor-element elementor-element-2c75048f elementor-widget elementor-widget-text-editor\" data-id=\"2c75048f\" data-element_type=\"widget\" data-widget_type=\"text-editor.default\">\n<div class=\"elementor-widget-container\">\n<div class=\"elementor-text-editor elementor-clearfix\">\n<p>P\u00e9rtiga de salvamento de un solo tramo fabricada en un tubo de poli\u00e9ster y fibra de vidrio de 32 mm de di\u00e1metro, dotada de obturaciones antihumedad en ambos extremos, guardamanos, empu\u00f1adura, contera, cabezal m\u00e9trico M-10 y gancho de salvamento.<\/p>\n<p>Se utiliza para rescatar v\u00edctimas de la zona de peligro.<\/p>\n<ul>\n<li>Mod. BS-45<\/li>\n<li>Longitud: 1.79 metros.<\/li>\n<li>Tensi\u00f3n de trabajo: 45 kV<\/li>\n<\/ul>\n<\/div>\n<\/div>\n<\/div>\n<div class=\"elementor-element elementor-element-929bbf3 elementor-widget elementor-widget-text-editor\" data-id=\"929bbf3\" data-element_type=\"widget\" data-widget_type=\"text-editor.default\">\n<div class=\"elementor-widget-container\">\n<div class=\"elementor-text-editor elementor-clearfix\">\n<ul>\n<li>Mod. BS-66<\/li>\n<li>Longitud: 2.29 metros.<\/li>\n<li>Tensi\u00f3n de trabajo: 66 kV<\/li>\n<\/ul>\n<\/div>\n<\/div>\n<\/div>\n<div class=\"elementor-element elementor-element-4aa1cd5 elementor-widget elementor-widget-text-editor\" data-id=\"4aa1cd5\" data-element_type=\"widget\" data-widget_type=\"text-editor.default\">\n<div class=\"elementor-widget-container\">\n<div class=\"elementor-text-editor elementor-clearfix\">\n<ul>\n<li>Mod. BS-90<\/li>\n<li>Longitud: 2.79 metros.<\/li>\n<li>Tensi\u00f3n de trabajo: 90 kV<\/li>\n<\/ul>\n<\/div>\n<\/div>\n<\/div>\n<div class=\"elementor-element elementor-element-0d8bab8 elementor-mobile-align-center elementor-widget elementor-widget-button\" data-id=\"0d8bab8\" data-element_type=\"widget\" data-widget_type=\"button.default\">\n<div class=\"elementor-widget-container\">\n<div class=\"elementor-button-wrapper\"><\/div>\n<\/div>\n<\/div>\n","protected":false},"excerpt":{"rendered":"<p>P\u00e9rtiga de salvamento de un solo tramo fabricada en un tubo de poli\u00e9ster y fibra de vidrio de 32 mm de di\u00e1metro, dotada de obturaciones antihumedad en ambos extremos, guardamanos, empu\u00f1adura, contera, cabezal m\u00e9trico M-10 y gancho de salvamento. Se utiliza para rescatar v\u00edctimas de la zona de peligro. Mod. BS-45 Longitud: 1.79 metros. Tensi\u00f3n [&#8230;]\n","protected":false},"featured_media":7128,"comment_status":"open","ping_status":"closed","template":"","meta":{"om_disable_all_campaigns":false,"_monsterinsights_skip_tracking":false,"_monsterinsights_sitenote_active":false,"_monsterinsights_sitenote_note":"","_monsterinsights_sitenote_category":0,"_uf_show_specific_survey":0,"_uf_disable_surveys":false},"product_brand":[],"product_cat":[146],"product_tag":[],"class_list":{"0":"post-7127","1":"product","2":"type-product","3":"status-publish","4":"has-post-thumbnail","6":"product_cat-proteccion-electrica","8":"first","9":"instock","10":"taxable","11":"shipping-taxable","12":"product-type-simple"},"_links":{"self":[{"href":"https:\/\/www.serpromin.cl\/store\/wp-json\/wp\/v2\/product\/7127","targetHints":{"allow":["GET"]}}],"collection":[{"href":"https:\/\/www.serpromin.cl\/store\/wp-json\/wp\/v2\/product"}],"about":[{"href":"https:\/\/www.serpromin.cl\/store\/wp-json\/wp\/v2\/types\/product"}],"replies":[{"embeddable":true,"href":"https:\/\/www.serpromin.cl\/store\/wp-json\/wp\/v2\/comments?post=7127"}],"wp:featuredmedia":[{"embeddable":true,"href":"https:\/\/www.serpromin.cl\/store\/wp-json\/wp\/v2\/media\/7128"}],"wp:attachment":[{"href":"https:\/\/www.serpromin.cl\/store\/wp-json\/wp\/v2\/media?parent=7127"}],"wp:term":[{"taxonomy":"product_brand","embeddable":true,"href":"https:\/\/www.serpromin.cl\/store\/wp-json\/wp\/v2\/product_brand?post=7127"},{"taxonomy":"product_cat","embeddable":true,"href":"https:\/\/www.serpromin.cl\/store\/wp-json\/wp\/v2\/product_cat?post=7127"},{"taxonomy":"product_tag","embeddable":true,"href":"https:\/\/www.serpromin.cl\/store\/wp-json\/wp\/v2\/product_tag?post=7127"}],"curies":[{"name":"wp","href":"https:\/\/api.w.org\/{rel}","templated":true}]}}