{"id":7043,"date":"2023-12-12T13:20:04","date_gmt":"2023-12-12T16:20:04","guid":{"rendered":"https:\/\/www.serpromin.cl\/store\/?post_type=product&#038;p=7043"},"modified":"2023-12-12T13:20:05","modified_gmt":"2023-12-12T16:20:05","slug":"pantalon-cargo-ignifugo-categoria-2","status":"publish","type":"product","link":"https:\/\/www.serpromin.cl\/store\/producto\/pantalon-cargo-ignifugo-categoria-2\/","title":{"rendered":"Pantalon Cargo Ignifugo Categoria 2"},"content":{"rendered":"<p class=\"p1\"><span class=\"s1\"><b>Caracter\u00edsticas:<\/b>\u00a0<\/span><\/p>\n<p class=\"p1\"><span class=\"s1\">Pantal\u00f3n cargo Ign\u00edfugo con simbolog\u00eda FR. Cintura con ajuste elasticado para mejor calce. Costuras reforzadas para mayor resistencia y durabilidad. Confeccionada con hilo aramida. Opci\u00f3n con cinta reflectante 3M FR.<\/span><\/p>\n<p class=\"p1\"><span class=\"s1\"><b>Composici\u00f3n:<\/b>\u00a0<\/span><\/p>\n<p class=\"p1\"><span class=\"s1\">Gabardina Ign\u00edfuga C320 100% Algod\u00f3n, CAT. 2, ATPV 14 CAL\/CM2, 320 Grs.<\/span><\/p>\n<p>Colores: Azul y Baige<\/p>\n","protected":false},"excerpt":{"rendered":"<p><span class=\"s1\">Pantal\u00f3n cargo Ign\u00edfugo con simbolog\u00eda FR. Cintura con ajuste elasticado para mejor calce. Costuras reforzadas para mayor resistencia y durabilidad. <\/span><\/p>\n","protected":false},"featured_media":7044,"comment_status":"open","ping_status":"closed","template":"","meta":{"om_disable_all_campaigns":false,"_monsterinsights_skip_tracking":false,"_monsterinsights_sitenote_active":false,"_monsterinsights_sitenote_note":"","_monsterinsights_sitenote_category":0,"_uf_show_specific_survey":0,"_uf_disable_surveys":false},"product_brand":[],"product_cat":[18,106],"product_tag":[],"class_list":{"0":"post-7043","1":"product","2":"type-product","3":"status-publish","4":"has-post-thumbnail","6":"product_cat-ropa-de-trabajo","7":"product_cat-ropa-ignifuga","9":"first","10":"instock","11":"taxable","12":"shipping-taxable","13":"product-type-simple"},"_links":{"self":[{"href":"https:\/\/www.serpromin.cl\/store\/wp-json\/wp\/v2\/product\/7043","targetHints":{"allow":["GET"]}}],"collection":[{"href":"https:\/\/www.serpromin.cl\/store\/wp-json\/wp\/v2\/product"}],"about":[{"href":"https:\/\/www.serpromin.cl\/store\/wp-json\/wp\/v2\/types\/product"}],"replies":[{"embeddable":true,"href":"https:\/\/www.serpromin.cl\/store\/wp-json\/wp\/v2\/comments?post=7043"}],"wp:featuredmedia":[{"embeddable":true,"href":"https:\/\/www.serpromin.cl\/store\/wp-json\/wp\/v2\/media\/7044"}],"wp:attachment":[{"href":"https:\/\/www.serpromin.cl\/store\/wp-json\/wp\/v2\/media?parent=7043"}],"wp:term":[{"taxonomy":"product_brand","embeddable":true,"href":"https:\/\/www.serpromin.cl\/store\/wp-json\/wp\/v2\/product_brand?post=7043"},{"taxonomy":"product_cat","embeddable":true,"href":"https:\/\/www.serpromin.cl\/store\/wp-json\/wp\/v2\/product_cat?post=7043"},{"taxonomy":"product_tag","embeddable":true,"href":"https:\/\/www.serpromin.cl\/store\/wp-json\/wp\/v2\/product_tag?post=7043"}],"curies":[{"name":"wp","href":"https:\/\/api.w.org\/{rel}","templated":true}]}}