{"id":7039,"date":"2023-12-12T13:14:39","date_gmt":"2023-12-12T16:14:39","guid":{"rendered":"https:\/\/www.serpromin.cl\/store\/?post_type=product&#038;p=7039"},"modified":"2023-12-12T13:16:06","modified_gmt":"2023-12-12T16:16:06","slug":"camisa-ignifuga-categoria-2","status":"publish","type":"product","link":"https:\/\/www.serpromin.cl\/store\/producto\/camisa-ignifuga-categoria-2\/","title":{"rendered":"Camisa Ignifuga Categoria 2"},"content":{"rendered":"<p><strong>Caracter\u00edsticas:<\/strong><\/p>\n<p>Camisa Ign\u00edfuga con bolsillos en el pecho y simbolog\u00eda FR. Costuras reforzadas para mayor resistencia y durabilidad. Confeccionada con hilo aramida. Etiqueta t\u00e9cnica ubicada en el interior.<\/p>\n<p><strong>Composici\u00f3n:<\/strong><\/p>\n<p>Gabardina Ign\u00edfuga C220 Plus 100% Algod\u00f3n, CAT. 2, ATPV 8,2 CAL\/CM2, 220 Grs.<\/p>\n<p>Colores: Celeste y Beige<\/p>\n<p>&nbsp;<\/p>\n","protected":false},"excerpt":{"rendered":"<p>Camisa Ign\u00edfuga con bolsillos en el pecho y simbolog\u00eda FR. Costuras reforzadas para mayor resistencia y durabilidad.<\/p>\n","protected":false},"featured_media":7041,"comment_status":"open","ping_status":"closed","template":"","meta":{"om_disable_all_campaigns":false,"_monsterinsights_skip_tracking":false,"_monsterinsights_sitenote_active":false,"_monsterinsights_sitenote_note":"","_monsterinsights_sitenote_category":0,"_uf_show_specific_survey":0,"_uf_disable_surveys":false},"product_brand":[],"product_cat":[18,106],"product_tag":[],"class_list":{"0":"post-7039","1":"product","2":"type-product","3":"status-publish","4":"has-post-thumbnail","6":"product_cat-ropa-de-trabajo","7":"product_cat-ropa-ignifuga","9":"first","10":"instock","11":"taxable","12":"shipping-taxable","13":"product-type-simple"},"_links":{"self":[{"href":"https:\/\/www.serpromin.cl\/store\/wp-json\/wp\/v2\/product\/7039","targetHints":{"allow":["GET"]}}],"collection":[{"href":"https:\/\/www.serpromin.cl\/store\/wp-json\/wp\/v2\/product"}],"about":[{"href":"https:\/\/www.serpromin.cl\/store\/wp-json\/wp\/v2\/types\/product"}],"replies":[{"embeddable":true,"href":"https:\/\/www.serpromin.cl\/store\/wp-json\/wp\/v2\/comments?post=7039"}],"wp:featuredmedia":[{"embeddable":true,"href":"https:\/\/www.serpromin.cl\/store\/wp-json\/wp\/v2\/media\/7041"}],"wp:attachment":[{"href":"https:\/\/www.serpromin.cl\/store\/wp-json\/wp\/v2\/media?parent=7039"}],"wp:term":[{"taxonomy":"product_brand","embeddable":true,"href":"https:\/\/www.serpromin.cl\/store\/wp-json\/wp\/v2\/product_brand?post=7039"},{"taxonomy":"product_cat","embeddable":true,"href":"https:\/\/www.serpromin.cl\/store\/wp-json\/wp\/v2\/product_cat?post=7039"},{"taxonomy":"product_tag","embeddable":true,"href":"https:\/\/www.serpromin.cl\/store\/wp-json\/wp\/v2\/product_tag?post=7039"}],"curies":[{"name":"wp","href":"https:\/\/api.w.org\/{rel}","templated":true}]}}