{"id":6882,"date":"2023-03-23T18:29:33","date_gmt":"2023-03-23T21:29:33","guid":{"rendered":"https:\/\/www.serpromin.cl\/store\/?post_type=product&#038;p=6882"},"modified":"2023-03-23T18:35:15","modified_gmt":"2023-03-23T21:35:15","slug":"amarras-plasticas-48-x-30mm-100-und","status":"publish","type":"product","link":"https:\/\/www.serpromin.cl\/store\/producto\/amarras-plasticas-48-x-30mm-100-und\/","title":{"rendered":"Amarras Plasticas 4,8 x 30mm 100 Und."},"content":{"rendered":"<p>Nuestras amarras, est\u00e1n hechas de pl\u00e1stico y constan de una tira larga y delgada con una leng\u00fceta en un extremo que se inserta en un orificio en el otro extremo, permitiendo ajustar la tensi\u00f3n y fijar el objeto.<\/p>\n<p>Las amarras pl\u00e1sticas se utilizan com\u00fanmente en diversas aplicaciones, como en la industria, el hogar, la construcci\u00f3n, el jard\u00edn, entre otros usos.<\/p>\n<p>Medida: 4,8 x 30mm<\/p>\n<p>Empaque: Bolsa de 100 Und.<\/p>\n","protected":false},"excerpt":{"rendered":"<p>Nuestras amarras, est\u00e1n hechas de pl\u00e1stico y constan de una tira larga y delgada con una leng\u00fceta en un extremo que se inserta en un orificio en el otro extremo, permitiendo ajustar la tensi\u00f3n y fijar el objeto. Las amarras pl\u00e1sticas se utilizan com\u00fanmente en diversas aplicaciones, como en la industria, el hogar, la construcci\u00f3n, [&#8230;]\n","protected":false},"featured_media":6881,"comment_status":"open","ping_status":"closed","template":"","meta":{"om_disable_all_campaigns":false,"_monsterinsights_skip_tracking":false,"_monsterinsights_sitenote_active":false,"_monsterinsights_sitenote_note":"","_monsterinsights_sitenote_category":0,"_uf_show_specific_survey":0,"_uf_disable_surveys":false},"product_brand":[],"product_cat":[282,279],"product_tag":[],"class_list":{"0":"post-6882","1":"product","2":"type-product","3":"status-publish","4":"has-post-thumbnail","6":"product_cat-accesorios","7":"product_cat-ferreteria-y-otros","9":"first","10":"instock","11":"taxable","12":"shipping-taxable","13":"product-type-simple"},"_links":{"self":[{"href":"https:\/\/www.serpromin.cl\/store\/wp-json\/wp\/v2\/product\/6882","targetHints":{"allow":["GET"]}}],"collection":[{"href":"https:\/\/www.serpromin.cl\/store\/wp-json\/wp\/v2\/product"}],"about":[{"href":"https:\/\/www.serpromin.cl\/store\/wp-json\/wp\/v2\/types\/product"}],"replies":[{"embeddable":true,"href":"https:\/\/www.serpromin.cl\/store\/wp-json\/wp\/v2\/comments?post=6882"}],"wp:featuredmedia":[{"embeddable":true,"href":"https:\/\/www.serpromin.cl\/store\/wp-json\/wp\/v2\/media\/6881"}],"wp:attachment":[{"href":"https:\/\/www.serpromin.cl\/store\/wp-json\/wp\/v2\/media?parent=6882"}],"wp:term":[{"taxonomy":"product_brand","embeddable":true,"href":"https:\/\/www.serpromin.cl\/store\/wp-json\/wp\/v2\/product_brand?post=6882"},{"taxonomy":"product_cat","embeddable":true,"href":"https:\/\/www.serpromin.cl\/store\/wp-json\/wp\/v2\/product_cat?post=6882"},{"taxonomy":"product_tag","embeddable":true,"href":"https:\/\/www.serpromin.cl\/store\/wp-json\/wp\/v2\/product_tag?post=6882"}],"curies":[{"name":"wp","href":"https:\/\/api.w.org\/{rel}","templated":true}]}}