{"id":6877,"date":"2023-03-21T20:24:13","date_gmt":"2023-03-21T23:24:13","guid":{"rendered":"https:\/\/www.serpromin.cl\/store\/?post_type=product&#038;p=6877"},"modified":"2023-03-21T20:24:13","modified_gmt":"2023-03-21T23:24:13","slug":"estacion-de-bloqueo-grupal-steelpro","status":"publish","type":"product","link":"https:\/\/www.serpromin.cl\/store\/producto\/estacion-de-bloqueo-grupal-steelpro\/","title":{"rendered":"Estacion de Bloqueo Grupal &#8211; Steelpro"},"content":{"rendered":"<p><span style=\"font-family: Arial;\">La estaci\u00f3n de Bloqueo posee una gran capacidad de almacenamiento de equipos de bloqueo, cubriendo todas las necesidades en un \u00e1rea de mantenimiento. <\/span><span style=\"font-family: Arial;\">S\u00f3lida construcci\u00f3n met\u00e1lica que genera protecci\u00f3n de polvo y materiales corrosivos a los equipos de bloqueo, prolongando la vida \u00fatil a los componentes. <\/span><span style=\"font-family: Arial;\">F\u00e1cil acceso a componentes de bloqueo. <\/span><span style=\"font-family: Arial;\">Posee 30 ganchos dobles que permiten el almacenamiento de candados, pinzas, etiquetas y otros equipos de bloqueo.<\/span><\/p>\n<ul>\n<li>Color: Amarillo<\/li>\n<li><span style=\"font-family: Arial;\">Medidas: 45,5 cm alto X 39 cm ancho X 5,5 cm de profundidad.<\/span><\/li>\n<\/ul>\n","protected":false},"excerpt":{"rendered":"<p>La estaci\u00f3n de Bloqueo posee una gran capacidad de almacenamiento de equipos de bloqueo, cubriendo todas las necesidades en un \u00e1rea de mantenimiento. S\u00f3lida construcci\u00f3n met\u00e1lica que genera protecci\u00f3n de polvo y materiales corrosivos a los equipos de bloqueo, prolongando la vida \u00fatil a los componentes. F\u00e1cil acceso a componentes de bloqueo. Posee 30 ganchos [&#8230;]\n","protected":false},"featured_media":6878,"comment_status":"open","ping_status":"closed","template":"","meta":{"om_disable_all_campaigns":false,"_monsterinsights_skip_tracking":false,"_monsterinsights_sitenote_active":false,"_monsterinsights_sitenote_note":"","_monsterinsights_sitenote_category":0,"_uf_show_specific_survey":0,"_uf_disable_surveys":false},"product_brand":[],"product_cat":[16,172],"product_tag":[],"class_list":{"0":"post-6877","1":"product","2":"type-product","3":"status-publish","4":"has-post-thumbnail","6":"product_cat-seguridad-industrial","7":"product_cat-sistemas-de-bloqueo-de-seguridad","9":"first","10":"instock","11":"taxable","12":"shipping-taxable","13":"product-type-simple"},"_links":{"self":[{"href":"https:\/\/www.serpromin.cl\/store\/wp-json\/wp\/v2\/product\/6877","targetHints":{"allow":["GET"]}}],"collection":[{"href":"https:\/\/www.serpromin.cl\/store\/wp-json\/wp\/v2\/product"}],"about":[{"href":"https:\/\/www.serpromin.cl\/store\/wp-json\/wp\/v2\/types\/product"}],"replies":[{"embeddable":true,"href":"https:\/\/www.serpromin.cl\/store\/wp-json\/wp\/v2\/comments?post=6877"}],"wp:featuredmedia":[{"embeddable":true,"href":"https:\/\/www.serpromin.cl\/store\/wp-json\/wp\/v2\/media\/6878"}],"wp:attachment":[{"href":"https:\/\/www.serpromin.cl\/store\/wp-json\/wp\/v2\/media?parent=6877"}],"wp:term":[{"taxonomy":"product_brand","embeddable":true,"href":"https:\/\/www.serpromin.cl\/store\/wp-json\/wp\/v2\/product_brand?post=6877"},{"taxonomy":"product_cat","embeddable":true,"href":"https:\/\/www.serpromin.cl\/store\/wp-json\/wp\/v2\/product_cat?post=6877"},{"taxonomy":"product_tag","embeddable":true,"href":"https:\/\/www.serpromin.cl\/store\/wp-json\/wp\/v2\/product_tag?post=6877"}],"curies":[{"name":"wp","href":"https:\/\/api.w.org\/{rel}","templated":true}]}}