{"id":6872,"date":"2023-03-21T20:19:10","date_gmt":"2023-03-21T23:19:10","guid":{"rendered":"https:\/\/www.serpromin.cl\/store\/?post_type=product&#038;p=6872"},"modified":"2023-03-21T20:19:11","modified_gmt":"2023-03-21T23:19:11","slug":"dispositivo-de-bloqueo-de-valvula-steelpro","status":"publish","type":"product","link":"https:\/\/www.serpromin.cl\/store\/producto\/dispositivo-de-bloqueo-de-valvula-steelpro\/","title":{"rendered":"Dispositivo de Bloqueo de V\u00e1lvula &#8211; Steelpro"},"content":{"rendered":"<p><span style=\"font-family: Arial;\">Bloqueo de v\u00e1lvulas industriales desarrolladas de cuerpos diel\u00e9ctricos termopl\u00e1sticos que soportan agentes qu\u00edmicos y se comportan eficazmente en ambientes extremos de temperatura.<\/span><\/p>\n<p>Di\u00e1metros disponibles.<\/p>\n<ul>\n<li>90 a 155 mm<\/li>\n<li>120 a 245 mm<\/li>\n<li>160 a 345 mm<\/li>\n<\/ul>\n","protected":false},"excerpt":{"rendered":"<p>Bloqueo de v\u00e1lvulas industriales desarrolladas de cuerpos diel\u00e9ctricos termopl\u00e1sticos que soportan agentes qu\u00edmicos y se comportan eficazmente en ambientes extremos de temperatura. Di\u00e1metros disponibles. 90 a 155 mm 120 a 245 mm 160 a 345 mm<\/p>\n","protected":false},"featured_media":6873,"comment_status":"open","ping_status":"closed","template":"","meta":{"om_disable_all_campaigns":false,"_monsterinsights_skip_tracking":false,"_monsterinsights_sitenote_active":false,"_monsterinsights_sitenote_note":"","_monsterinsights_sitenote_category":0,"_uf_show_specific_survey":0,"_uf_disable_surveys":false},"product_brand":[],"product_cat":[16,172],"product_tag":[],"class_list":{"0":"post-6872","1":"product","2":"type-product","3":"status-publish","4":"has-post-thumbnail","6":"product_cat-seguridad-industrial","7":"product_cat-sistemas-de-bloqueo-de-seguridad","9":"first","10":"instock","11":"taxable","12":"shipping-taxable","13":"product-type-simple"},"_links":{"self":[{"href":"https:\/\/www.serpromin.cl\/store\/wp-json\/wp\/v2\/product\/6872","targetHints":{"allow":["GET"]}}],"collection":[{"href":"https:\/\/www.serpromin.cl\/store\/wp-json\/wp\/v2\/product"}],"about":[{"href":"https:\/\/www.serpromin.cl\/store\/wp-json\/wp\/v2\/types\/product"}],"replies":[{"embeddable":true,"href":"https:\/\/www.serpromin.cl\/store\/wp-json\/wp\/v2\/comments?post=6872"}],"wp:featuredmedia":[{"embeddable":true,"href":"https:\/\/www.serpromin.cl\/store\/wp-json\/wp\/v2\/media\/6873"}],"wp:attachment":[{"href":"https:\/\/www.serpromin.cl\/store\/wp-json\/wp\/v2\/media?parent=6872"}],"wp:term":[{"taxonomy":"product_brand","embeddable":true,"href":"https:\/\/www.serpromin.cl\/store\/wp-json\/wp\/v2\/product_brand?post=6872"},{"taxonomy":"product_cat","embeddable":true,"href":"https:\/\/www.serpromin.cl\/store\/wp-json\/wp\/v2\/product_cat?post=6872"},{"taxonomy":"product_tag","embeddable":true,"href":"https:\/\/www.serpromin.cl\/store\/wp-json\/wp\/v2\/product_tag?post=6872"}],"curies":[{"name":"wp","href":"https:\/\/api.w.org\/{rel}","templated":true}]}}