{"id":6868,"date":"2023-03-21T20:13:00","date_gmt":"2023-03-21T23:13:00","guid":{"rendered":"https:\/\/www.serpromin.cl\/store\/?post_type=product&#038;p=6868"},"modified":"2023-03-21T20:13:00","modified_gmt":"2023-03-21T23:13:00","slug":"bloqueo-de-valvula-de-bola-steelpro","status":"publish","type":"product","link":"https:\/\/www.serpromin.cl\/store\/producto\/bloqueo-de-valvula-de-bola-steelpro\/","title":{"rendered":"Bloqueo de Valvula de Bola &#8211; Steelpro"},"content":{"rendered":"<p><span style=\"font-family: Arial;\">Bloqueo de v\u00e1lvulas de bola industriales. Fabricado de<\/span><span style=\"font-family: Arial;\">\u00a0cuerpos diel\u00e9ctricos termopl\u00e1sticos que soportan agentes qu\u00edmicos y se comportan eficazmente en ambientes extremos de temperatura.<\/span><\/p>\n<ul>\n<li><span style=\"font-family: Arial;\">Adaptable al di\u00e1metro de la tuber\u00eda.<\/span><\/li>\n<\/ul>\n","protected":false},"excerpt":{"rendered":"<p>Bloqueo de v\u00e1lvulas de bola industriales. Fabricado de\u00a0cuerpos diel\u00e9ctricos termopl\u00e1sticos que soportan agentes qu\u00edmicos y se comportan eficazmente en ambientes extremos de temperatura. Adaptable al di\u00e1metro de la tuber\u00eda.<\/p>\n","protected":false},"featured_media":6869,"comment_status":"open","ping_status":"closed","template":"","meta":{"om_disable_all_campaigns":false,"_monsterinsights_skip_tracking":false,"_monsterinsights_sitenote_active":false,"_monsterinsights_sitenote_note":"","_monsterinsights_sitenote_category":0,"_uf_show_specific_survey":0,"_uf_disable_surveys":false},"product_brand":[],"product_cat":[16,172],"product_tag":[],"class_list":{"0":"post-6868","1":"product","2":"type-product","3":"status-publish","4":"has-post-thumbnail","6":"product_cat-seguridad-industrial","7":"product_cat-sistemas-de-bloqueo-de-seguridad","9":"first","10":"instock","11":"taxable","12":"shipping-taxable","13":"product-type-simple"},"_links":{"self":[{"href":"https:\/\/www.serpromin.cl\/store\/wp-json\/wp\/v2\/product\/6868","targetHints":{"allow":["GET"]}}],"collection":[{"href":"https:\/\/www.serpromin.cl\/store\/wp-json\/wp\/v2\/product"}],"about":[{"href":"https:\/\/www.serpromin.cl\/store\/wp-json\/wp\/v2\/types\/product"}],"replies":[{"embeddable":true,"href":"https:\/\/www.serpromin.cl\/store\/wp-json\/wp\/v2\/comments?post=6868"}],"wp:featuredmedia":[{"embeddable":true,"href":"https:\/\/www.serpromin.cl\/store\/wp-json\/wp\/v2\/media\/6869"}],"wp:attachment":[{"href":"https:\/\/www.serpromin.cl\/store\/wp-json\/wp\/v2\/media?parent=6868"}],"wp:term":[{"taxonomy":"product_brand","embeddable":true,"href":"https:\/\/www.serpromin.cl\/store\/wp-json\/wp\/v2\/product_brand?post=6868"},{"taxonomy":"product_cat","embeddable":true,"href":"https:\/\/www.serpromin.cl\/store\/wp-json\/wp\/v2\/product_cat?post=6868"},{"taxonomy":"product_tag","embeddable":true,"href":"https:\/\/www.serpromin.cl\/store\/wp-json\/wp\/v2\/product_tag?post=6868"}],"curies":[{"name":"wp","href":"https:\/\/api.w.org\/{rel}","templated":true}]}}