{"id":6866,"date":"2023-03-21T20:10:22","date_gmt":"2023-03-21T23:10:22","guid":{"rendered":"https:\/\/www.serpromin.cl\/store\/?post_type=product&#038;p=6866"},"modified":"2023-03-21T20:10:24","modified_gmt":"2023-03-21T23:10:24","slug":"bloqueo-ajustable-con-cable-de-2-metros-steelpro","status":"publish","type":"product","link":"https:\/\/www.serpromin.cl\/store\/producto\/bloqueo-ajustable-con-cable-de-2-metros-steelpro\/","title":{"rendered":"Bloqueo Ajustable con Cable de 2 Metros &#8211; Steelpro"},"content":{"rendered":"<p><span style=\"font-family: Arial;\">Es la soluci\u00f3n ideal para bloqueo de v\u00e1lvula de compuerta lado a lado, posee cable de 2 metros de largo recubierto de pl\u00e1stico aislante y flexible. Su pinza esta<\/span><span style=\"font-family: Arial;\">\u00a0construida de pol\u00edmero de alta densidad que permite una excelente resistencia a los ambientes agresivos.<\/span><\/p>\n<ul>\n<li><span style=\"font-family: Arial;\">Capacidad de 6 candados por pinza<\/span><\/li>\n<\/ul>\n","protected":false},"excerpt":{"rendered":"<p>Es la soluci\u00f3n ideal para bloqueo de v\u00e1lvula de compuerta lado a lado, posee cable de 2 metros de largo recubierto de pl\u00e1stico aislante y flexible. Su pinza esta\u00a0construida de pol\u00edmero de alta densidad que permite una excelente resistencia a los ambientes agresivos. Capacidad de 6 candados por pinza<\/p>\n","protected":false},"featured_media":6867,"comment_status":"open","ping_status":"closed","template":"","meta":{"om_disable_all_campaigns":false,"_monsterinsights_skip_tracking":false,"_monsterinsights_sitenote_active":false,"_monsterinsights_sitenote_note":"","_monsterinsights_sitenote_category":0,"_uf_show_specific_survey":0,"_uf_disable_surveys":false},"product_brand":[],"product_cat":[16,172],"product_tag":[],"class_list":{"0":"post-6866","1":"product","2":"type-product","3":"status-publish","4":"has-post-thumbnail","6":"product_cat-seguridad-industrial","7":"product_cat-sistemas-de-bloqueo-de-seguridad","9":"first","10":"instock","11":"taxable","12":"shipping-taxable","13":"product-type-simple"},"_links":{"self":[{"href":"https:\/\/www.serpromin.cl\/store\/wp-json\/wp\/v2\/product\/6866","targetHints":{"allow":["GET"]}}],"collection":[{"href":"https:\/\/www.serpromin.cl\/store\/wp-json\/wp\/v2\/product"}],"about":[{"href":"https:\/\/www.serpromin.cl\/store\/wp-json\/wp\/v2\/types\/product"}],"replies":[{"embeddable":true,"href":"https:\/\/www.serpromin.cl\/store\/wp-json\/wp\/v2\/comments?post=6866"}],"wp:featuredmedia":[{"embeddable":true,"href":"https:\/\/www.serpromin.cl\/store\/wp-json\/wp\/v2\/media\/6867"}],"wp:attachment":[{"href":"https:\/\/www.serpromin.cl\/store\/wp-json\/wp\/v2\/media?parent=6866"}],"wp:term":[{"taxonomy":"product_brand","embeddable":true,"href":"https:\/\/www.serpromin.cl\/store\/wp-json\/wp\/v2\/product_brand?post=6866"},{"taxonomy":"product_cat","embeddable":true,"href":"https:\/\/www.serpromin.cl\/store\/wp-json\/wp\/v2\/product_cat?post=6866"},{"taxonomy":"product_tag","embeddable":true,"href":"https:\/\/www.serpromin.cl\/store\/wp-json\/wp\/v2\/product_tag?post=6866"}],"curies":[{"name":"wp","href":"https:\/\/api.w.org\/{rel}","templated":true}]}}