{"id":6862,"date":"2023-03-21T19:55:51","date_gmt":"2023-03-21T22:55:51","guid":{"rendered":"https:\/\/www.serpromin.cl\/store\/?post_type=product&#038;p=6862"},"modified":"2023-03-21T19:55:51","modified_gmt":"2023-03-21T22:55:51","slug":"bloqueo-de-breaker-electrico-steelpro","status":"publish","type":"product","link":"https:\/\/www.serpromin.cl\/store\/producto\/bloqueo-de-breaker-electrico-steelpro\/","title":{"rendered":"Bloqueo de Breaker El\u00e9ctrico  &#8211; Steelpro"},"content":{"rendered":"<p><span style=\"font-family: Arial;\">Bloqueos de breaker el\u00e9ctricos, c<\/span><span style=\"font-family: Arial;\">onstruidos de pol\u00edmero de alta densidad que permiten una excelente resistencia a los ambientes agresivos.<\/span><\/p>\n<ul>\n<li><span style=\"font-family: Arial;\">F\u00e1cil de transportar y almacenar.<\/span><\/li>\n<\/ul>\n<p><span style=\"font-family: Arial;\">Disponible en Colores y medidas<\/span><\/p>\n<ul>\n<li>Amarillo para 13 mm<\/li>\n<li>Azul para 16mm<\/li>\n<li>Verde Para 11mm<\/li>\n<\/ul>\n<p>&nbsp;<\/p>\n","protected":false},"excerpt":{"rendered":"<p>Bloqueos de breaker el\u00e9ctricos, construidos de pol\u00edmero de alta densidad que permiten una excelente resistencia a los ambientes agresivos. F\u00e1cil de transportar y almacenar. Disponible en Colores y medidas Amarillo para 13 mm Azul para 16mm Verde Para 11mm &nbsp;<\/p>\n","protected":false},"featured_media":6863,"comment_status":"open","ping_status":"closed","template":"","meta":{"om_disable_all_campaigns":false,"_monsterinsights_skip_tracking":false,"_monsterinsights_sitenote_active":false,"_monsterinsights_sitenote_note":"","_monsterinsights_sitenote_category":0,"_uf_show_specific_survey":0,"_uf_disable_surveys":false},"product_brand":[],"product_cat":[16,172],"product_tag":[],"class_list":{"0":"post-6862","1":"product","2":"type-product","3":"status-publish","4":"has-post-thumbnail","6":"product_cat-seguridad-industrial","7":"product_cat-sistemas-de-bloqueo-de-seguridad","9":"first","10":"instock","11":"taxable","12":"shipping-taxable","13":"product-type-simple"},"_links":{"self":[{"href":"https:\/\/www.serpromin.cl\/store\/wp-json\/wp\/v2\/product\/6862","targetHints":{"allow":["GET"]}}],"collection":[{"href":"https:\/\/www.serpromin.cl\/store\/wp-json\/wp\/v2\/product"}],"about":[{"href":"https:\/\/www.serpromin.cl\/store\/wp-json\/wp\/v2\/types\/product"}],"replies":[{"embeddable":true,"href":"https:\/\/www.serpromin.cl\/store\/wp-json\/wp\/v2\/comments?post=6862"}],"wp:featuredmedia":[{"embeddable":true,"href":"https:\/\/www.serpromin.cl\/store\/wp-json\/wp\/v2\/media\/6863"}],"wp:attachment":[{"href":"https:\/\/www.serpromin.cl\/store\/wp-json\/wp\/v2\/media?parent=6862"}],"wp:term":[{"taxonomy":"product_brand","embeddable":true,"href":"https:\/\/www.serpromin.cl\/store\/wp-json\/wp\/v2\/product_brand?post=6862"},{"taxonomy":"product_cat","embeddable":true,"href":"https:\/\/www.serpromin.cl\/store\/wp-json\/wp\/v2\/product_cat?post=6862"},{"taxonomy":"product_tag","embeddable":true,"href":"https:\/\/www.serpromin.cl\/store\/wp-json\/wp\/v2\/product_tag?post=6862"}],"curies":[{"name":"wp","href":"https:\/\/api.w.org\/{rel}","templated":true}]}}