{"id":6858,"date":"2023-03-21T19:48:34","date_gmt":"2023-03-21T22:48:34","guid":{"rendered":"https:\/\/www.serpromin.cl\/store\/?post_type=product&#038;p=6858"},"modified":"2023-03-21T19:48:34","modified_gmt":"2023-03-21T22:48:34","slug":"pinza-de-bloqueo-dielectrica-steelpro","status":"publish","type":"product","link":"https:\/\/www.serpromin.cl\/store\/producto\/pinza-de-bloqueo-dielectrica-steelpro\/","title":{"rendered":"Pinza de Bloqueo Dielectrica &#8211; Steelpro"},"content":{"rendered":"<div align=\"left\"><span lang=\"ES-CL\">Pinza de Bloqueo diel\u00e9ctrica est\u00e1 fabricada en PVC de alta densidad. Dise\u00f1ada <\/span><span lang=\"ES-CL\">para la intervenci\u00f3n y mantenimiento de equipos el\u00e9ctricos y electr\u00f3nicos.<\/span><\/div>\n<div align=\"left\"><span lang=\"ES-CL\">Resistente a altas y bajas temperaturas.<\/span><\/div>\n<ul>\n<li>\n<div align=\"left\"><span lang=\"ES-CL\">Capacidad para 6 candados simult\u00e1neamente.<\/span><\/div>\n<\/li>\n<\/ul>\n","protected":false},"excerpt":{"rendered":"<p>Pinza de Bloqueo diel\u00e9ctrica est\u00e1 fabricada en PVC de alta densidad. Dise\u00f1ada para la intervenci\u00f3n y mantenimiento de equipos el\u00e9ctricos y electr\u00f3nicos. Resistente a altas y bajas temperaturas. Capacidad para 6 candados simult\u00e1neamente.<\/p>\n","protected":false},"featured_media":6859,"comment_status":"open","ping_status":"closed","template":"","meta":{"om_disable_all_campaigns":false,"_monsterinsights_skip_tracking":false,"_monsterinsights_sitenote_active":false,"_monsterinsights_sitenote_note":"","_monsterinsights_sitenote_category":0,"_uf_show_specific_survey":0,"_uf_disable_surveys":false},"product_brand":[],"product_cat":[16,172],"product_tag":[],"class_list":{"0":"post-6858","1":"product","2":"type-product","3":"status-publish","4":"has-post-thumbnail","6":"product_cat-seguridad-industrial","7":"product_cat-sistemas-de-bloqueo-de-seguridad","9":"first","10":"instock","11":"taxable","12":"shipping-taxable","13":"product-type-simple"},"_links":{"self":[{"href":"https:\/\/www.serpromin.cl\/store\/wp-json\/wp\/v2\/product\/6858","targetHints":{"allow":["GET"]}}],"collection":[{"href":"https:\/\/www.serpromin.cl\/store\/wp-json\/wp\/v2\/product"}],"about":[{"href":"https:\/\/www.serpromin.cl\/store\/wp-json\/wp\/v2\/types\/product"}],"replies":[{"embeddable":true,"href":"https:\/\/www.serpromin.cl\/store\/wp-json\/wp\/v2\/comments?post=6858"}],"wp:featuredmedia":[{"embeddable":true,"href":"https:\/\/www.serpromin.cl\/store\/wp-json\/wp\/v2\/media\/6859"}],"wp:attachment":[{"href":"https:\/\/www.serpromin.cl\/store\/wp-json\/wp\/v2\/media?parent=6858"}],"wp:term":[{"taxonomy":"product_brand","embeddable":true,"href":"https:\/\/www.serpromin.cl\/store\/wp-json\/wp\/v2\/product_brand?post=6858"},{"taxonomy":"product_cat","embeddable":true,"href":"https:\/\/www.serpromin.cl\/store\/wp-json\/wp\/v2\/product_cat?post=6858"},{"taxonomy":"product_tag","embeddable":true,"href":"https:\/\/www.serpromin.cl\/store\/wp-json\/wp\/v2\/product_tag?post=6858"}],"curies":[{"name":"wp","href":"https:\/\/api.w.org\/{rel}","templated":true}]}}