{"id":6856,"date":"2023-03-21T19:44:48","date_gmt":"2023-03-21T22:44:48","guid":{"rendered":"https:\/\/www.serpromin.cl\/store\/?post_type=product&#038;p=6856"},"modified":"2023-03-21T19:44:48","modified_gmt":"2023-03-21T22:44:48","slug":"candado-de-bloqueo-dielectrico-steelpro","status":"publish","type":"product","link":"https:\/\/www.serpromin.cl\/store\/producto\/candado-de-bloqueo-dielectrico-steelpro\/","title":{"rendered":"Candado de Bloqueo Dielectrico &#8211; Steelpro"},"content":{"rendered":"<p>Fabricados con todos sus componentes son antimagn\u00e9ticos y antiest\u00e1ticos. Posee un tratamiento anti chispas y son altamente resistente a la corrosi\u00f3n. Posee 6 pines de combinaci\u00f3n.<\/p>\n<ul>\n<li>Llave no duplicable.<\/li>\n<li>Llave retenida<\/li>\n<\/ul>\n<p>Disponible en Colores:<\/p>\n<p>Amarillo &#8211; Azul &#8211; Blanco &#8211; Negro &#8211; Rojo &#8211; Verde<\/p>\n","protected":false},"excerpt":{"rendered":"<p>Fabricados con todos sus componentes son antimagn\u00e9ticos y antiest\u00e1ticos. Posee un tratamiento anti chispas y son altamente resistente a la corrosi\u00f3n. Posee 6 pines de combinaci\u00f3n. Llave no duplicable. Llave retenida Disponible en Colores: Amarillo &#8211; Azul &#8211; Blanco &#8211; Negro &#8211; Rojo &#8211; Verde<\/p>\n","protected":false},"featured_media":6857,"comment_status":"open","ping_status":"closed","template":"","meta":{"om_disable_all_campaigns":false,"_monsterinsights_skip_tracking":false,"_monsterinsights_sitenote_active":false,"_monsterinsights_sitenote_note":"","_monsterinsights_sitenote_category":0,"_uf_show_specific_survey":0,"_uf_disable_surveys":false},"product_brand":[],"product_cat":[16,172],"product_tag":[],"class_list":{"0":"post-6856","1":"product","2":"type-product","3":"status-publish","4":"has-post-thumbnail","6":"product_cat-seguridad-industrial","7":"product_cat-sistemas-de-bloqueo-de-seguridad","9":"first","10":"instock","11":"taxable","12":"shipping-taxable","13":"product-type-simple"},"_links":{"self":[{"href":"https:\/\/www.serpromin.cl\/store\/wp-json\/wp\/v2\/product\/6856","targetHints":{"allow":["GET"]}}],"collection":[{"href":"https:\/\/www.serpromin.cl\/store\/wp-json\/wp\/v2\/product"}],"about":[{"href":"https:\/\/www.serpromin.cl\/store\/wp-json\/wp\/v2\/types\/product"}],"replies":[{"embeddable":true,"href":"https:\/\/www.serpromin.cl\/store\/wp-json\/wp\/v2\/comments?post=6856"}],"wp:featuredmedia":[{"embeddable":true,"href":"https:\/\/www.serpromin.cl\/store\/wp-json\/wp\/v2\/media\/6857"}],"wp:attachment":[{"href":"https:\/\/www.serpromin.cl\/store\/wp-json\/wp\/v2\/media?parent=6856"}],"wp:term":[{"taxonomy":"product_brand","embeddable":true,"href":"https:\/\/www.serpromin.cl\/store\/wp-json\/wp\/v2\/product_brand?post=6856"},{"taxonomy":"product_cat","embeddable":true,"href":"https:\/\/www.serpromin.cl\/store\/wp-json\/wp\/v2\/product_cat?post=6856"},{"taxonomy":"product_tag","embeddable":true,"href":"https:\/\/www.serpromin.cl\/store\/wp-json\/wp\/v2\/product_tag?post=6856"}],"curies":[{"name":"wp","href":"https:\/\/api.w.org\/{rel}","templated":true}]}}