{"id":6854,"date":"2023-03-21T19:41:04","date_gmt":"2023-03-21T22:41:04","guid":{"rendered":"https:\/\/www.serpromin.cl\/store\/?post_type=product&#038;p=6854"},"modified":"2023-03-21T19:46:14","modified_gmt":"2023-03-21T22:46:14","slug":"candado-de-bloqueo-x10-steelpro","status":"publish","type":"product","link":"https:\/\/www.serpromin.cl\/store\/producto\/candado-de-bloqueo-x10-steelpro\/","title":{"rendered":"Candado de Bloqueo x10 &#8211; Steelpro"},"content":{"rendered":"<p><span style=\"font-family: Arial;\">Serie de candados Steelpro dise\u00f1ado con los m\u00e1s altos est\u00e1ndares de calidad. Fabricado en <\/span><span style=\"font-family: Arial;\">Cuerpo de pol\u00edmero. Tiene un e<\/span><span style=\"font-family: Arial;\">xcelente comportamiento en ambientes agresivos. <\/span><span style=\"font-family: Arial;\">Todos sus componentes son antimagn\u00e9ticos y antiest\u00e1ticos. <\/span><span style=\"font-family: Arial;\">Posee un tratamiento anti chispas.<\/span><\/p>\n<p><span style=\"font-family: Arial;\">Altura de 41 mil\u00edmetros de grillete.<\/span><\/p>\n<p>Disponible en colores:<\/p>\n<p>Amarillo &#8211; Azul &#8211; Negro &#8211; Rojo &#8211; Verde<\/p>\n","protected":false},"excerpt":{"rendered":"<p>Serie de candados Steelpro dise\u00f1ado con los m\u00e1s altos est\u00e1ndares de calidad. Fabricado en Cuerpo de pol\u00edmero. Tiene un excelente comportamiento en ambientes agresivos. Todos sus componentes son antimagn\u00e9ticos y antiest\u00e1ticos. Posee un tratamiento anti chispas. Altura de 41 mil\u00edmetros de grillete. Disponible en colores: Amarillo &#8211; Azul &#8211; Negro &#8211; Rojo &#8211; Verde<\/p>\n","protected":false},"featured_media":6855,"comment_status":"open","ping_status":"closed","template":"","meta":{"om_disable_all_campaigns":false,"_monsterinsights_skip_tracking":false,"_monsterinsights_sitenote_active":false,"_monsterinsights_sitenote_note":"","_monsterinsights_sitenote_category":0,"_uf_show_specific_survey":0,"_uf_disable_surveys":false},"product_brand":[],"product_cat":[16,172],"product_tag":[],"class_list":{"0":"post-6854","1":"product","2":"type-product","3":"status-publish","4":"has-post-thumbnail","6":"product_cat-seguridad-industrial","7":"product_cat-sistemas-de-bloqueo-de-seguridad","9":"first","10":"instock","11":"taxable","12":"shipping-taxable","13":"product-type-simple"},"_links":{"self":[{"href":"https:\/\/www.serpromin.cl\/store\/wp-json\/wp\/v2\/product\/6854","targetHints":{"allow":["GET"]}}],"collection":[{"href":"https:\/\/www.serpromin.cl\/store\/wp-json\/wp\/v2\/product"}],"about":[{"href":"https:\/\/www.serpromin.cl\/store\/wp-json\/wp\/v2\/types\/product"}],"replies":[{"embeddable":true,"href":"https:\/\/www.serpromin.cl\/store\/wp-json\/wp\/v2\/comments?post=6854"}],"wp:featuredmedia":[{"embeddable":true,"href":"https:\/\/www.serpromin.cl\/store\/wp-json\/wp\/v2\/media\/6855"}],"wp:attachment":[{"href":"https:\/\/www.serpromin.cl\/store\/wp-json\/wp\/v2\/media?parent=6854"}],"wp:term":[{"taxonomy":"product_brand","embeddable":true,"href":"https:\/\/www.serpromin.cl\/store\/wp-json\/wp\/v2\/product_brand?post=6854"},{"taxonomy":"product_cat","embeddable":true,"href":"https:\/\/www.serpromin.cl\/store\/wp-json\/wp\/v2\/product_cat?post=6854"},{"taxonomy":"product_tag","embeddable":true,"href":"https:\/\/www.serpromin.cl\/store\/wp-json\/wp\/v2\/product_tag?post=6854"}],"curies":[{"name":"wp","href":"https:\/\/api.w.org\/{rel}","templated":true}]}}