{"id":6836,"date":"2023-03-21T18:22:36","date_gmt":"2023-03-21T21:22:36","guid":{"rendered":"https:\/\/www.serpromin.cl\/store\/?post_type=product&#038;p=6836"},"modified":"2023-03-21T18:25:27","modified_gmt":"2023-03-21T21:25:27","slug":"mascara-de-soldar-con-arnes-optech-steelpro","status":"publish","type":"product","link":"https:\/\/www.serpromin.cl\/store\/producto\/mascara-de-soldar-con-arnes-optech-steelpro\/","title":{"rendered":"Mascara de Soldar con Arnes OPTECH &#8211; Steelpro"},"content":{"rendered":"<p>El modelo OPTECH con arn\u00e9s posee visor alzable lo que simplifica la verificaci\u00f3n de la soldadura. Este modelo est\u00e1 equipado con una banda de sujeci\u00f3n de cabeza de rotaci\u00f3n especial. El mecanismo de la banda permite que el centro de gravedad del arn\u00e9s coincida con el centro de gravedad de la cabeza del soldador.<\/p>\n","protected":false},"excerpt":{"rendered":"<p>El modelo OPTECH con arn\u00e9s posee visor alzable lo que simplifica la verificaci\u00f3n de la soldadura. Este modelo est\u00e1 equipado con una banda de sujeci\u00f3n de cabeza de rotaci\u00f3n especial. El mecanismo de la banda permite que el centro de gravedad del arn\u00e9s coincida con el centro de gravedad de la cabeza del soldador.<\/p>\n","protected":false},"featured_media":6837,"comment_status":"open","ping_status":"closed","template":"","meta":{"om_disable_all_campaigns":false,"_monsterinsights_skip_tracking":false,"_monsterinsights_sitenote_active":false,"_monsterinsights_sitenote_note":"","_monsterinsights_sitenote_category":0,"_uf_show_specific_survey":0,"_uf_disable_surveys":false},"product_brand":[],"product_cat":[16,22],"product_tag":[],"class_list":{"0":"post-6836","1":"product","2":"type-product","3":"status-publish","4":"has-post-thumbnail","6":"product_cat-seguridad-industrial","7":"product_cat-proteccion-visual","9":"first","10":"instock","11":"taxable","12":"shipping-taxable","13":"product-type-simple"},"_links":{"self":[{"href":"https:\/\/www.serpromin.cl\/store\/wp-json\/wp\/v2\/product\/6836","targetHints":{"allow":["GET"]}}],"collection":[{"href":"https:\/\/www.serpromin.cl\/store\/wp-json\/wp\/v2\/product"}],"about":[{"href":"https:\/\/www.serpromin.cl\/store\/wp-json\/wp\/v2\/types\/product"}],"replies":[{"embeddable":true,"href":"https:\/\/www.serpromin.cl\/store\/wp-json\/wp\/v2\/comments?post=6836"}],"wp:featuredmedia":[{"embeddable":true,"href":"https:\/\/www.serpromin.cl\/store\/wp-json\/wp\/v2\/media\/6837"}],"wp:attachment":[{"href":"https:\/\/www.serpromin.cl\/store\/wp-json\/wp\/v2\/media?parent=6836"}],"wp:term":[{"taxonomy":"product_brand","embeddable":true,"href":"https:\/\/www.serpromin.cl\/store\/wp-json\/wp\/v2\/product_brand?post=6836"},{"taxonomy":"product_cat","embeddable":true,"href":"https:\/\/www.serpromin.cl\/store\/wp-json\/wp\/v2\/product_cat?post=6836"},{"taxonomy":"product_tag","embeddable":true,"href":"https:\/\/www.serpromin.cl\/store\/wp-json\/wp\/v2\/product_tag?post=6836"}],"curies":[{"name":"wp","href":"https:\/\/api.w.org\/{rel}","templated":true}]}}