{"id":6834,"date":"2023-03-21T18:17:15","date_gmt":"2023-03-21T21:17:15","guid":{"rendered":"https:\/\/www.serpromin.cl\/store\/?post_type=product&#038;p=6834"},"modified":"2023-03-21T18:17:15","modified_gmt":"2023-03-21T21:17:15","slug":"mascara-de-soldar-para-casco-optech-steelpro","status":"publish","type":"product","link":"https:\/\/www.serpromin.cl\/store\/producto\/mascara-de-soldar-para-casco-optech-steelpro\/","title":{"rendered":"Mascara de Soldar para Casco OPTECH &#8211; Steelpro"},"content":{"rendered":"<p>El modelo Optech para casco est\u00e1 dise\u00f1ado y equipado con un sistema de clip que permiten adosar la m\u00e1scara de soldar adecuadamente al casco. El sistema posee varias posiciones de distancia para que se ajuste perfectamente a los distintos modelos de casco que existen en el mercado.<\/p>\n","protected":false},"excerpt":{"rendered":"<p>El modelo Optech para casco est\u00e1 dise\u00f1ado y equipado con un sistema de clip que permiten adosar la m\u00e1scara de soldar adecuadamente al casco. El sistema posee varias posiciones de distancia para que se ajuste perfectamente a los distintos modelos de casco que existen en el mercado.<\/p>\n","protected":false},"featured_media":6835,"comment_status":"open","ping_status":"closed","template":"","meta":{"om_disable_all_campaigns":false,"_monsterinsights_skip_tracking":false,"_monsterinsights_sitenote_active":false,"_monsterinsights_sitenote_note":"","_monsterinsights_sitenote_category":0,"_uf_show_specific_survey":0,"_uf_disable_surveys":false},"product_brand":[],"product_cat":[16,22],"product_tag":[],"class_list":{"0":"post-6834","1":"product","2":"type-product","3":"status-publish","4":"has-post-thumbnail","6":"product_cat-seguridad-industrial","7":"product_cat-proteccion-visual","9":"first","10":"instock","11":"taxable","12":"shipping-taxable","13":"product-type-simple"},"_links":{"self":[{"href":"https:\/\/www.serpromin.cl\/store\/wp-json\/wp\/v2\/product\/6834","targetHints":{"allow":["GET"]}}],"collection":[{"href":"https:\/\/www.serpromin.cl\/store\/wp-json\/wp\/v2\/product"}],"about":[{"href":"https:\/\/www.serpromin.cl\/store\/wp-json\/wp\/v2\/types\/product"}],"replies":[{"embeddable":true,"href":"https:\/\/www.serpromin.cl\/store\/wp-json\/wp\/v2\/comments?post=6834"}],"wp:featuredmedia":[{"embeddable":true,"href":"https:\/\/www.serpromin.cl\/store\/wp-json\/wp\/v2\/media\/6835"}],"wp:attachment":[{"href":"https:\/\/www.serpromin.cl\/store\/wp-json\/wp\/v2\/media?parent=6834"}],"wp:term":[{"taxonomy":"product_brand","embeddable":true,"href":"https:\/\/www.serpromin.cl\/store\/wp-json\/wp\/v2\/product_brand?post=6834"},{"taxonomy":"product_cat","embeddable":true,"href":"https:\/\/www.serpromin.cl\/store\/wp-json\/wp\/v2\/product_cat?post=6834"},{"taxonomy":"product_tag","embeddable":true,"href":"https:\/\/www.serpromin.cl\/store\/wp-json\/wp\/v2\/product_tag?post=6834"}],"curies":[{"name":"wp","href":"https:\/\/api.w.org\/{rel}","templated":true}]}}