{"id":6809,"date":"2023-03-20T13:34:08","date_gmt":"2023-03-20T16:34:08","guid":{"rendered":"https:\/\/www.serpromin.cl\/store\/?post_type=product&#038;p=6809"},"modified":"2023-03-29T19:02:36","modified_gmt":"2023-03-29T22:02:36","slug":"dispositivo-recco-para-zapato","status":"publish","type":"product","link":"https:\/\/www.serpromin.cl\/store\/producto\/dispositivo-recco-para-zapato\/","title":{"rendered":"Dispositivo Recco para Zapato"},"content":{"rendered":"<p>RECCO \u00ae es un sistema de rescate con tecnolog\u00eda direccional permite una r\u00e1pida identificaci\u00f3n de una v\u00edctima de la ubicaci\u00f3n precisa utilizando radar arm\u00f3nico. Las dos partes del sistema consiste en un detector de RECCO \u00ae utilizado por grupos organizados de rescate, y RECCO \u00ae REFLECTOR que se han integrado en prendas de vestir, cascos, equipo de protecci\u00f3n o botas. El reflector es adherido permanentemente, no requiere de capacitaci\u00f3n para su uso y no necesita pilas para funcionar.<\/p>\n<p>EL Sistema Recco Para zapatos tiene dos orificios para pasar los cordones y as\u00ed fijar a cualquier calzado.<\/p>\n<p>&nbsp;<\/p>\n<p>&nbsp;<\/p>\n<p>&nbsp;<\/p>\n<p>&nbsp;<\/p>\n","protected":false},"excerpt":{"rendered":"<p>RECCO \u00ae es un sistema de rescate con tecnolog\u00eda direccional permite una r\u00e1pida identificaci\u00f3n de una v\u00edctima de la ubicaci\u00f3n precisa utilizando radar arm\u00f3nico. Las dos partes del sistema consiste en un detector de RECCO \u00ae utilizado por grupos organizados de rescate, y RECCO \u00ae REFLECTOR que se han integrado en prendas de vestir, cascos, [&#8230;]\n","protected":false},"featured_media":6810,"comment_status":"open","ping_status":"closed","template":"","meta":{"om_disable_all_campaigns":false,"_monsterinsights_skip_tracking":false,"_monsterinsights_sitenote_active":false,"_monsterinsights_sitenote_note":"","_monsterinsights_sitenote_category":0,"_uf_show_specific_survey":0,"_uf_disable_surveys":false},"product_brand":[],"product_cat":[28,16],"product_tag":[],"class_list":{"0":"post-6809","1":"product","2":"type-product","3":"status-publish","4":"has-post-thumbnail","6":"product_cat-primeros-auxilios-y-rescate","7":"product_cat-seguridad-industrial","9":"first","10":"instock","11":"taxable","12":"shipping-taxable","13":"product-type-simple"},"_links":{"self":[{"href":"https:\/\/www.serpromin.cl\/store\/wp-json\/wp\/v2\/product\/6809","targetHints":{"allow":["GET"]}}],"collection":[{"href":"https:\/\/www.serpromin.cl\/store\/wp-json\/wp\/v2\/product"}],"about":[{"href":"https:\/\/www.serpromin.cl\/store\/wp-json\/wp\/v2\/types\/product"}],"replies":[{"embeddable":true,"href":"https:\/\/www.serpromin.cl\/store\/wp-json\/wp\/v2\/comments?post=6809"}],"wp:featuredmedia":[{"embeddable":true,"href":"https:\/\/www.serpromin.cl\/store\/wp-json\/wp\/v2\/media\/6810"}],"wp:attachment":[{"href":"https:\/\/www.serpromin.cl\/store\/wp-json\/wp\/v2\/media?parent=6809"}],"wp:term":[{"taxonomy":"product_brand","embeddable":true,"href":"https:\/\/www.serpromin.cl\/store\/wp-json\/wp\/v2\/product_brand?post=6809"},{"taxonomy":"product_cat","embeddable":true,"href":"https:\/\/www.serpromin.cl\/store\/wp-json\/wp\/v2\/product_cat?post=6809"},{"taxonomy":"product_tag","embeddable":true,"href":"https:\/\/www.serpromin.cl\/store\/wp-json\/wp\/v2\/product_tag?post=6809"}],"curies":[{"name":"wp","href":"https:\/\/api.w.org\/{rel}","templated":true}]}}