{"id":6798,"date":"2023-03-17T13:07:55","date_gmt":"2023-03-17T16:07:55","guid":{"rendered":"https:\/\/www.serpromin.cl\/store\/?post_type=product&#038;p=6798"},"modified":"2023-03-29T19:23:51","modified_gmt":"2023-03-29T22:23:51","slug":"pano-de-limpieza-industrial-codigo911","status":"publish","type":"product","link":"https:\/\/www.serpromin.cl\/store\/producto\/pano-de-limpieza-industrial-codigo911\/","title":{"rendered":"Pa\u00f1o De Limpieza Industrial &#8211; Codigo911"},"content":{"rendered":"<p>Pa\u00f1o de limpieza especialmente dise\u00f1ado para el uso industrial, fabricado en tela no tejida, compuesto por 55% Celulosa y 45 % Poli\u00e9ster. Posee un alto rendimiento de absorci\u00f3n 68% y 75% m\u00e1s altas que los productos de limpieza tradicionales. Tiene una alta resistencia en superficies h\u00famedas y secas. Adem\u00e1s de una alta resistencia a la tracci\u00f3n y a la abrasi\u00f3n.<\/p>\n<p><strong>Medidas<\/strong><br \/>\nRollo: 29cmx25cmx300 mts<\/p>\n","protected":false},"excerpt":{"rendered":"<p>Pa\u00f1o de limpieza especialmente dise\u00f1ado para el uso industrial, fabricado en tela no tejida, compuesto por 55% Celulosa y 45 % Poli\u00e9ster. Posee un alto rendimiento de absorci\u00f3n 68% y 75% m\u00e1s altas que los productos de limpieza tradicionales. Tiene una alta resistencia en superficies h\u00famedas y secas. Adem\u00e1s de una alta resistencia a la [&#8230;]\n","protected":false},"featured_media":6799,"comment_status":"open","ping_status":"closed","template":"","meta":{"om_disable_all_campaigns":false,"_monsterinsights_skip_tracking":false,"_monsterinsights_sitenote_active":false,"_monsterinsights_sitenote_note":"","_monsterinsights_sitenote_category":0,"_uf_show_specific_survey":0,"_uf_disable_surveys":false},"product_brand":[],"product_cat":[111],"product_tag":[],"class_list":{"0":"post-6798","1":"product","2":"type-product","3":"status-publish","4":"has-post-thumbnail","6":"product_cat-contencion-de-derrames","8":"first","9":"instock","10":"taxable","11":"shipping-taxable","12":"product-type-simple"},"_links":{"self":[{"href":"https:\/\/www.serpromin.cl\/store\/wp-json\/wp\/v2\/product\/6798","targetHints":{"allow":["GET"]}}],"collection":[{"href":"https:\/\/www.serpromin.cl\/store\/wp-json\/wp\/v2\/product"}],"about":[{"href":"https:\/\/www.serpromin.cl\/store\/wp-json\/wp\/v2\/types\/product"}],"replies":[{"embeddable":true,"href":"https:\/\/www.serpromin.cl\/store\/wp-json\/wp\/v2\/comments?post=6798"}],"wp:featuredmedia":[{"embeddable":true,"href":"https:\/\/www.serpromin.cl\/store\/wp-json\/wp\/v2\/media\/6799"}],"wp:attachment":[{"href":"https:\/\/www.serpromin.cl\/store\/wp-json\/wp\/v2\/media?parent=6798"}],"wp:term":[{"taxonomy":"product_brand","embeddable":true,"href":"https:\/\/www.serpromin.cl\/store\/wp-json\/wp\/v2\/product_brand?post=6798"},{"taxonomy":"product_cat","embeddable":true,"href":"https:\/\/www.serpromin.cl\/store\/wp-json\/wp\/v2\/product_cat?post=6798"},{"taxonomy":"product_tag","embeddable":true,"href":"https:\/\/www.serpromin.cl\/store\/wp-json\/wp\/v2\/product_tag?post=6798"}],"curies":[{"name":"wp","href":"https:\/\/api.w.org\/{rel}","templated":true}]}}