{"id":6794,"date":"2023-03-17T12:59:06","date_gmt":"2023-03-17T15:59:06","guid":{"rendered":"https:\/\/www.serpromin.cl\/store\/?post_type=product&#038;p=6794"},"modified":"2023-03-29T19:26:43","modified_gmt":"2023-03-29T22:26:43","slug":"panos-absorbentes-quimicos-y-peligrosos-codigo911","status":"publish","type":"product","link":"https:\/\/www.serpromin.cl\/store\/producto\/panos-absorbentes-quimicos-y-peligrosos-codigo911\/","title":{"rendered":"Pa\u00f1os Absorbentes Quimicos y Peligrosos &#8211; Codigo911"},"content":{"rendered":"<p>Pa\u00f1os dise\u00f1ados para absorbente de sustancias qu\u00edmicas y peligrosas, con punto de soldadura y prepicado a 19\u00d746 cm , paquete de 100 unidades.<\/p>\n<p><strong>Medidas<\/strong><br \/>\n38 mts x 46 cm x 2 mm<\/p>\n","protected":false},"excerpt":{"rendered":"<p>Pa\u00f1os dise\u00f1ados para absorbente de sustancias qu\u00edmicas y peligrosas, con punto de soldadura y prepicado a 19\u00d746 cm , paquete de 100 unidades. Medidas 38 mts x 46 cm x 2 mm<\/p>\n","protected":false},"featured_media":6795,"comment_status":"open","ping_status":"closed","template":"","meta":{"om_disable_all_campaigns":false,"_monsterinsights_skip_tracking":false,"_monsterinsights_sitenote_active":false,"_monsterinsights_sitenote_note":"","_monsterinsights_sitenote_category":0,"_uf_show_specific_survey":0,"_uf_disable_surveys":false},"product_brand":[],"product_cat":[111],"product_tag":[],"class_list":{"0":"post-6794","1":"product","2":"type-product","3":"status-publish","4":"has-post-thumbnail","6":"product_cat-contencion-de-derrames","8":"first","9":"instock","10":"taxable","11":"shipping-taxable","12":"product-type-simple"},"_links":{"self":[{"href":"https:\/\/www.serpromin.cl\/store\/wp-json\/wp\/v2\/product\/6794","targetHints":{"allow":["GET"]}}],"collection":[{"href":"https:\/\/www.serpromin.cl\/store\/wp-json\/wp\/v2\/product"}],"about":[{"href":"https:\/\/www.serpromin.cl\/store\/wp-json\/wp\/v2\/types\/product"}],"replies":[{"embeddable":true,"href":"https:\/\/www.serpromin.cl\/store\/wp-json\/wp\/v2\/comments?post=6794"}],"wp:featuredmedia":[{"embeddable":true,"href":"https:\/\/www.serpromin.cl\/store\/wp-json\/wp\/v2\/media\/6795"}],"wp:attachment":[{"href":"https:\/\/www.serpromin.cl\/store\/wp-json\/wp\/v2\/media?parent=6794"}],"wp:term":[{"taxonomy":"product_brand","embeddable":true,"href":"https:\/\/www.serpromin.cl\/store\/wp-json\/wp\/v2\/product_brand?post=6794"},{"taxonomy":"product_cat","embeddable":true,"href":"https:\/\/www.serpromin.cl\/store\/wp-json\/wp\/v2\/product_cat?post=6794"},{"taxonomy":"product_tag","embeddable":true,"href":"https:\/\/www.serpromin.cl\/store\/wp-json\/wp\/v2\/product_tag?post=6794"}],"curies":[{"name":"wp","href":"https:\/\/api.w.org\/{rel}","templated":true}]}}