{"id":6790,"date":"2023-03-17T12:36:47","date_gmt":"2023-03-17T15:36:47","guid":{"rendered":"https:\/\/www.serpromin.cl\/store\/?post_type=product&#038;p=6790"},"modified":"2023-03-29T19:43:03","modified_gmt":"2023-03-29T22:43:03","slug":"pano-absorbente-universal-para-quimicos-y-hidrocarburos-codigo911","status":"publish","type":"product","link":"https:\/\/www.serpromin.cl\/store\/producto\/pano-absorbente-universal-para-quimicos-y-hidrocarburos-codigo911\/","title":{"rendered":"Pa\u00f1o Absorbente Universal Para Quimicos y Hidrocarburos &#8211; Codigo911"},"content":{"rendered":"<p>Pa\u00f1o Dise\u00f1ado para la absorci\u00f3n de qu\u00edmicos e hidrocarburos\u00a0 sin prepicado y con punto de soldadura.<\/p>\n<p><strong>Medidas: <\/strong>40 cm x 50 mts<\/p>\n","protected":false},"excerpt":{"rendered":"<p>Pa\u00f1o Dise\u00f1ado para la absorci\u00f3n de qu\u00edmicos e hidrocarburos\u00a0 sin prepicado y con punto de soldadura. Medidas: 40 cm x 50 mts<\/p>\n","protected":false},"featured_media":6791,"comment_status":"open","ping_status":"closed","template":"","meta":{"om_disable_all_campaigns":false,"_monsterinsights_skip_tracking":false,"_monsterinsights_sitenote_active":false,"_monsterinsights_sitenote_note":"","_monsterinsights_sitenote_category":0,"_uf_show_specific_survey":0,"_uf_disable_surveys":false},"product_brand":[],"product_cat":[111],"product_tag":[],"class_list":{"0":"post-6790","1":"product","2":"type-product","3":"status-publish","4":"has-post-thumbnail","6":"product_cat-contencion-de-derrames","8":"first","9":"instock","10":"taxable","11":"shipping-taxable","12":"product-type-simple"},"_links":{"self":[{"href":"https:\/\/www.serpromin.cl\/store\/wp-json\/wp\/v2\/product\/6790","targetHints":{"allow":["GET"]}}],"collection":[{"href":"https:\/\/www.serpromin.cl\/store\/wp-json\/wp\/v2\/product"}],"about":[{"href":"https:\/\/www.serpromin.cl\/store\/wp-json\/wp\/v2\/types\/product"}],"replies":[{"embeddable":true,"href":"https:\/\/www.serpromin.cl\/store\/wp-json\/wp\/v2\/comments?post=6790"}],"wp:featuredmedia":[{"embeddable":true,"href":"https:\/\/www.serpromin.cl\/store\/wp-json\/wp\/v2\/media\/6791"}],"wp:attachment":[{"href":"https:\/\/www.serpromin.cl\/store\/wp-json\/wp\/v2\/media?parent=6790"}],"wp:term":[{"taxonomy":"product_brand","embeddable":true,"href":"https:\/\/www.serpromin.cl\/store\/wp-json\/wp\/v2\/product_brand?post=6790"},{"taxonomy":"product_cat","embeddable":true,"href":"https:\/\/www.serpromin.cl\/store\/wp-json\/wp\/v2\/product_cat?post=6790"},{"taxonomy":"product_tag","embeddable":true,"href":"https:\/\/www.serpromin.cl\/store\/wp-json\/wp\/v2\/product_tag?post=6790"}],"curies":[{"name":"wp","href":"https:\/\/api.w.org\/{rel}","templated":true}]}}