{"id":6784,"date":"2023-03-17T11:27:19","date_gmt":"2023-03-17T14:27:19","guid":{"rendered":"https:\/\/www.serpromin.cl\/store\/?post_type=product&#038;p=6784"},"modified":"2023-03-29T19:47:27","modified_gmt":"2023-03-29T22:47:27","slug":"pano-absorbente-para-tapa-de-tanque-codigo911","status":"publish","type":"product","link":"https:\/\/www.serpromin.cl\/store\/producto\/pano-absorbente-para-tapa-de-tanque-codigo911\/","title":{"rendered":"Pa\u00f1o Absorbente para Tapa de Tanque &#8211; Codigo911"},"content":{"rendered":"<p>Pa\u00f1o Absorbente de Hidrocarburos especiales para tapas de tanques. Dise\u00f1ado 100% con polipropileno, los pa\u00f1os absorbentes se construyen a partir de una sola capa de fibras de polipropileno uniformes de alta calidad, las fibras se unen s\u00f3nicamente para aumentar la resistencia. Construido de finas fibras adheridas entre s\u00ed, retiene los l\u00edquidos absorbidos y no libera fibras residuales.<\/p>\n<p>&nbsp;<\/p>\n<p>&nbsp;<\/p>\n","protected":false},"excerpt":{"rendered":"<p>Pa\u00f1o Absorbente de Hidrocarburos especiales para tapas de tanques. Dise\u00f1ado 100% con polipropileno, los pa\u00f1os absorbentes se construyen a partir de una sola capa de fibras de polipropileno uniformes de alta calidad, las fibras se unen s\u00f3nicamente para aumentar la resistencia. Construido de finas fibras adheridas entre s\u00ed, retiene los l\u00edquidos absorbidos y no libera [&#8230;]\n","protected":false},"featured_media":6785,"comment_status":"open","ping_status":"closed","template":"","meta":{"om_disable_all_campaigns":false,"_monsterinsights_skip_tracking":false,"_monsterinsights_sitenote_active":false,"_monsterinsights_sitenote_note":"","_monsterinsights_sitenote_category":0,"_uf_show_specific_survey":0,"_uf_disable_surveys":false},"product_brand":[],"product_cat":[111],"product_tag":[],"class_list":{"0":"post-6784","1":"product","2":"type-product","3":"status-publish","4":"has-post-thumbnail","6":"product_cat-contencion-de-derrames","8":"first","9":"instock","10":"taxable","11":"shipping-taxable","12":"product-type-simple"},"_links":{"self":[{"href":"https:\/\/www.serpromin.cl\/store\/wp-json\/wp\/v2\/product\/6784","targetHints":{"allow":["GET"]}}],"collection":[{"href":"https:\/\/www.serpromin.cl\/store\/wp-json\/wp\/v2\/product"}],"about":[{"href":"https:\/\/www.serpromin.cl\/store\/wp-json\/wp\/v2\/types\/product"}],"replies":[{"embeddable":true,"href":"https:\/\/www.serpromin.cl\/store\/wp-json\/wp\/v2\/comments?post=6784"}],"wp:featuredmedia":[{"embeddable":true,"href":"https:\/\/www.serpromin.cl\/store\/wp-json\/wp\/v2\/media\/6785"}],"wp:attachment":[{"href":"https:\/\/www.serpromin.cl\/store\/wp-json\/wp\/v2\/media?parent=6784"}],"wp:term":[{"taxonomy":"product_brand","embeddable":true,"href":"https:\/\/www.serpromin.cl\/store\/wp-json\/wp\/v2\/product_brand?post=6784"},{"taxonomy":"product_cat","embeddable":true,"href":"https:\/\/www.serpromin.cl\/store\/wp-json\/wp\/v2\/product_cat?post=6784"},{"taxonomy":"product_tag","embeddable":true,"href":"https:\/\/www.serpromin.cl\/store\/wp-json\/wp\/v2\/product_tag?post=6784"}],"curies":[{"name":"wp","href":"https:\/\/api.w.org\/{rel}","templated":true}]}}