{"id":6779,"date":"2023-03-17T10:50:49","date_gmt":"2023-03-17T13:50:49","guid":{"rendered":"https:\/\/www.serpromin.cl\/store\/?post_type=product&#038;p=6779"},"modified":"2023-03-29T19:59:52","modified_gmt":"2023-03-29T22:59:52","slug":"barrera-absorbente-de-hidrocarburos-12-mts-codigo-911","status":"publish","type":"product","link":"https:\/\/www.serpromin.cl\/store\/producto\/barrera-absorbente-de-hidrocarburos-12-mts-codigo-911\/","title":{"rendered":"Barrera Absorbente de Hidrocarburos 1,2 MTS. &#8211; Codigo911"},"content":{"rendered":"<p>Esta barrera est\u00e1 dise\u00f1ada para la contenci\u00f3n de derrames de hidrocarburos tanto en tierra como en mar, ya que posee flotabilidad positiva. Se puede doblar f\u00e1cilmente para poner en la posici\u00f3n correcta, con ganchos especiales para unirlas y abarcar m\u00e1s superficie.<\/p>\n<p><strong>Medida:<\/strong> 7,6cm x 1,2 mts<\/p>\n","protected":false},"excerpt":{"rendered":"<p>Esta barrera est\u00e1 dise\u00f1ada para la contenci\u00f3n de derrames de hidrocarburos tanto en tierra como en mar, ya que posee flotabilidad positiva. Se puede doblar f\u00e1cilmente para poner en la posici\u00f3n correcta, con ganchos especiales para unirlas y abarcar m\u00e1s superficie. Medida: 7,6cm x 1,2 mts<\/p>\n","protected":false},"featured_media":6780,"comment_status":"open","ping_status":"closed","template":"","meta":{"om_disable_all_campaigns":false,"_monsterinsights_skip_tracking":false,"_monsterinsights_sitenote_active":false,"_monsterinsights_sitenote_note":"","_monsterinsights_sitenote_category":0,"_uf_show_specific_survey":0,"_uf_disable_surveys":false},"product_brand":[],"product_cat":[111],"product_tag":[],"class_list":{"0":"post-6779","1":"product","2":"type-product","3":"status-publish","4":"has-post-thumbnail","6":"product_cat-contencion-de-derrames","8":"first","9":"instock","10":"taxable","11":"shipping-taxable","12":"product-type-simple"},"_links":{"self":[{"href":"https:\/\/www.serpromin.cl\/store\/wp-json\/wp\/v2\/product\/6779","targetHints":{"allow":["GET"]}}],"collection":[{"href":"https:\/\/www.serpromin.cl\/store\/wp-json\/wp\/v2\/product"}],"about":[{"href":"https:\/\/www.serpromin.cl\/store\/wp-json\/wp\/v2\/types\/product"}],"replies":[{"embeddable":true,"href":"https:\/\/www.serpromin.cl\/store\/wp-json\/wp\/v2\/comments?post=6779"}],"wp:featuredmedia":[{"embeddable":true,"href":"https:\/\/www.serpromin.cl\/store\/wp-json\/wp\/v2\/media\/6780"}],"wp:attachment":[{"href":"https:\/\/www.serpromin.cl\/store\/wp-json\/wp\/v2\/media?parent=6779"}],"wp:term":[{"taxonomy":"product_brand","embeddable":true,"href":"https:\/\/www.serpromin.cl\/store\/wp-json\/wp\/v2\/product_brand?post=6779"},{"taxonomy":"product_cat","embeddable":true,"href":"https:\/\/www.serpromin.cl\/store\/wp-json\/wp\/v2\/product_cat?post=6779"},{"taxonomy":"product_tag","embeddable":true,"href":"https:\/\/www.serpromin.cl\/store\/wp-json\/wp\/v2\/product_tag?post=6779"}],"curies":[{"name":"wp","href":"https:\/\/api.w.org\/{rel}","templated":true}]}}