{"id":6773,"date":"2023-03-17T10:04:03","date_gmt":"2023-03-17T13:04:03","guid":{"rendered":"https:\/\/www.serpromin.cl\/store\/?post_type=product&#038;p=6773"},"modified":"2023-03-29T19:49:28","modified_gmt":"2023-03-29T22:49:28","slug":"saco-absorbente-de-hidrocarburos-organico-45-kg-sp","status":"publish","type":"product","link":"https:\/\/www.serpromin.cl\/store\/producto\/saco-absorbente-de-hidrocarburos-organico-45-kg-sp\/","title":{"rendered":"Saco Absorbente De Hidrocarburos Org\u00e1nico 4,5 KG &#8211;\u00a0Codigo911"},"content":{"rendered":"<p>Org\u00e1nico compuesto por turba Musgo Sphagnum patag\u00f3nico 100%, con proceso termo-activado, es un absorbente natural para hidrocarburos y productos oleosos, desarrollado para proteger el medio ambiente, logrando obtener un producto innovador y sustentable que reemplaza los elementos<br \/>\nconvencionales (arcillas y minerales) que son menos efectivos y m\u00e1s peligrosos para el ambiente.<\/p>\n<p>Este producto absorbe y contiene dentro de sus microfibras en forma r\u00e1pida y efectiva derivados de hidrocarburos y solvente org\u00e1nicos, en estado l\u00edquido o semil\u00edquido, derramados sobre agua, suelo natural y pavimentos de asfalto o concreto para luego ser llevados a su disposici\u00f3n final.<\/p>\n<p>SU CAPACIDAD DE ABSORCI\u00d3N DE 7 A 10 VECES SU PESO PERMITE UN GRAN AHORRO DE ESPACIO EN LA DISPOSICI\u00d3N FINAL.<\/p>\n<p><strong>BENEFICIOS<\/strong><\/p>\n<p>Natural<br \/>\nOrg\u00e1nico 100%<br \/>\nNo es t\u00f3xico<br \/>\nNo contiene s\u00edlice<br \/>\nEncapsula el residuo<br \/>\nNo genera lixiviados<br \/>\nSolidifica l\u00edquidos peligrosos mejorando su transporte<br \/>\nMejora la bio remediaci\u00f3n de hidrocarburos<\/p>\n<p>Este producto rinde, al menos, 7 veces m\u00e1s que los productos minerales. Esto se debe a que los productos minerales absorben por acci\u00f3n superficial, mientras que este absorbente, debido a su alta microporosidad, absorbe capilarmente el residuo y lo encapsula fuertemente entre sus peque\u00f1as celdas. Adem\u00e1s, productos minerales contienen s\u00edlice, elemento considerado cancer\u00edgeno por organismos de regulaci\u00f3n. Es por eso que la aplicaci\u00f3n y manipulaci\u00f3n de arcillas debe hacerse con respiradores. En contraste, este absorbente no genera ning\u00fan riesgo para la salud ya que no contiene agentes cancer\u00edgenos. Dicho absorbente no es abrasivo. Al tener un factor de dureza muy bajo, no genera da\u00f1os met\u00e1licos, pl\u00e1sticos o caucho. Por el contrario, absorbentes minerales en contacto con m\u00e1quinas y equipos industriales producen corrosi\u00f3n y deterioro r\u00e1pidamente, ya que tiene un factor de dureza superior.<\/p>\n","protected":false},"excerpt":{"rendered":"<p>Org\u00e1nico compuesto por turba Musgo Sphagnum patag\u00f3nico 100%, con proceso termo-activado, es un absorbente natural para hidrocarburos y productos oleosos, desarrollado para proteger el medio ambiente, logrando obtener un producto innovador y sustentable que reemplaza los elementos convencionales (arcillas y minerales) que son menos efectivos y m\u00e1s peligrosos para el ambiente. Este producto absorbe y [&#8230;]\n","protected":false},"featured_media":6774,"comment_status":"open","ping_status":"closed","template":"","meta":{"om_disable_all_campaigns":false,"_monsterinsights_skip_tracking":false,"_monsterinsights_sitenote_active":false,"_monsterinsights_sitenote_note":"","_monsterinsights_sitenote_category":0,"_uf_show_specific_survey":0,"_uf_disable_surveys":false},"product_brand":[],"product_cat":[111],"product_tag":[],"class_list":{"0":"post-6773","1":"product","2":"type-product","3":"status-publish","4":"has-post-thumbnail","6":"product_cat-contencion-de-derrames","8":"first","9":"instock","10":"taxable","11":"shipping-taxable","12":"product-type-simple"},"_links":{"self":[{"href":"https:\/\/www.serpromin.cl\/store\/wp-json\/wp\/v2\/product\/6773","targetHints":{"allow":["GET"]}}],"collection":[{"href":"https:\/\/www.serpromin.cl\/store\/wp-json\/wp\/v2\/product"}],"about":[{"href":"https:\/\/www.serpromin.cl\/store\/wp-json\/wp\/v2\/types\/product"}],"replies":[{"embeddable":true,"href":"https:\/\/www.serpromin.cl\/store\/wp-json\/wp\/v2\/comments?post=6773"}],"wp:featuredmedia":[{"embeddable":true,"href":"https:\/\/www.serpromin.cl\/store\/wp-json\/wp\/v2\/media\/6774"}],"wp:attachment":[{"href":"https:\/\/www.serpromin.cl\/store\/wp-json\/wp\/v2\/media?parent=6773"}],"wp:term":[{"taxonomy":"product_brand","embeddable":true,"href":"https:\/\/www.serpromin.cl\/store\/wp-json\/wp\/v2\/product_brand?post=6773"},{"taxonomy":"product_cat","embeddable":true,"href":"https:\/\/www.serpromin.cl\/store\/wp-json\/wp\/v2\/product_cat?post=6773"},{"taxonomy":"product_tag","embeddable":true,"href":"https:\/\/www.serpromin.cl\/store\/wp-json\/wp\/v2\/product_tag?post=6773"}],"curies":[{"name":"wp","href":"https:\/\/api.w.org\/{rel}","templated":true}]}}