{"id":6750,"date":"2023-03-01T13:26:05","date_gmt":"2023-03-01T16:26:05","guid":{"rendered":"https:\/\/www.serpromin.cl\/store\/?post_type=product&#038;p=6750"},"modified":"2023-04-03T11:42:32","modified_gmt":"2023-04-03T14:42:32","slug":"grafeno-anticorte-k01-501-kyorene","status":"publish","type":"product","link":"https:\/\/www.serpromin.cl\/store\/producto\/grafeno-anticorte-k01-501-kyorene\/","title":{"rendered":"Grafeno Anticorte K01-501 &#8211; Kyorene"},"content":{"rendered":"<p>Este nuevo material, posee propiedades t\u00e9rmicas \u00fanicas, que permiten disipar m\u00e1s del 90% del calor producido por las manos.<br \/>\nLa cobertura de nitrilo utilizada provee buen agarre tanto en ambientes h\u00famedos y secos.<br \/>\nEl Grafeno es un material naturalmente antibacterial e impide la formaci\u00f3n de olores en el guante. Kyorene reduce en un 99.6% la presencia bacteriana.<\/p>\n<ul>\n<li>COMPOSICI\u00d3N: Grafeno<\/li>\n<li>PALMA: Nitrilo<\/li>\n<li>COLOR: Gris<\/li>\n<\/ul>\n","protected":false},"excerpt":{"rendered":"<p>Este nuevo material, posee propiedades t\u00e9rmicas \u00fanicas, que permiten disipar m\u00e1s del 90% del calor producido por las manos. La cobertura de nitrilo utilizada provee buen agarre tanto en ambientes h\u00famedos y secos. El Grafeno es un material naturalmente antibacterial e impide la formaci\u00f3n de olores en el guante. Kyorene reduce en un 99.6% la [&#8230;]\n","protected":false},"featured_media":6751,"comment_status":"open","ping_status":"closed","template":"","meta":{"om_disable_all_campaigns":false,"_monsterinsights_skip_tracking":false,"_monsterinsights_sitenote_active":false,"_monsterinsights_sitenote_note":"","_monsterinsights_sitenote_category":0,"_uf_show_specific_survey":0,"_uf_disable_surveys":false},"product_brand":[],"product_cat":[16,24],"product_tag":[],"class_list":{"0":"post-6750","1":"product","2":"type-product","3":"status-publish","4":"has-post-thumbnail","6":"product_cat-seguridad-industrial","7":"product_cat-proteccion-de-manos","9":"first","10":"instock","11":"taxable","12":"shipping-taxable","13":"product-type-simple"},"_links":{"self":[{"href":"https:\/\/www.serpromin.cl\/store\/wp-json\/wp\/v2\/product\/6750","targetHints":{"allow":["GET"]}}],"collection":[{"href":"https:\/\/www.serpromin.cl\/store\/wp-json\/wp\/v2\/product"}],"about":[{"href":"https:\/\/www.serpromin.cl\/store\/wp-json\/wp\/v2\/types\/product"}],"replies":[{"embeddable":true,"href":"https:\/\/www.serpromin.cl\/store\/wp-json\/wp\/v2\/comments?post=6750"}],"wp:featuredmedia":[{"embeddable":true,"href":"https:\/\/www.serpromin.cl\/store\/wp-json\/wp\/v2\/media\/6751"}],"wp:attachment":[{"href":"https:\/\/www.serpromin.cl\/store\/wp-json\/wp\/v2\/media?parent=6750"}],"wp:term":[{"taxonomy":"product_brand","embeddable":true,"href":"https:\/\/www.serpromin.cl\/store\/wp-json\/wp\/v2\/product_brand?post=6750"},{"taxonomy":"product_cat","embeddable":true,"href":"https:\/\/www.serpromin.cl\/store\/wp-json\/wp\/v2\/product_cat?post=6750"},{"taxonomy":"product_tag","embeddable":true,"href":"https:\/\/www.serpromin.cl\/store\/wp-json\/wp\/v2\/product_tag?post=6750"}],"curies":[{"name":"wp","href":"https:\/\/api.w.org\/{rel}","templated":true}]}}