{"id":6748,"date":"2023-03-01T13:15:34","date_gmt":"2023-03-01T16:15:34","guid":{"rendered":"https:\/\/www.serpromin.cl\/store\/?post_type=product&#038;p=6748"},"modified":"2023-04-03T11:33:17","modified_gmt":"2023-04-03T14:33:17","slug":"guante-anticorte-cut5-nitrilo-resistor","status":"publish","type":"product","link":"https:\/\/www.serpromin.cl\/store\/producto\/guante-anticorte-cut5-nitrilo-resistor\/","title":{"rendered":"Guante Anticorte Cut5 Nitrilo &#8211; Resistor"},"content":{"rendered":"<p>Palma nitrilo con acabado arenoso, proporciona m\u00e1xima precisi\u00f3n al trabajar con piezas peque\u00f1as.<br \/>\nBuen nivel de resistencia al desgarro.<\/p>\n<ul>\n<li>COMPOSICI\u00d3N: HPPE<\/li>\n<li>PALMA: Nitrilo<\/li>\n<li>COLOR: Gris<\/li>\n<\/ul>\n","protected":false},"excerpt":{"rendered":"<p>Palma nitrilo con acabado arenoso, proporciona m\u00e1xima precisi\u00f3n al trabajar con piezas peque\u00f1as. Buen nivel de resistencia al desgarro. COMPOSICI\u00d3N: HPPE PALMA: Nitrilo COLOR: Gris<\/p>\n","protected":false},"featured_media":6749,"comment_status":"open","ping_status":"closed","template":"","meta":{"om_disable_all_campaigns":false,"_monsterinsights_skip_tracking":false,"_monsterinsights_sitenote_active":false,"_monsterinsights_sitenote_note":"","_monsterinsights_sitenote_category":0,"_uf_show_specific_survey":0,"_uf_disable_surveys":false},"product_brand":[],"product_cat":[16,24],"product_tag":[],"class_list":{"0":"post-6748","1":"product","2":"type-product","3":"status-publish","4":"has-post-thumbnail","6":"product_cat-seguridad-industrial","7":"product_cat-proteccion-de-manos","9":"first","10":"instock","11":"taxable","12":"shipping-taxable","13":"product-type-simple"},"_links":{"self":[{"href":"https:\/\/www.serpromin.cl\/store\/wp-json\/wp\/v2\/product\/6748","targetHints":{"allow":["GET"]}}],"collection":[{"href":"https:\/\/www.serpromin.cl\/store\/wp-json\/wp\/v2\/product"}],"about":[{"href":"https:\/\/www.serpromin.cl\/store\/wp-json\/wp\/v2\/types\/product"}],"replies":[{"embeddable":true,"href":"https:\/\/www.serpromin.cl\/store\/wp-json\/wp\/v2\/comments?post=6748"}],"wp:featuredmedia":[{"embeddable":true,"href":"https:\/\/www.serpromin.cl\/store\/wp-json\/wp\/v2\/media\/6749"}],"wp:attachment":[{"href":"https:\/\/www.serpromin.cl\/store\/wp-json\/wp\/v2\/media?parent=6748"}],"wp:term":[{"taxonomy":"product_brand","embeddable":true,"href":"https:\/\/www.serpromin.cl\/store\/wp-json\/wp\/v2\/product_brand?post=6748"},{"taxonomy":"product_cat","embeddable":true,"href":"https:\/\/www.serpromin.cl\/store\/wp-json\/wp\/v2\/product_cat?post=6748"},{"taxonomy":"product_tag","embeddable":true,"href":"https:\/\/www.serpromin.cl\/store\/wp-json\/wp\/v2\/product_tag?post=6748"}],"curies":[{"name":"wp","href":"https:\/\/api.w.org\/{rel}","templated":true}]}}