{"id":6744,"date":"2023-03-01T12:35:32","date_gmt":"2023-03-01T15:35:32","guid":{"rendered":"https:\/\/www.serpromin.cl\/store\/?post_type=product&#038;p=6744"},"modified":"2023-04-03T11:28:08","modified_gmt":"2023-04-03T14:28:08","slug":"activgrip-omega-max-towa","status":"publish","type":"product","link":"https:\/\/www.serpromin.cl\/store\/producto\/activgrip-omega-max-towa\/","title":{"rendered":"Activgrip\u2122 Omega Max &#8211; Towa"},"content":{"rendered":"<p>ActivGrip\u2122 Omega Max est\u00e1 dise\u00f1ado para una protecci\u00f3n 360\u00ba a prueba de l\u00edquidos. Combinado con la palma a prueba de l\u00edquidos y la tecnolog\u00eda de agarre MicroFinish\u00ae, este modelo es ideal para las tareas m\u00e1s extremas.<\/p>\n<ul>\n<li>REVESTIMIENTO: Nitrilo<\/li>\n<li>FORRO: HPPE \/ Fibra de vidrio<\/li>\n<li>COLOR: Azul \/ Beige<\/li>\n<\/ul>\n","protected":false},"excerpt":{"rendered":"<p>ActivGrip\u2122 Omega Max est\u00e1 dise\u00f1ado para una protecci\u00f3n 360\u00ba a prueba de l\u00edquidos. Combinado con la palma a prueba de l\u00edquidos y la tecnolog\u00eda de agarre MicroFinish\u00ae, este modelo es ideal para las tareas m\u00e1s extremas. REVESTIMIENTO: Nitrilo FORRO: HPPE \/ Fibra de vidrio COLOR: Azul \/ Beige<\/p>\n","protected":false},"featured_media":6745,"comment_status":"open","ping_status":"closed","template":"","meta":{"om_disable_all_campaigns":false,"_monsterinsights_skip_tracking":false,"_monsterinsights_sitenote_active":false,"_monsterinsights_sitenote_note":"","_monsterinsights_sitenote_category":0,"_uf_show_specific_survey":0,"_uf_disable_surveys":false},"product_brand":[],"product_cat":[24,16],"product_tag":[],"class_list":{"0":"post-6744","1":"product","2":"type-product","3":"status-publish","4":"has-post-thumbnail","6":"product_cat-proteccion-de-manos","7":"product_cat-seguridad-industrial","9":"first","10":"instock","11":"taxable","12":"shipping-taxable","13":"product-type-simple"},"_links":{"self":[{"href":"https:\/\/www.serpromin.cl\/store\/wp-json\/wp\/v2\/product\/6744","targetHints":{"allow":["GET"]}}],"collection":[{"href":"https:\/\/www.serpromin.cl\/store\/wp-json\/wp\/v2\/product"}],"about":[{"href":"https:\/\/www.serpromin.cl\/store\/wp-json\/wp\/v2\/types\/product"}],"replies":[{"embeddable":true,"href":"https:\/\/www.serpromin.cl\/store\/wp-json\/wp\/v2\/comments?post=6744"}],"wp:featuredmedia":[{"embeddable":true,"href":"https:\/\/www.serpromin.cl\/store\/wp-json\/wp\/v2\/media\/6745"}],"wp:attachment":[{"href":"https:\/\/www.serpromin.cl\/store\/wp-json\/wp\/v2\/media?parent=6744"}],"wp:term":[{"taxonomy":"product_brand","embeddable":true,"href":"https:\/\/www.serpromin.cl\/store\/wp-json\/wp\/v2\/product_brand?post=6744"},{"taxonomy":"product_cat","embeddable":true,"href":"https:\/\/www.serpromin.cl\/store\/wp-json\/wp\/v2\/product_cat?post=6744"},{"taxonomy":"product_tag","embeddable":true,"href":"https:\/\/www.serpromin.cl\/store\/wp-json\/wp\/v2\/product_tag?post=6744"}],"curies":[{"name":"wp","href":"https:\/\/api.w.org\/{rel}","templated":true}]}}