{"id":6732,"date":"2023-02-16T18:07:27","date_gmt":"2023-02-16T21:07:27","guid":{"rendered":"https:\/\/www.serpromin.cl\/store\/?post_type=product&#038;p=6732"},"modified":"2023-03-01T11:36:07","modified_gmt":"2023-03-01T14:36:07","slug":"guante-anticorte-cut5-tpr-pro-resistor","status":"publish","type":"product","link":"https:\/\/www.serpromin.cl\/store\/producto\/guante-anticorte-cut5-tpr-pro-resistor\/","title":{"rendered":"Guante Anticorte CUT TPR Palma L\u00e1tex &#8211; Resistor"},"content":{"rendered":"<p>Guante mec\u00e1nico anticorte e impacto elaborado en HPPE y palma de l\u00e1tex con terminaci\u00f3n arenosa.<br \/>\nDorso respirable con protecci\u00f3n contra impactos TPR. Estos son elaborados en goma termopl\u00e1stica flexible que dispersa el impacto y la abrasi\u00f3n.<br \/>\nLas aplicaciones TPR poseen ranuras que facilitan la movilidad de los dedos.<br \/>\nPulgar cuenta con refuerzo para proteger el \u00e1rea m\u00e1s vulnerable, lesiones en este dedo producen una incapacidad f\u00edsica equivalente de hasta el 30% &#8211; DS109 Art.25.<br \/>\nGuante lavable, conserva sus propiedades mec\u00e1nicas incluso al humedecerse. Nivel de resistencia a la punci\u00f3n: 4<\/p>\n","protected":false},"excerpt":{"rendered":"<p>Guante mec\u00e1nico anticorte e impacto elaborado en HPPE y palma de l\u00e1tex con terminaci\u00f3n arenosa.<\/p>\n","protected":false},"featured_media":6736,"comment_status":"open","ping_status":"closed","template":"","meta":{"om_disable_all_campaigns":false,"_monsterinsights_skip_tracking":false,"_monsterinsights_sitenote_active":false,"_monsterinsights_sitenote_note":"","_monsterinsights_sitenote_category":0,"_uf_show_specific_survey":0,"_uf_disable_surveys":false},"product_brand":[],"product_cat":[16,24],"product_tag":[],"class_list":{"0":"post-6732","1":"product","2":"type-product","3":"status-publish","4":"has-post-thumbnail","6":"product_cat-seguridad-industrial","7":"product_cat-proteccion-de-manos","9":"first","10":"instock","11":"taxable","12":"shipping-taxable","13":"product-type-simple"},"_links":{"self":[{"href":"https:\/\/www.serpromin.cl\/store\/wp-json\/wp\/v2\/product\/6732","targetHints":{"allow":["GET"]}}],"collection":[{"href":"https:\/\/www.serpromin.cl\/store\/wp-json\/wp\/v2\/product"}],"about":[{"href":"https:\/\/www.serpromin.cl\/store\/wp-json\/wp\/v2\/types\/product"}],"replies":[{"embeddable":true,"href":"https:\/\/www.serpromin.cl\/store\/wp-json\/wp\/v2\/comments?post=6732"}],"wp:featuredmedia":[{"embeddable":true,"href":"https:\/\/www.serpromin.cl\/store\/wp-json\/wp\/v2\/media\/6736"}],"wp:attachment":[{"href":"https:\/\/www.serpromin.cl\/store\/wp-json\/wp\/v2\/media?parent=6732"}],"wp:term":[{"taxonomy":"product_brand","embeddable":true,"href":"https:\/\/www.serpromin.cl\/store\/wp-json\/wp\/v2\/product_brand?post=6732"},{"taxonomy":"product_cat","embeddable":true,"href":"https:\/\/www.serpromin.cl\/store\/wp-json\/wp\/v2\/product_cat?post=6732"},{"taxonomy":"product_tag","embeddable":true,"href":"https:\/\/www.serpromin.cl\/store\/wp-json\/wp\/v2\/product_tag?post=6732"}],"curies":[{"name":"wp","href":"https:\/\/api.w.org\/{rel}","templated":true}]}}