{"id":6720,"date":"2023-02-06T20:51:13","date_gmt":"2023-02-06T23:51:13","guid":{"rendered":"https:\/\/www.serpromin.cl\/store\/?post_type=product&#038;p=6720"},"modified":"2023-02-06T20:51:15","modified_gmt":"2023-02-06T23:51:15","slug":"guante-dielectrico-sofamel","status":"publish","type":"product","link":"https:\/\/www.serpromin.cl\/store\/producto\/guante-dielectrico-sofamel\/","title":{"rendered":"Guante Diel\u00e9ctrico Sofamel"},"content":{"rendered":"","protected":false},"excerpt":{"rendered":"<p>Guantes de protecci\u00f3n el\u00e9ctrica de marca sofamel.<\/p>\n<p><strong>Clase: 00 , 0 , 1 , 2 , 3 , 4\u00a0<\/strong><\/p>\n<ul>\n<li>Fabricados en l\u00e1tex natural.<\/li>\n<li>Cumplen con las normas EN 60903 \u2013 CEI 903.<\/li>\n<li>Cada guante viene marcado con la tensi\u00f3n de utilizaci\u00f3n.<\/li>\n<li>Dise\u00f1o anat\u00f3mico y de gran flexibilidad que reportan una buena sensibilidad.<\/li>\n<\/ul>\n","protected":false},"featured_media":6721,"comment_status":"open","ping_status":"closed","template":"","meta":{"om_disable_all_campaigns":false,"_monsterinsights_skip_tracking":false,"_monsterinsights_sitenote_active":false,"_monsterinsights_sitenote_note":"","_monsterinsights_sitenote_category":0,"_uf_show_specific_survey":0,"_uf_disable_surveys":false},"product_brand":[],"product_cat":[146,16],"product_tag":[],"class_list":{"0":"post-6720","1":"product","2":"type-product","3":"status-publish","4":"has-post-thumbnail","6":"product_cat-proteccion-electrica","7":"product_cat-seguridad-industrial","9":"first","10":"instock","11":"taxable","12":"shipping-taxable","13":"product-type-simple"},"_links":{"self":[{"href":"https:\/\/www.serpromin.cl\/store\/wp-json\/wp\/v2\/product\/6720","targetHints":{"allow":["GET"]}}],"collection":[{"href":"https:\/\/www.serpromin.cl\/store\/wp-json\/wp\/v2\/product"}],"about":[{"href":"https:\/\/www.serpromin.cl\/store\/wp-json\/wp\/v2\/types\/product"}],"replies":[{"embeddable":true,"href":"https:\/\/www.serpromin.cl\/store\/wp-json\/wp\/v2\/comments?post=6720"}],"wp:featuredmedia":[{"embeddable":true,"href":"https:\/\/www.serpromin.cl\/store\/wp-json\/wp\/v2\/media\/6721"}],"wp:attachment":[{"href":"https:\/\/www.serpromin.cl\/store\/wp-json\/wp\/v2\/media?parent=6720"}],"wp:term":[{"taxonomy":"product_brand","embeddable":true,"href":"https:\/\/www.serpromin.cl\/store\/wp-json\/wp\/v2\/product_brand?post=6720"},{"taxonomy":"product_cat","embeddable":true,"href":"https:\/\/www.serpromin.cl\/store\/wp-json\/wp\/v2\/product_cat?post=6720"},{"taxonomy":"product_tag","embeddable":true,"href":"https:\/\/www.serpromin.cl\/store\/wp-json\/wp\/v2\/product_tag?post=6720"}],"curies":[{"name":"wp","href":"https:\/\/api.w.org\/{rel}","templated":true}]}}