{"id":6718,"date":"2023-02-06T20:35:41","date_gmt":"2023-02-06T23:35:41","guid":{"rendered":"https:\/\/www.serpromin.cl\/store\/?post_type=product&#038;p=6718"},"modified":"2023-12-14T16:50:07","modified_gmt":"2023-12-14T19:50:07","slug":"panel-de-rescate-electrico-modelo-b","status":"publish","type":"product","link":"https:\/\/www.serpromin.cl\/store\/producto\/panel-de-rescate-electrico-modelo-b\/","title":{"rendered":"Panel de Rescate Electrico Modelo B"},"content":{"rendered":"<div class=\"row\"  id=\"row-1524544084\">\n\n\t<div id=\"col-62651892\" class=\"col medium-8 small-12 large-8\"  >\n\t\t\t\t<div class=\"col-inner\" style=\"background-color:rgb(0,0,0);\" >\n\t\t\t\n\t<div class=\"is-border\"\n\t\tstyle=\"border-width:11px 11px 11px 11px;\">\n\t<\/div>\n\t\t\t\n\t<div id=\"text-1361120633\" class=\"text\">\n\t\t\n<p>Panel de rescate para maniobras el\u00e9ctricas, fabricado en tablero en de Melamina de medidas 0,9&#215;1,6 Metros.<\/p>\n<p>Incluye:<\/p>\n<p>1 P\u00e9rtiga de Salvamento<\/p>\n<p>1 Detector de Tension 5-36 KV<\/p>\n<p>1 P\u00e9rtiga para detector<\/p>\n<p>1 Par De Guantes clase III<\/p>\n<p>1 Cortante aislado SZ-57<\/p>\n<p>1 Canula Mayo<\/p>\n<p>1 Banqueta Aislante 45 KV<\/p>\n<p>1 Frasco de Sales<\/p>\n<p>1 Par de zapatillas aislantes<\/p>\n<p>1 Placa de primeros auxilios<\/p>\n<p>1 Placa de Instrucciones.<\/p>\n<p>&nbsp;<\/p>\n<p>Opcional: Kit de Inmovilizaci\u00f3n Adulto ( Tabla Espinal Pl\u00e1stica, Inmovilizador Lateral, Collar Cervical, Correa de Sujeci\u00f3n)<\/p>\n\t\t\n<style>\n#text-1361120633 {\n  font-size: 1.85rem;\n  line-height: 0.75;\n  text-align: left;\n  color: rgb(255,255,255);\n}\n#text-1361120633 > * {\n  color: rgb(255,255,255);\n}\n<\/style>\n\t<\/div>\n\t\n\t\t<\/div>\n\t\t\t\t\n<style>\n#col-62651892 > .col-inner {\n  padding: 14px 13px 14px 14px;\n}\n<\/style>\n\t<\/div>\n\n\t\n\n\t<div id=\"col-248408821\" class=\"col medium-4 small-12 large-4\"  >\n\t\t\t\t<div class=\"col-inner\"  >\n\t\t\t\n\t\t\t\n\t<div id=\"text-2169826302\" class=\"text\">\n\t\t\n<h2>Cotiza con nosotros <\/h2>\n\t\t\n<style>\n#text-2169826302 {\n  font-size: 1.3rem;\n  line-height: 0.75;\n  color: #bbc326;\n}\n#text-2169826302 > * {\n  color: #bbc326;\n}\n<\/style>\n\t<\/div>\n\t\n\n<div class=\"wpcf7 no-js\" id=\"wpcf7-f6057-o1\" lang=\"es-CL\" dir=\"ltr\" data-wpcf7-id=\"6057\">\n<div class=\"screen-reader-response\"><p role=\"status\" aria-live=\"polite\" aria-atomic=\"true\"><\/p> <ul><\/ul><\/div>\n<form action=\"\/store\/wp-json\/wp\/v2\/product\/6718#wpcf7-f6057-o1\" method=\"post\" class=\"wpcf7-form init\" aria-label=\"Formulario de contacto\" novalidate=\"novalidate\" data-status=\"init\">\n<fieldset class=\"hidden-fields-container\"><input type=\"hidden\" name=\"_wpcf7\" value=\"6057\" \/><input type=\"hidden\" name=\"_wpcf7_version\" value=\"6.1.5\" \/><input type=\"hidden\" name=\"_wpcf7_locale\" value=\"es_CL\" \/><input type=\"hidden\" name=\"_wpcf7_unit_tag\" value=\"wpcf7-f6057-o1\" \/><input type=\"hidden\" name=\"_wpcf7_container_post\" value=\"0\" \/><input type=\"hidden\" name=\"_wpcf7_posted_data_hash\" value=\"\" \/>\n<\/fieldset>\n<label> Tu Nombre (requerido)\n    <span class=\"wpcf7-form-control-wrap\" data-name=\"your-name\"><input size=\"40\" maxlength=\"400\" class=\"wpcf7-form-control wpcf7-text wpcf7-validates-as-required\" id=\"your-name\" aria-required=\"true\" aria-invalid=\"false\" value=\"\" type=\"text\" name=\"your-name\" \/><\/span> <\/label>\n\n<label> Empresa (requerido)\n   <span class=\"wpcf7-form-control-wrap\" data-name=\"Empresa\"><input size=\"40\" maxlength=\"400\" class=\"wpcf7-form-control wpcf7-text wpcf7-validates-as-required\" id=\"Empresa\" aria-required=\"true\" aria-invalid=\"false\" value=\"\" type=\"text\" name=\"Empresa\" \/><\/span> <\/label>\n\n<label> Celular (requerido)\n   <span class=\"wpcf7-form-control-wrap\" data-name=\"Celular\"><input size=\"40\" maxlength=\"400\" class=\"wpcf7-form-control wpcf7-tel wpcf7-validates-as-required wpcf7-text wpcf7-validates-as-tel\" id=\"Celular\" aria-required=\"true\" aria-invalid=\"false\" value=\"\" type=\"tel\" name=\"Celular\" \/><\/span> <\/label>\n\n<label> Email (requerido)\n    <span class=\"wpcf7-form-control-wrap\" data-name=\"your-email\"><input size=\"40\" maxlength=\"400\" class=\"wpcf7-form-control wpcf7-email wpcf7-validates-as-required wpcf7-text wpcf7-validates-as-email\" id=\"your-email\" aria-required=\"true\" aria-invalid=\"false\" value=\"\" type=\"email\" name=\"your-email\" \/><\/span> <\/label>\n\n<label> Asunto\n    <span class=\"wpcf7-form-control-wrap\" data-name=\"your-subject\"><input size=\"40\" maxlength=\"400\" class=\"wpcf7-form-control wpcf7-text\" id=\"your-subject\" aria-invalid=\"false\" value=\"\" type=\"text\" name=\"your-subject\" \/><\/span> <\/label>\n\n<label> Tu Mensaje\n    <span class=\"wpcf7-form-control-wrap\" data-name=\"your-message\"><textarea cols=\"40\" rows=\"10\" maxlength=\"2000\" class=\"wpcf7-form-control wpcf7-textarea\" id=\"your-message\" aria-invalid=\"false\" name=\"your-message\"><\/textarea><\/span> <\/label>\n\n<p><div id=\"cf7sr-6a0590267d2ee\" class=\"cf7sr-g-recaptcha\" data-theme=\"light\" data-type=\"image\" data-size=\"normal\" data-sitekey=\"6Lfvf1MeAAAAAD1Wlpf4LLNdtvx98bNMgOODOpGi\"><\/div><span class=\"wpcf7-form-control-wrap cf7sr-recaptcha\" data-name=\"cf7sr-recaptcha\"><input type=\"hidden\" name=\"cf7sr-recaptcha\" value=\"\" class=\"wpcf7-form-control\"><\/span><\/p>\n\n<input class=\"wpcf7-form-control wpcf7-submit has-spinner\" type=\"submit\" value=\"Enviar\" \/><div class=\"wpcf7-response-output\" aria-hidden=\"true\"><\/div>\n<\/form>\n<\/div>\n\n\t\t<\/div>\n\t\t\t\t\t<\/div>\n\n\t\n<\/div>\n","protected":false},"excerpt":{"rendered":"","protected":false},"featured_media":6717,"comment_status":"open","ping_status":"closed","template":"","meta":{"om_disable_all_campaigns":false,"_monsterinsights_skip_tracking":false,"_monsterinsights_sitenote_active":false,"_monsterinsights_sitenote_note":"","_monsterinsights_sitenote_category":0,"_uf_show_specific_survey":0,"_uf_disable_surveys":false},"product_brand":[],"product_cat":[146,16],"product_tag":[],"class_list":{"0":"post-6718","1":"product","2":"type-product","3":"status-publish","4":"has-post-thumbnail","6":"product_cat-proteccion-electrica","7":"product_cat-seguridad-industrial","9":"first","10":"instock","11":"taxable","12":"shipping-taxable","13":"product-type-simple"},"_links":{"self":[{"href":"https:\/\/www.serpromin.cl\/store\/wp-json\/wp\/v2\/product\/6718","targetHints":{"allow":["GET"]}}],"collection":[{"href":"https:\/\/www.serpromin.cl\/store\/wp-json\/wp\/v2\/product"}],"about":[{"href":"https:\/\/www.serpromin.cl\/store\/wp-json\/wp\/v2\/types\/product"}],"replies":[{"embeddable":true,"href":"https:\/\/www.serpromin.cl\/store\/wp-json\/wp\/v2\/comments?post=6718"}],"wp:featuredmedia":[{"embeddable":true,"href":"https:\/\/www.serpromin.cl\/store\/wp-json\/wp\/v2\/media\/6717"}],"wp:attachment":[{"href":"https:\/\/www.serpromin.cl\/store\/wp-json\/wp\/v2\/media?parent=6718"}],"wp:term":[{"taxonomy":"product_brand","embeddable":true,"href":"https:\/\/www.serpromin.cl\/store\/wp-json\/wp\/v2\/product_brand?post=6718"},{"taxonomy":"product_cat","embeddable":true,"href":"https:\/\/www.serpromin.cl\/store\/wp-json\/wp\/v2\/product_cat?post=6718"},{"taxonomy":"product_tag","embeddable":true,"href":"https:\/\/www.serpromin.cl\/store\/wp-json\/wp\/v2\/product_tag?post=6718"}],"curies":[{"name":"wp","href":"https:\/\/api.w.org\/{rel}","templated":true}]}}