{"id":6715,"date":"2023-02-06T20:32:36","date_gmt":"2023-02-06T23:32:36","guid":{"rendered":"https:\/\/www.serpromin.cl\/store\/?post_type=product&#038;p=6715"},"modified":"2023-02-06T20:40:09","modified_gmt":"2023-02-06T23:40:09","slug":"panel-de-rescate-electrico-basico","status":"publish","type":"product","link":"https:\/\/www.serpromin.cl\/store\/producto\/panel-de-rescate-electrico-basico\/","title":{"rendered":"Panel de Rescate Electrico Modelo A"},"content":{"rendered":"","protected":false},"excerpt":{"rendered":"<p>Panel de rescate para maniobras el\u00e9ctricas, fabricado en tablero en de Melamina de medidas 0,9&#215;1,6 Metros.<\/p>\n<p>Incluye:<\/p>\n<p>1 P\u00e9rtiga de Salvamento<\/p>\n<p>1 Par De Guantes clase III<\/p>\n<p>1 Cortante aislado SZ-57<\/p>\n<p>1 Canula Mayo<\/p>\n<p>1 Banqueta Aislante 45 KV<\/p>\n<p>1 Frasco de Sales<\/p>\n<p>1 Placa de primeros auxilios<\/p>\n<p>1 Placa de Instrucciones.<\/p>\n<p>Opcional: Kit de Inmovilizaci\u00f3n Adulto ( Tabla Espinal Pl\u00e1stica, Inmovilizador Lateral, Collar Cervical, Correa de Sujeci\u00f3n)<\/p>\n","protected":false},"featured_media":6717,"comment_status":"open","ping_status":"closed","template":"","meta":{"om_disable_all_campaigns":false,"_monsterinsights_skip_tracking":false,"_monsterinsights_sitenote_active":false,"_monsterinsights_sitenote_note":"","_monsterinsights_sitenote_category":0,"_uf_show_specific_survey":0,"_uf_disable_surveys":false},"product_brand":[],"product_cat":[16,146],"product_tag":[],"class_list":{"0":"post-6715","1":"product","2":"type-product","3":"status-publish","4":"has-post-thumbnail","6":"product_cat-seguridad-industrial","7":"product_cat-proteccion-electrica","9":"first","10":"instock","11":"taxable","12":"shipping-taxable","13":"product-type-simple"},"_links":{"self":[{"href":"https:\/\/www.serpromin.cl\/store\/wp-json\/wp\/v2\/product\/6715","targetHints":{"allow":["GET"]}}],"collection":[{"href":"https:\/\/www.serpromin.cl\/store\/wp-json\/wp\/v2\/product"}],"about":[{"href":"https:\/\/www.serpromin.cl\/store\/wp-json\/wp\/v2\/types\/product"}],"replies":[{"embeddable":true,"href":"https:\/\/www.serpromin.cl\/store\/wp-json\/wp\/v2\/comments?post=6715"}],"wp:featuredmedia":[{"embeddable":true,"href":"https:\/\/www.serpromin.cl\/store\/wp-json\/wp\/v2\/media\/6717"}],"wp:attachment":[{"href":"https:\/\/www.serpromin.cl\/store\/wp-json\/wp\/v2\/media?parent=6715"}],"wp:term":[{"taxonomy":"product_brand","embeddable":true,"href":"https:\/\/www.serpromin.cl\/store\/wp-json\/wp\/v2\/product_brand?post=6715"},{"taxonomy":"product_cat","embeddable":true,"href":"https:\/\/www.serpromin.cl\/store\/wp-json\/wp\/v2\/product_cat?post=6715"},{"taxonomy":"product_tag","embeddable":true,"href":"https:\/\/www.serpromin.cl\/store\/wp-json\/wp\/v2\/product_tag?post=6715"}],"curies":[{"name":"wp","href":"https:\/\/api.w.org\/{rel}","templated":true}]}}