{"id":6713,"date":"2023-02-06T20:16:09","date_gmt":"2023-02-06T23:16:09","guid":{"rendered":"https:\/\/www.serpromin.cl\/store\/?post_type=product&#038;p=6713"},"modified":"2023-02-06T20:16:10","modified_gmt":"2023-02-06T23:16:10","slug":"detector-personal-d-tueri-sofamel","status":"publish","type":"product","link":"https:\/\/www.serpromin.cl\/store\/producto\/detector-personal-d-tueri-sofamel\/","title":{"rendered":"Detector Personal D-Tueri &#8211; Sofamel"},"content":{"rendered":"","protected":false},"excerpt":{"rendered":"<p>Elemento de seguridad adicional de uso individual. Detector personal de campo el\u00e9ctrico omnidireccional. Cuando el operario se aproxima hacia un campo el\u00e9ctrico comprendido entre 10kV \u2013 66kV y sobrepasa una distancia aproximada de 1m para 10 kV y 3m para 66kV, el detector mantiene una se\u00f1al ac\u00fastica que indica al operario que se encuentra en una zona de peligro. Hasta que no se aleja de la fuente de tensi\u00f3n no cesa la alarma.<\/p>\n<p><strong>DISCRIMINA LAS FUENTES DE TENSI\u00d3N.\u00a0<\/strong>Sistema inteligente de ajuste de distancias Mediante un aceler\u00f3metro, el dispositivo es capaz de calcular la velocidad de aproximaci\u00f3n a un punto en tensi\u00f3n y decidir la distancia de alarma seg\u00fan la capacidad de reacci\u00f3n del usuario.<\/p>\n<p>&nbsp;<\/p>\n<ul>\n<li>Utilizaci\u00f3n en centros de Distribuci\u00f3n\/Transformaci\u00f3n y L\u00edneas A\u00e9reas.<\/li>\n<li>Rango de utilizaci\u00f3n: entre 10kV y 66kV<\/li>\n<li>Frecuencia de funcionamiento: 50 y 60Hz<\/li>\n<li>Alimentaci\u00f3n: 2 pilas tipo LR-03<\/li>\n<\/ul>\n","protected":false},"featured_media":6714,"comment_status":"open","ping_status":"closed","template":"","meta":{"om_disable_all_campaigns":false,"_monsterinsights_skip_tracking":false,"_monsterinsights_sitenote_active":false,"_monsterinsights_sitenote_note":"","_monsterinsights_sitenote_category":0,"_uf_show_specific_survey":0,"_uf_disable_surveys":false},"product_brand":[],"product_cat":[146,16],"product_tag":[],"class_list":{"0":"post-6713","1":"product","2":"type-product","3":"status-publish","4":"has-post-thumbnail","6":"product_cat-proteccion-electrica","7":"product_cat-seguridad-industrial","9":"first","10":"instock","11":"taxable","12":"shipping-taxable","13":"product-type-simple"},"_links":{"self":[{"href":"https:\/\/www.serpromin.cl\/store\/wp-json\/wp\/v2\/product\/6713","targetHints":{"allow":["GET"]}}],"collection":[{"href":"https:\/\/www.serpromin.cl\/store\/wp-json\/wp\/v2\/product"}],"about":[{"href":"https:\/\/www.serpromin.cl\/store\/wp-json\/wp\/v2\/types\/product"}],"replies":[{"embeddable":true,"href":"https:\/\/www.serpromin.cl\/store\/wp-json\/wp\/v2\/comments?post=6713"}],"wp:featuredmedia":[{"embeddable":true,"href":"https:\/\/www.serpromin.cl\/store\/wp-json\/wp\/v2\/media\/6714"}],"wp:attachment":[{"href":"https:\/\/www.serpromin.cl\/store\/wp-json\/wp\/v2\/media?parent=6713"}],"wp:term":[{"taxonomy":"product_brand","embeddable":true,"href":"https:\/\/www.serpromin.cl\/store\/wp-json\/wp\/v2\/product_brand?post=6713"},{"taxonomy":"product_cat","embeddable":true,"href":"https:\/\/www.serpromin.cl\/store\/wp-json\/wp\/v2\/product_cat?post=6713"},{"taxonomy":"product_tag","embeddable":true,"href":"https:\/\/www.serpromin.cl\/store\/wp-json\/wp\/v2\/product_tag?post=6713"}],"curies":[{"name":"wp","href":"https:\/\/api.w.org\/{rel}","templated":true}]}}