{"id":6710,"date":"2023-02-06T20:09:46","date_gmt":"2023-02-06T23:09:46","guid":{"rendered":"https:\/\/www.serpromin.cl\/store\/?post_type=product&#038;p=6710"},"modified":"2023-02-06T20:11:10","modified_gmt":"2023-02-06T23:11:10","slug":"bota-aislante-vw8-3-viking","status":"publish","type":"product","link":"https:\/\/www.serpromin.cl\/store\/producto\/bota-aislante-vw8-3-viking\/","title":{"rendered":"Bota Aislante VW8-3 &#8211; Viking"},"content":{"rendered":"","protected":false},"excerpt":{"rendered":"<p>100% impermeable<br \/>\nCaucho\/Nitrilo\/Butadieno (NBR)<br \/>\nAnti\u00e1cidos, petroqu\u00edmicos, cemento, cal geol\u00f3gica<\/p>\n<p>Dise\u00f1adas y fabricadas pensando en la seguridad del usuario \u2013varias capas de caucho, suela antideslizante, punta y plantilla de acero, m\u00e1ximo rendimiento de uso industrial.<\/p>\n<p>Ideal para:<\/p>\n<ul>\n<li>Trabajadores de miner\u00eda y construcci\u00f3n<\/li>\n<li>Obreros en general<\/li>\n<li>Ingenieros de campos<\/li>\n<li>Electricistas<\/li>\n<li>Est\u00e1ndares:<\/li>\n<li>CSA Z195-09 \/ ASTM F2413-11 Clase #1 Punta y plantilla de acero<\/li>\n<li>CSA omega \u2013 resistente a descarga el\u00e9ctrica 18kV (Diel\u00e9ctrica)<\/li>\n<\/ul>\n<p>ASTM F2413-11<br \/>\nM I\/75 C\/75<br \/>\nEH PR<\/p>\n","protected":false},"featured_media":6712,"comment_status":"open","ping_status":"closed","template":"","meta":{"om_disable_all_campaigns":false,"_monsterinsights_skip_tracking":false,"_monsterinsights_sitenote_active":false,"_monsterinsights_sitenote_note":"","_monsterinsights_sitenote_category":0,"_uf_show_specific_survey":0,"_uf_disable_surveys":false},"product_brand":[],"product_cat":[146,16],"product_tag":[],"class_list":{"0":"post-6710","1":"product","2":"type-product","3":"status-publish","4":"has-post-thumbnail","6":"product_cat-proteccion-electrica","7":"product_cat-seguridad-industrial","9":"first","10":"instock","11":"taxable","12":"shipping-taxable","13":"product-type-simple"},"_links":{"self":[{"href":"https:\/\/www.serpromin.cl\/store\/wp-json\/wp\/v2\/product\/6710","targetHints":{"allow":["GET"]}}],"collection":[{"href":"https:\/\/www.serpromin.cl\/store\/wp-json\/wp\/v2\/product"}],"about":[{"href":"https:\/\/www.serpromin.cl\/store\/wp-json\/wp\/v2\/types\/product"}],"replies":[{"embeddable":true,"href":"https:\/\/www.serpromin.cl\/store\/wp-json\/wp\/v2\/comments?post=6710"}],"wp:featuredmedia":[{"embeddable":true,"href":"https:\/\/www.serpromin.cl\/store\/wp-json\/wp\/v2\/media\/6712"}],"wp:attachment":[{"href":"https:\/\/www.serpromin.cl\/store\/wp-json\/wp\/v2\/media?parent=6710"}],"wp:term":[{"taxonomy":"product_brand","embeddable":true,"href":"https:\/\/www.serpromin.cl\/store\/wp-json\/wp\/v2\/product_brand?post=6710"},{"taxonomy":"product_cat","embeddable":true,"href":"https:\/\/www.serpromin.cl\/store\/wp-json\/wp\/v2\/product_cat?post=6710"},{"taxonomy":"product_tag","embeddable":true,"href":"https:\/\/www.serpromin.cl\/store\/wp-json\/wp\/v2\/product_tag?post=6710"}],"curies":[{"name":"wp","href":"https:\/\/api.w.org\/{rel}","templated":true}]}}