{"id":6665,"date":"2023-01-24T14:56:15","date_gmt":"2023-01-24T17:56:15","guid":{"rendered":"https:\/\/www.serpromin.cl\/store\/?post_type=product&#038;p=6665"},"modified":"2023-01-24T15:11:38","modified_gmt":"2023-01-24T18:11:38","slug":"lente-pewen-forestal-resistor","status":"publish","type":"product","link":"https:\/\/www.serpromin.cl\/store\/producto\/lente-pewen-forestal-resistor\/","title":{"rendered":"Lente Seguridad Imperial &#8211; Resistor"},"content":{"rendered":"<p>Lente forestal de protecci\u00f3n contra astillas de madera.<\/p>\n<p>CARARTER\u00cdSTICAS<\/p>\n<ul>\n<li>COMPOSICI\u00d3N:<br \/>\nPolicarbonato.<br \/>\nMarco con sello de goma EVA que evita el ingreso de todo tipo de part\u00edculas s\u00f3lidas y salpicaduras de l\u00edquidos.<br \/>\nPatillas de goma con excelente agarre y desmontables.<br \/>\nBanda el\u00e1stica intercambiable incluida.<\/p>\n<p>Reales caracter\u00edsticas anti empa\u00f1antes para labores con alta exposici\u00f3n a vapores y humedad.<br \/>\nIdeal para el uso con mascarilla o protecci\u00f3n respiratoria de otro tipo.<\/li>\n<\/ul>\n","protected":false},"excerpt":{"rendered":"<p>Lente forestal de protecci\u00f3n contra astillas de madera.<\/p>\n","protected":false},"featured_media":6670,"comment_status":"open","ping_status":"closed","template":"","meta":{"om_disable_all_campaigns":false,"_monsterinsights_skip_tracking":false,"_monsterinsights_sitenote_active":false,"_monsterinsights_sitenote_note":"","_monsterinsights_sitenote_category":0,"_uf_show_specific_survey":0,"_uf_disable_surveys":false},"product_brand":[],"product_cat":[16,22],"product_tag":[],"class_list":{"0":"post-6665","1":"product","2":"type-product","3":"status-publish","4":"has-post-thumbnail","6":"product_cat-seguridad-industrial","7":"product_cat-proteccion-visual","9":"first","10":"instock","11":"taxable","12":"shipping-taxable","13":"product-type-simple"},"_links":{"self":[{"href":"https:\/\/www.serpromin.cl\/store\/wp-json\/wp\/v2\/product\/6665","targetHints":{"allow":["GET"]}}],"collection":[{"href":"https:\/\/www.serpromin.cl\/store\/wp-json\/wp\/v2\/product"}],"about":[{"href":"https:\/\/www.serpromin.cl\/store\/wp-json\/wp\/v2\/types\/product"}],"replies":[{"embeddable":true,"href":"https:\/\/www.serpromin.cl\/store\/wp-json\/wp\/v2\/comments?post=6665"}],"wp:featuredmedia":[{"embeddable":true,"href":"https:\/\/www.serpromin.cl\/store\/wp-json\/wp\/v2\/media\/6670"}],"wp:attachment":[{"href":"https:\/\/www.serpromin.cl\/store\/wp-json\/wp\/v2\/media?parent=6665"}],"wp:term":[{"taxonomy":"product_brand","embeddable":true,"href":"https:\/\/www.serpromin.cl\/store\/wp-json\/wp\/v2\/product_brand?post=6665"},{"taxonomy":"product_cat","embeddable":true,"href":"https:\/\/www.serpromin.cl\/store\/wp-json\/wp\/v2\/product_cat?post=6665"},{"taxonomy":"product_tag","embeddable":true,"href":"https:\/\/www.serpromin.cl\/store\/wp-json\/wp\/v2\/product_tag?post=6665"}],"curies":[{"name":"wp","href":"https:\/\/api.w.org\/{rel}","templated":true}]}}