{"id":6648,"date":"2023-01-24T12:34:03","date_gmt":"2023-01-24T15:34:03","guid":{"rendered":"https:\/\/www.serpromin.cl\/store\/?post_type=product&#038;p=6648"},"modified":"2023-01-24T12:36:28","modified_gmt":"2023-01-24T15:36:28","slug":"adaptador-semialuminio-resistor","status":"publish","type":"product","link":"https:\/\/www.serpromin.cl\/store\/producto\/adaptador-semialuminio-resistor\/","title":{"rendered":"Adaptador Semialuminio &#8211; Resistor"},"content":{"rendered":"<p>Adaptador que sirve como soporte para protector facial, puede ser utilizado en cualquier casco de seguridad est\u00e1ndar.<br \/>\nFabricado una parte en pl\u00e1stico HDPE ultra resistente y la otra en aluminio. Esta combinaci\u00f3n de materiales permite extender la vida \u00fatil del soporte.<br \/>\nCompatible con la mayor\u00eda de las pantallas de protecci\u00f3n facial disponibles en el mercado.<br \/>\nSe instala en el casco de manera simple , r\u00e1pida y segura. No requiere de ning\u00fan tipo de herramientas.<\/p>\n","protected":false},"excerpt":{"rendered":"<p>Adaptador que sirve como soporte para protector facial, puede ser utilizado en cualquier casco de seguridad est\u00e1ndar. Fabricado una parte en pl\u00e1stico HDPE ultra resistente y la otra en aluminio. Esta combinaci\u00f3n de materiales permite extender la vida \u00fatil del soporte. Compatible con la mayor\u00eda de las pantallas de protecci\u00f3n facial disponibles en el mercado. [&#8230;]\n","protected":false},"featured_media":6649,"comment_status":"open","ping_status":"closed","template":"","meta":{"om_disable_all_campaigns":false,"_monsterinsights_skip_tracking":false,"_monsterinsights_sitenote_active":false,"_monsterinsights_sitenote_note":"","_monsterinsights_sitenote_category":0,"_uf_show_specific_survey":0,"_uf_disable_surveys":false},"product_brand":[],"product_cat":[16,22],"product_tag":[],"class_list":{"0":"post-6648","1":"product","2":"type-product","3":"status-publish","4":"has-post-thumbnail","6":"product_cat-seguridad-industrial","7":"product_cat-proteccion-visual","9":"first","10":"instock","11":"taxable","12":"shipping-taxable","13":"product-type-simple"},"_links":{"self":[{"href":"https:\/\/www.serpromin.cl\/store\/wp-json\/wp\/v2\/product\/6648","targetHints":{"allow":["GET"]}}],"collection":[{"href":"https:\/\/www.serpromin.cl\/store\/wp-json\/wp\/v2\/product"}],"about":[{"href":"https:\/\/www.serpromin.cl\/store\/wp-json\/wp\/v2\/types\/product"}],"replies":[{"embeddable":true,"href":"https:\/\/www.serpromin.cl\/store\/wp-json\/wp\/v2\/comments?post=6648"}],"wp:featuredmedia":[{"embeddable":true,"href":"https:\/\/www.serpromin.cl\/store\/wp-json\/wp\/v2\/media\/6649"}],"wp:attachment":[{"href":"https:\/\/www.serpromin.cl\/store\/wp-json\/wp\/v2\/media?parent=6648"}],"wp:term":[{"taxonomy":"product_brand","embeddable":true,"href":"https:\/\/www.serpromin.cl\/store\/wp-json\/wp\/v2\/product_brand?post=6648"},{"taxonomy":"product_cat","embeddable":true,"href":"https:\/\/www.serpromin.cl\/store\/wp-json\/wp\/v2\/product_cat?post=6648"},{"taxonomy":"product_tag","embeddable":true,"href":"https:\/\/www.serpromin.cl\/store\/wp-json\/wp\/v2\/product_tag?post=6648"}],"curies":[{"name":"wp","href":"https:\/\/api.w.org\/{rel}","templated":true}]}}