{"id":6588,"date":"2022-11-13T15:47:45","date_gmt":"2022-11-13T18:47:45","guid":{"rendered":"https:\/\/www.serpromin.cl\/store\/?post_type=product&#038;p=6588"},"modified":"2022-11-13T15:47:45","modified_gmt":"2022-11-13T18:47:45","slug":"indicador-de-giro-de-tuerca-checkpoint","status":"publish","type":"product","link":"https:\/\/www.serpromin.cl\/store\/producto\/indicador-de-giro-de-tuerca-checkpoint\/","title":{"rendered":"Indicador de Giro de Tuerca Checkpoint"},"content":{"rendered":"<p>Los indicadores de giro de tuerca, est\u00e1n dise\u00f1ados para detectar si las tuercas de las ruedas en los veh\u00edculos se han soltado y de esta manera evitar cualquier accidente.<\/p>\n<p>Fabricados en poliuretano de alta resistencia, existen de diferentes medidas para todos los tama\u00f1os de tuercas de veh\u00edculos existentes en el mercado.<\/p>\n","protected":false},"excerpt":{"rendered":"<p>Los indicadores de giro de tuerca, est\u00e1n dise\u00f1ados para detectar si las tuercas de las ruedas en los veh\u00edculos se han soltado y de esta manera evitar cualquier accidente.<\/p>\n","protected":false},"featured_media":6586,"comment_status":"open","ping_status":"closed","template":"","meta":{"om_disable_all_campaigns":false,"_monsterinsights_skip_tracking":false,"_monsterinsights_sitenote_active":false,"_monsterinsights_sitenote_note":"","_monsterinsights_sitenote_category":0,"_uf_show_specific_survey":0,"_uf_disable_surveys":false},"product_brand":[],"product_cat":[17,101],"product_tag":[],"class_list":{"0":"post-6588","1":"product","2":"type-product","3":"status-publish","4":"has-post-thumbnail","6":"product_cat-seguridad-vial","7":"product_cat-equipamiento-de-vehiculos","9":"first","10":"instock","11":"taxable","12":"shipping-taxable","13":"product-type-simple"},"_links":{"self":[{"href":"https:\/\/www.serpromin.cl\/store\/wp-json\/wp\/v2\/product\/6588","targetHints":{"allow":["GET"]}}],"collection":[{"href":"https:\/\/www.serpromin.cl\/store\/wp-json\/wp\/v2\/product"}],"about":[{"href":"https:\/\/www.serpromin.cl\/store\/wp-json\/wp\/v2\/types\/product"}],"replies":[{"embeddable":true,"href":"https:\/\/www.serpromin.cl\/store\/wp-json\/wp\/v2\/comments?post=6588"}],"wp:featuredmedia":[{"embeddable":true,"href":"https:\/\/www.serpromin.cl\/store\/wp-json\/wp\/v2\/media\/6586"}],"wp:attachment":[{"href":"https:\/\/www.serpromin.cl\/store\/wp-json\/wp\/v2\/media?parent=6588"}],"wp:term":[{"taxonomy":"product_brand","embeddable":true,"href":"https:\/\/www.serpromin.cl\/store\/wp-json\/wp\/v2\/product_brand?post=6588"},{"taxonomy":"product_cat","embeddable":true,"href":"https:\/\/www.serpromin.cl\/store\/wp-json\/wp\/v2\/product_cat?post=6588"},{"taxonomy":"product_tag","embeddable":true,"href":"https:\/\/www.serpromin.cl\/store\/wp-json\/wp\/v2\/product_tag?post=6588"}],"curies":[{"name":"wp","href":"https:\/\/api.w.org\/{rel}","templated":true}]}}