{"id":6573,"date":"2022-11-13T14:32:45","date_gmt":"2022-11-13T17:32:45","guid":{"rendered":"https:\/\/www.serpromin.cl\/store\/?post_type=product&#038;p=6573"},"modified":"2022-11-13T14:38:01","modified_gmt":"2022-11-13T17:38:01","slug":"foco-busca-caminos-led-radio-controlado","status":"publish","type":"product","link":"https:\/\/www.serpromin.cl\/store\/producto\/foco-busca-caminos-led-radio-controlado\/","title":{"rendered":"Foco Busca Caminos Led Radio Controlado"},"content":{"rendered":"<p>El foco LED busca camino es una herramienta ideal para realizar labores nocturnas, tiene base magn\u00e9tica para apoyar o apernar, por lo que lo hace un complemento ideal para transportar en el veh\u00edculo para la iluminaci\u00f3n de un objetivo espec\u00edfico.<\/p>\n<p>Especificaciones T\u00e9cnicas.<br \/>\n&#8211; Distancia de alcance: 300 metros.<br \/>\n&#8211; Fuente de alimentaci\u00f3n: Conexi\u00f3n a toma vehicular de 12V.<br \/>\n&#8211; Movimiento: hasta 360\u00b0 de rotaci\u00f3n x 120\u00b0 de inclinaci\u00f3n.<br \/>\n&#8211; Peso: 3.8klg<br \/>\n&#8211; Carcasa Termopl\u00e1stico<br \/>\n&#8211; Iluminaci\u00f3n Mediante 10 LEDS de 5w c\/u<br \/>\n&#8211; Brillo 5.000 l\u00famenes.<br \/>\n&#8211; Grado de Protecci\u00f3n IP 67<br \/>\n&#8211; Movimiento: hasta 360\u00b0 de rotaci\u00f3n x 120\u00b0 de inclinaci\u00f3n<\/p>\n<p>Fuente de Alimentaci\u00f3n<br \/>\n&#8211; Cable 15\u2019 con conector para encendedor de cigarrillos<br \/>\n&#8211; de 12 a 36 volt<\/p>\n<p>USOS: Cuadrillas de Mantenci\u00f3n El\u00e9ctrica, Veh\u00edculos que necesiten iluminar puntos espec\u00edficos y lejanos, barcos de vigilancia o pesca, uso en actividades recreativas, etc. <\/p>\n","protected":false},"excerpt":{"rendered":"<p>El foco LED busca camino es una herramienta ideal para realizar labores nocturnas.<\/p>\n","protected":false},"featured_media":6574,"comment_status":"open","ping_status":"closed","template":"","meta":{"om_disable_all_campaigns":false,"_monsterinsights_skip_tracking":false,"_monsterinsights_sitenote_active":false,"_monsterinsights_sitenote_note":"","_monsterinsights_sitenote_category":0,"_uf_show_specific_survey":0,"_uf_disable_surveys":false},"product_brand":[],"product_cat":[16,134],"product_tag":[],"class_list":{"0":"post-6573","1":"product","2":"type-product","3":"status-publish","4":"has-post-thumbnail","6":"product_cat-seguridad-industrial","7":"product_cat-iluminacion","9":"first","10":"instock","11":"taxable","12":"shipping-taxable","13":"product-type-simple"},"_links":{"self":[{"href":"https:\/\/www.serpromin.cl\/store\/wp-json\/wp\/v2\/product\/6573","targetHints":{"allow":["GET"]}}],"collection":[{"href":"https:\/\/www.serpromin.cl\/store\/wp-json\/wp\/v2\/product"}],"about":[{"href":"https:\/\/www.serpromin.cl\/store\/wp-json\/wp\/v2\/types\/product"}],"replies":[{"embeddable":true,"href":"https:\/\/www.serpromin.cl\/store\/wp-json\/wp\/v2\/comments?post=6573"}],"wp:featuredmedia":[{"embeddable":true,"href":"https:\/\/www.serpromin.cl\/store\/wp-json\/wp\/v2\/media\/6574"}],"wp:attachment":[{"href":"https:\/\/www.serpromin.cl\/store\/wp-json\/wp\/v2\/media?parent=6573"}],"wp:term":[{"taxonomy":"product_brand","embeddable":true,"href":"https:\/\/www.serpromin.cl\/store\/wp-json\/wp\/v2\/product_brand?post=6573"},{"taxonomy":"product_cat","embeddable":true,"href":"https:\/\/www.serpromin.cl\/store\/wp-json\/wp\/v2\/product_cat?post=6573"},{"taxonomy":"product_tag","embeddable":true,"href":"https:\/\/www.serpromin.cl\/store\/wp-json\/wp\/v2\/product_tag?post=6573"}],"curies":[{"name":"wp","href":"https:\/\/api.w.org\/{rel}","templated":true}]}}