{"id":6556,"date":"2022-11-09T16:11:34","date_gmt":"2022-11-09T19:11:34","guid":{"rendered":"https:\/\/www.serpromin.cl\/store\/?post_type=product&#038;p=6556"},"modified":"2022-11-09T16:12:03","modified_gmt":"2022-11-09T19:12:03","slug":"soporte-de-extintor-reforzado","status":"publish","type":"product","link":"https:\/\/www.serpromin.cl\/store\/producto\/soporte-de-extintor-reforzado\/","title":{"rendered":"Soporte de Extintor Reforzado"},"content":{"rendered":"<p>Fabricado especialmente para veh\u00edculos de alto tr\u00e1fico, mineros, industriales y emergencia los cuales est\u00e1n sujetos a vibraciones y caminos complicados. Este modelo reforzado, permite transportar el extintor seg\u00fan normativas de transporte de cilindros presurizados uso vertical.<\/p>\n<p>Descripci\u00f3n T\u00e9cnica.<br \/>\nMaterial de larga duracion.<br \/>\nincluye sistema de seguro para candado en extintor.<br \/>\nCinta de ajuste regulable a modelos de extintores de 10 kilos.<br \/>\nBase reforzada, con perforaciones para ser apernado.<br \/>\nTopes de gomas para evitar el da\u00f1o por vibraci\u00f3n en cilindro extintor.<br \/>\nCinta con eslab\u00f3n de seguridad para una r\u00e1pida respuesta.<\/p>\n","protected":false},"excerpt":{"rendered":"<p>Fabricado especialmente para veh\u00edculos de alto trafico, mineros, industriales y emergencia<\/p>\n","protected":false},"featured_media":6557,"comment_status":"open","ping_status":"closed","template":"","meta":{"om_disable_all_campaigns":false,"_monsterinsights_skip_tracking":false,"_monsterinsights_sitenote_active":false,"_monsterinsights_sitenote_note":"","_monsterinsights_sitenote_category":0,"_uf_show_specific_survey":0,"_uf_disable_surveys":false},"product_brand":[],"product_cat":[16,171],"product_tag":[],"class_list":{"0":"post-6556","1":"product","2":"type-product","3":"status-publish","4":"has-post-thumbnail","6":"product_cat-seguridad-industrial","7":"product_cat-proteccion-contra-incendio","9":"first","10":"instock","11":"taxable","12":"shipping-taxable","13":"product-type-simple"},"_links":{"self":[{"href":"https:\/\/www.serpromin.cl\/store\/wp-json\/wp\/v2\/product\/6556","targetHints":{"allow":["GET"]}}],"collection":[{"href":"https:\/\/www.serpromin.cl\/store\/wp-json\/wp\/v2\/product"}],"about":[{"href":"https:\/\/www.serpromin.cl\/store\/wp-json\/wp\/v2\/types\/product"}],"replies":[{"embeddable":true,"href":"https:\/\/www.serpromin.cl\/store\/wp-json\/wp\/v2\/comments?post=6556"}],"wp:featuredmedia":[{"embeddable":true,"href":"https:\/\/www.serpromin.cl\/store\/wp-json\/wp\/v2\/media\/6557"}],"wp:attachment":[{"href":"https:\/\/www.serpromin.cl\/store\/wp-json\/wp\/v2\/media?parent=6556"}],"wp:term":[{"taxonomy":"product_brand","embeddable":true,"href":"https:\/\/www.serpromin.cl\/store\/wp-json\/wp\/v2\/product_brand?post=6556"},{"taxonomy":"product_cat","embeddable":true,"href":"https:\/\/www.serpromin.cl\/store\/wp-json\/wp\/v2\/product_cat?post=6556"},{"taxonomy":"product_tag","embeddable":true,"href":"https:\/\/www.serpromin.cl\/store\/wp-json\/wp\/v2\/product_tag?post=6556"}],"curies":[{"name":"wp","href":"https:\/\/api.w.org\/{rel}","templated":true}]}}