{"id":6552,"date":"2022-11-09T16:01:59","date_gmt":"2022-11-09T19:01:59","guid":{"rendered":"https:\/\/www.serpromin.cl\/store\/?post_type=product&#038;p=6552"},"modified":"2022-11-09T16:02:00","modified_gmt":"2022-11-09T19:02:00","slug":"extintor-co2-fuegos-clase-bc","status":"publish","type":"product","link":"https:\/\/www.serpromin.cl\/store\/producto\/extintor-co2-fuegos-clase-bc\/","title":{"rendered":"Extintor CO2 Fuegos Clase BC"},"content":{"rendered":"<p>Nuestro extintor de di\u00f3xido de carbono, se descarga como una nube blanca que apaga el fuego mediante la eliminaci\u00f3n del ox\u00edgeno. Es un gas limpio, no contaminante, no posee olor y no deja residuos. Indicado contra incendios clase BC, ideal para incidentes el\u00e9ctricos. Este extintor puede ser utilizado en l\u00edquidos, gases inflamables y equipos energizados. NO es conductor de electricidad, extingue el fuego desplazando el ox\u00edgeno. Contraindicado su uso en espacios reducidos, cerrados o confinados. Se recomienda su uso en instalaciones el\u00e9ctricas, industrias, bodegas, oficinas, servicentros y empresas que tengan m\u00e1quinas o equipos el\u00e9ctricos.<\/p>\n<p>Disponible en Tama\u00f1os:<br \/>\n2 Kilos<br \/>\n5 Kilos<br \/>\n6 Kilos<\/p>\n","protected":false},"excerpt":{"rendered":"<p>Nuestro extintor de di\u00f3xido de carbono, se descarga como una nube blanca que apaga el fuego mediante la eliminaci\u00f3n del ox\u00edgeno. Es un gas limpio, no contaminante, no posee olor y no deja residuos. Indicado contra incendios clase BC<\/p>\n","protected":false},"featured_media":6553,"comment_status":"open","ping_status":"closed","template":"","meta":{"om_disable_all_campaigns":false,"_monsterinsights_skip_tracking":false,"_monsterinsights_sitenote_active":false,"_monsterinsights_sitenote_note":"","_monsterinsights_sitenote_category":0,"_uf_show_specific_survey":0,"_uf_disable_surveys":false},"product_brand":[],"product_cat":[16,171],"product_tag":[],"class_list":{"0":"post-6552","1":"product","2":"type-product","3":"status-publish","4":"has-post-thumbnail","6":"product_cat-seguridad-industrial","7":"product_cat-proteccion-contra-incendio","9":"first","10":"instock","11":"taxable","12":"shipping-taxable","13":"product-type-simple"},"_links":{"self":[{"href":"https:\/\/www.serpromin.cl\/store\/wp-json\/wp\/v2\/product\/6552","targetHints":{"allow":["GET"]}}],"collection":[{"href":"https:\/\/www.serpromin.cl\/store\/wp-json\/wp\/v2\/product"}],"about":[{"href":"https:\/\/www.serpromin.cl\/store\/wp-json\/wp\/v2\/types\/product"}],"replies":[{"embeddable":true,"href":"https:\/\/www.serpromin.cl\/store\/wp-json\/wp\/v2\/comments?post=6552"}],"wp:featuredmedia":[{"embeddable":true,"href":"https:\/\/www.serpromin.cl\/store\/wp-json\/wp\/v2\/media\/6553"}],"wp:attachment":[{"href":"https:\/\/www.serpromin.cl\/store\/wp-json\/wp\/v2\/media?parent=6552"}],"wp:term":[{"taxonomy":"product_brand","embeddable":true,"href":"https:\/\/www.serpromin.cl\/store\/wp-json\/wp\/v2\/product_brand?post=6552"},{"taxonomy":"product_cat","embeddable":true,"href":"https:\/\/www.serpromin.cl\/store\/wp-json\/wp\/v2\/product_cat?post=6552"},{"taxonomy":"product_tag","embeddable":true,"href":"https:\/\/www.serpromin.cl\/store\/wp-json\/wp\/v2\/product_tag?post=6552"}],"curies":[{"name":"wp","href":"https:\/\/api.w.org\/{rel}","templated":true}]}}