{"id":6549,"date":"2022-11-09T15:57:34","date_gmt":"2022-11-09T18:57:34","guid":{"rendered":"https:\/\/www.serpromin.cl\/store\/?post_type=product&#038;p=6549"},"modified":"2022-11-09T15:57:34","modified_gmt":"2022-11-09T18:57:34","slug":"extintor-pqs-fuegos-abc","status":"publish","type":"product","link":"https:\/\/www.serpromin.cl\/store\/producto\/extintor-pqs-fuegos-abc\/","title":{"rendered":"Extintor PQS Fuegos ABC"},"content":{"rendered":"<p>Los extintores port\u00e1tiles ABC han sido dise\u00f1ados para cumplir con lo exigido por el actual Decreto Supremo N\u00b044 del Ministerio de econom\u00eda y fomento a la construcci\u00f3n, tienen la capacidad de extinguir fuegos producidos por combustibles s\u00f3lidos comunes, tales como, madera, productos textiles, papel, caucho y pl\u00e1sticos, l\u00edquidos inflamables, l\u00edquidos combustibles, grasas de petr\u00f3leo, alquitranes, aceites, pinturas al aceite, solventes, lacas, barnices, alcoholes, gases inflamables y fuegos que involucran instalaciones y equipos el\u00e9ctricos energizados. Este agente apaga el fuego en primera instancia desplazando el ox\u00edgeno del \u00e1rea, cambiando su estado f\u00edsico a cristales l\u00edquidos, disminuyendo la temperatura y evitando la reignici\u00f3n al penetrar las brasas hasta formar una pel\u00edcula aislante al ox\u00edgeno.<\/p>\n<p>Usos previstos: \u00e1reas grandes y locales donde se encuentren equipos de alto valor. Especialmente en constructoras, petroquimicas, camiones, buses, hospitales, escuelas, comercios, industrias, bodegas, miner\u00edas, supermercados, etc<\/p>\n<p>Clasificaci\u00f3n de extinci\u00f3n para fuegos ABC.<\/p>\n<p>Agente de extinci\u00f3n: polvo qu\u00edmico seco.<br \/>\nAgente qu\u00edmico: fosfato mono am\u00f3nico al 75%<br \/>\nAgente impulsor:  N2 (Nitr\u00f3geno)<\/p>\n<p>Certificaci\u00f3n Nacional.<\/p>\n<p>Disponible en Tama\u00f1os de:<br \/>\n1 Kilo<br \/>\n2 Kilos<br \/>\n4 Kilos<br \/>\n6 Kilos<br \/>\n10 Kilos<\/p>\n","protected":false},"excerpt":{"rendered":"<p>Los extintores port\u00e1tiles ABC han sido dise\u00f1ados para cumplir con lo exigido por el actual Decreto Supremo N\u00b044 del Ministerio de econom\u00eda y fomento a la construcci\u00f3n<\/p>\n","protected":false},"featured_media":6551,"comment_status":"open","ping_status":"closed","template":"","meta":{"om_disable_all_campaigns":false,"_monsterinsights_skip_tracking":false,"_monsterinsights_sitenote_active":false,"_monsterinsights_sitenote_note":"","_monsterinsights_sitenote_category":0,"_uf_show_specific_survey":0,"_uf_disable_surveys":false},"product_brand":[],"product_cat":[16,171],"product_tag":[],"class_list":{"0":"post-6549","1":"product","2":"type-product","3":"status-publish","4":"has-post-thumbnail","6":"product_cat-seguridad-industrial","7":"product_cat-proteccion-contra-incendio","9":"first","10":"instock","11":"taxable","12":"shipping-taxable","13":"product-type-simple"},"_links":{"self":[{"href":"https:\/\/www.serpromin.cl\/store\/wp-json\/wp\/v2\/product\/6549","targetHints":{"allow":["GET"]}}],"collection":[{"href":"https:\/\/www.serpromin.cl\/store\/wp-json\/wp\/v2\/product"}],"about":[{"href":"https:\/\/www.serpromin.cl\/store\/wp-json\/wp\/v2\/types\/product"}],"replies":[{"embeddable":true,"href":"https:\/\/www.serpromin.cl\/store\/wp-json\/wp\/v2\/comments?post=6549"}],"wp:featuredmedia":[{"embeddable":true,"href":"https:\/\/www.serpromin.cl\/store\/wp-json\/wp\/v2\/media\/6551"}],"wp:attachment":[{"href":"https:\/\/www.serpromin.cl\/store\/wp-json\/wp\/v2\/media?parent=6549"}],"wp:term":[{"taxonomy":"product_brand","embeddable":true,"href":"https:\/\/www.serpromin.cl\/store\/wp-json\/wp\/v2\/product_brand?post=6549"},{"taxonomy":"product_cat","embeddable":true,"href":"https:\/\/www.serpromin.cl\/store\/wp-json\/wp\/v2\/product_cat?post=6549"},{"taxonomy":"product_tag","embeddable":true,"href":"https:\/\/www.serpromin.cl\/store\/wp-json\/wp\/v2\/product_tag?post=6549"}],"curies":[{"name":"wp","href":"https:\/\/api.w.org\/{rel}","templated":true}]}}