{"id":6533,"date":"2022-11-04T12:41:47","date_gmt":"2022-11-04T15:41:47","guid":{"rendered":"https:\/\/www.serpromin.cl\/store\/?post_type=product&#038;p=6533"},"modified":"2022-11-04T12:41:47","modified_gmt":"2022-11-04T15:41:47","slug":"bolso-paramedico-trauma-plus-tm","status":"publish","type":"product","link":"https:\/\/www.serpromin.cl\/store\/producto\/bolso-paramedico-trauma-plus-tm\/","title":{"rendered":"Bolso Param\u00e9dico Trauma Plus TM"},"content":{"rendered":"<p>El bolso Param\u00e9dico trauma Plus  TM, posee una gran capacidad de almacenamiento. Esta dise\u00f1ado para tener una \u00f3ptima<br \/>\norganizaci\u00f3n del instrumental e insumos m\u00e9dicos para una primera intervenci\u00f3n, adem\u00e1s de un f\u00e1cil acceso a estos, ante una situaci\u00f3n de emergencia.<\/p>\n<p>Posee en su exterior cinta reflectante High Visi\u00f3n Reflectiva d\u00eda\/noche.<\/p>\n<p>Dimensiones: 44 x 30 x 32 cms.<\/p>\n","protected":false},"excerpt":{"rendered":"<p>El bolso Param\u00e9dico trauma Plus  TM, posee una gran capacidad de almacenamiento. Est\u00e1 dise\u00f1ado para tener una \u00f3ptima<br \/>\norganizaci\u00f3n del instrumental e insumos m\u00e9dicos para una primera intervenci\u00f3n<\/p>\n","protected":false},"featured_media":6534,"comment_status":"open","ping_status":"closed","template":"","meta":{"om_disable_all_campaigns":false,"_monsterinsights_skip_tracking":false,"_monsterinsights_sitenote_active":false,"_monsterinsights_sitenote_note":"","_monsterinsights_sitenote_category":0,"_uf_show_specific_survey":0,"_uf_disable_surveys":false},"product_brand":[],"product_cat":[28,16],"product_tag":[],"class_list":{"0":"post-6533","1":"product","2":"type-product","3":"status-publish","4":"has-post-thumbnail","6":"product_cat-primeros-auxilios-y-rescate","7":"product_cat-seguridad-industrial","9":"first","10":"instock","11":"taxable","12":"shipping-taxable","13":"product-type-simple"},"_links":{"self":[{"href":"https:\/\/www.serpromin.cl\/store\/wp-json\/wp\/v2\/product\/6533","targetHints":{"allow":["GET"]}}],"collection":[{"href":"https:\/\/www.serpromin.cl\/store\/wp-json\/wp\/v2\/product"}],"about":[{"href":"https:\/\/www.serpromin.cl\/store\/wp-json\/wp\/v2\/types\/product"}],"replies":[{"embeddable":true,"href":"https:\/\/www.serpromin.cl\/store\/wp-json\/wp\/v2\/comments?post=6533"}],"wp:featuredmedia":[{"embeddable":true,"href":"https:\/\/www.serpromin.cl\/store\/wp-json\/wp\/v2\/media\/6534"}],"wp:attachment":[{"href":"https:\/\/www.serpromin.cl\/store\/wp-json\/wp\/v2\/media?parent=6533"}],"wp:term":[{"taxonomy":"product_brand","embeddable":true,"href":"https:\/\/www.serpromin.cl\/store\/wp-json\/wp\/v2\/product_brand?post=6533"},{"taxonomy":"product_cat","embeddable":true,"href":"https:\/\/www.serpromin.cl\/store\/wp-json\/wp\/v2\/product_cat?post=6533"},{"taxonomy":"product_tag","embeddable":true,"href":"https:\/\/www.serpromin.cl\/store\/wp-json\/wp\/v2\/product_tag?post=6533"}],"curies":[{"name":"wp","href":"https:\/\/api.w.org\/{rel}","templated":true}]}}